{"id":1618,"date":"2024-04-26T05:00:44","date_gmt":"2024-04-26T05:00:44","guid":{"rendered":"https:\/\/kolibrici.hr\/index.php\/parkiranje-izvan-posebno-2\/"},"modified":"2024-04-26T05:01:43","modified_gmt":"2024-04-26T05:01:43","slug":"parkiranje-izvan-posebno-2","status":"publish","type":"page","link":"https:\/\/kolibrici.hr\/index.php\/parkiranje-izvan-posebno-2\/","title":{"rendered":"Parkiranje izvan posebno"},"content":{"rendered":"<div class=\"\" style=\"\" >\n  \n    <section class=\"u-align-left u-clearfix u-section-1\" id=\"sec-53d6\">\n      <div class=\"u-clearfix u-sheet u-valign-middle u-sheet-1\">\n        <div class=\"fr-view u-clearfix u-rich-text u-text u-text-1\">\n          <h1 style=\"text-align: left;\">\n            <span class=\"u-text-custom-color-1\">PARKIRANJE IZVAN POSEBNO OZNA\u010cENIH MJESTA (VRIJEDI ZA GRAD ZAGREB)<\/span>\n          <\/h1>\n          <p id=\"isPasted\">\n            <br>\n          <\/p>\n          <p>Sukladno Odluci o organizaciji i na\u010dinu naplate parkiranja (Slu\u017ebeni glasnik 12\/11, Grad Zagreb), &nbsp;osobe s invaliditetom, koje su korisnici znaka pristupa\u010dnosti, bez naknade svoje vozilo mogu parkirati, osim na posebno obilje\u017eenim mjestima rezerviranim za parkiranje vozila osoba s invaliditetom, i na javnim parkirali\u0161tima u parkirali\u0161nim zonama naplate, ali najdu\u017ee 2 sata tijekom jednog dana.<\/p>\n          <p>Ovo pravo korisnik znaka pristupa\u010dnosti mo\u017ee ostvariti uz uvjet da uz va\u017ee\u0107i znak pristupa\u010dnosti istakne i va\u017ee\u0107u naljepnicu koju izdaje organizator parkiranja (Zagrebparking, \u0160ubi\u0107eva 40\/III). Potrebno im je dostaviti presliku rje\u0161enja na temelju kojeg je isho\u0111en znak pristupa\u010dnosti, prometnu dozvolu, osobnu iskaznicu i znak pristupa\u010dnosti. Naljepnica vrijedi jednu godinu, a tro\u0161ak izrade i izdavanja iste je 30,00 kn.Pravo na ostvarivanje ove pogodnosti mo\u0107i \u0107e ostvariti sve osobe koje posjeduju va\u017ee\u0107i znak pristupa\u010dnosti, bez obzira na to imaju li prebivali\u0161te ili boravi\u0161te u Gradu Zagrebu<\/p>\n          <p>.Osoba u \u010diju korist je naljepnica izdana mo\u017ee zatra\u017eiti da se odobri izdavanje naljepnice za drugo vozilo (drugu registarsku oznaku), \u0161to se smatra novim izdavanjem<\/p>\n        <\/div>\n      <\/div>\n    <\/section>\n    \n    \n    \n    \n  \n<\/div>","protected":false},"excerpt":{"rendered":"<p>PARKIRANJE IZVAN POSEBNO OZNA\u010cENIH MJESTA (VRIJEDI ZA GRAD ZAGREB) Sukladno Odluci o organizaciji i na\u010dinu naplate parkiranja (Slu\u017ebeni glasnik 12\/11, Grad Zagreb), &nbsp;osobe s invaliditetom, koje su korisnici znaka pristupa\u010dnosti, bez naknade svoje vozilo mogu parkirati, osim na posebno obilje\u017eenim mjestima rezerviranim za parkiranje vozila osoba s invaliditetom, i na javnim parkirali\u0161tima u parkirali\u0161nim zonama [&hellip;]<\/p>\n","protected":false},"author":1,"featured_media":0,"parent":0,"menu_order":5,"comment_status":"closed","ping_status":"closed","template":"","meta":{"footnotes":""},"_links":{"self":[{"href":"https:\/\/kolibrici.hr\/index.php\/wp-json\/wp\/v2\/pages\/1618"}],"collection":[{"href":"https:\/\/kolibrici.hr\/index.php\/wp-json\/wp\/v2\/pages"}],"about":[{"href":"https:\/\/kolibrici.hr\/index.php\/wp-json\/wp\/v2\/types\/page"}],"author":[{"embeddable":true,"href":"https:\/\/kolibrici.hr\/index.php\/wp-json\/wp\/v2\/users\/1"}],"replies":[{"embeddable":true,"href":"https:\/\/kolibrici.hr\/index.php\/wp-json\/wp\/v2\/comments?post=1618"}],"version-history":[{"count":1,"href":"https:\/\/kolibrici.hr\/index.php\/wp-json\/wp\/v2\/pages\/1618\/revisions"}],"predecessor-version":[{"id":1755,"href":"https:\/\/kolibrici.hr\/index.php\/wp-json\/wp\/v2\/pages\/1618\/revisions\/1755"}],"wp:attachment":[{"href":"https:\/\/kolibrici.hr\/index.php\/wp-json\/wp\/v2\/media?parent=1618"}],"curies":[{"name":"wp","href":"https:\/\/api.w.org\/{rel}","templated":true}]}}