{"id":1624,"date":"2024-04-26T05:00:50","date_gmt":"2024-04-26T05:00:50","guid":{"rendered":"https:\/\/kolibrici.hr\/index.php\/novcana-pomoc-korisnicima-2\/"},"modified":"2024-04-26T05:01:44","modified_gmt":"2024-04-26T05:01:44","slug":"novcana-pomoc-korisnicima-2","status":"publish","type":"page","link":"https:\/\/kolibrici.hr\/index.php\/novcana-pomoc-korisnicima-2\/","title":{"rendered":"Nov\u010dana pomo\u0107 (korisnicima"},"content":{"rendered":"<div class=\"\" style=\"\" >\n  \n    <section class=\"u-align-left u-clearfix u-section-1\" id=\"sec-462d\">\n      <div class=\"u-clearfix u-sheet u-valign-middle u-sheet-1\">\n        <div class=\"fr-view u-clearfix u-rich-text u-text u-text-1\">\n          <h1 style=\"text-align: left;\">\n            <span class=\"u-text-palette-3-base\">Nov\u010dana pomo\u0107 (korisnicima doplatka za pomo\u0107 i njegu i korisnicima osobne invalidnine-grad Zagreb)<\/span>\n          <\/h1>\n          <p id=\"isPasted\">\n            <span>\n              <span class=\"u-text-palette-3-base\">Korisnicima doplatka za pomo\u0107 i njegu i korisnicima osobne invalidnine-grad Zagreb<\/span>\n            <\/span>\n          <\/p>\n          <p>Pravo na nov\u010danu pomo\u0107 korisnicima doplatka za pomo\u0107 i njegu i korisnicima osobne invalidnine, ostvaruju korisnici doplatka za pomo\u0107 i njegu i korisnici osobne invalidnine utvr\u0111eni prema Zakonu o socijalnoj skrbi. Radi ostvarivanja prava na nov\u010danu pomo\u0107 korisnici se razvrstavaju u dvije skupine:<\/p>\n          <table style=\"box-sizing: border-box; margin: 0px 0px 20px; padding: 0px; border: 0px rgb(0, 0, 0); font-style: normal; font-variant-ligatures: normal; font-variant-caps: normal; font-variant-numeric: inherit; font-variant-east-asian: inherit; font-weight: 400; font-stretch: inherit; font-size: 13px; line-height: inherit; font-family: &quot;open sans&quot;, Helvetica, Arial, sans-serif; vertical-align: baseline; border-collapse: collapse; border-spacing: 0px; width: 1210px; background: rgb(255, 255, 255); color: rgb(0, 0, 0); letter-spacing: normal; orphans: 2; text-align: start; text-transform: none; white-space: normal; widows: 2; word-spacing: 0px; -webkit-text-stroke-width: 0px; text-decoration-thickness: initial; text-decoration-style: initial; text-decoration-color: initial;\" width=\"100%\">\n            <tbody style=\"box-sizing: border-box; margin: 0px; padding: 0px; border: 0px rgb(0, 0, 0); font: inherit; vertical-align: baseline;\">\n              <tr style=\"box-sizing: border-box; margin: 0px; padding: 0px; border: 0px rgb(0, 0, 0); font: inherit; vertical-align: baseline; background: rgb(255, 255, 255);\">\n                <td style=\"box-sizing: border-box; margin: 0px; padding: 9px 12px; border: 1px solid rgb(0, 0, 0); font-style: inherit; font-variant: inherit; font-weight: inherit; font-stretch: inherit; font-size: 13px; line-height: inherit; font-family: inherit; vertical-align: baseline;\" width=\"100\">SKUPINA<\/td>\n                <td style=\"box-sizing: border-box; margin: 0px; padding: 9px 12px; border-top: 1px solid rgb(0, 0, 0); border-right: 1px solid rgb(0, 0, 0); border-bottom: 1px solid rgb(0, 0, 0); border-left: none rgb(0, 0, 0); border-image: initial; font-style: inherit; font-variant: inherit; font-weight: inherit; font-stretch: inherit; font-size: 13px; line-height: inherit; font-family: inherit; vertical-align: baseline;\" width=\"321\">KORISNICI DOPLATKA ZA POMO\u0106 I NJEGU ILI<br style=\"box-sizing: border-box;\">KORISNICI OSOBNE INVALIDNINE\n                <\/td>\n                <td style=\"box-sizing: border-box; margin: 0px; padding: 9px 12px; border-top: 1px solid rgb(0, 0, 0); border-right: 1px solid rgb(0, 0, 0); border-bottom: 1px solid rgb(0, 0, 0); border-left: none rgb(0, 0, 0); border-image: initial; font-style: inherit; font-variant: inherit; font-weight: inherit; font-stretch: inherit; font-size: 13px; line-height: inherit; font-family: inherit; vertical-align: baseline;\" width=\"195\">IZNOS NOV\u010cANE POMO\u0106I<br style=\"box-sizing: border-box;\">MJESE\u010cNO\n                <\/td>\n              <\/tr>\n              <tr style=\"box-sizing: border-box; margin: 0px; padding: 0px; border: 0px rgb(0, 0, 0); font: inherit; vertical-align: baseline; background-color: rgb(248, 248, 248); color: rgb(141, 141, 141);\">\n                <td style=\"box-sizing: border-box; margin: 0px; padding: 9px 12px; border-top: none rgb(0, 0, 0); border-right: 1px solid rgb(0, 0, 0); border-bottom: 1px solid rgb(0, 0, 0); border-left: 1px solid rgb(0, 0, 0); border-image: initial; font-style: inherit; font-variant: inherit; font-weight: inherit; font-stretch: inherit; font-size: 13px; line-height: inherit; font-family: inherit; vertical-align: baseline;\">I.<\/td>\n                <td style=\"box-sizing: border-box; margin: 0px; padding: 9px 12px; border-top: none rgb(0, 0, 0); border-right: 1px solid rgb(0, 0, 0); border-bottom: 1px solid rgb(0, 0, 0); border-left: none rgb(0, 0, 0); border-image: initial; font-style: inherit; font-variant: inherit; font-weight: inherit; font-stretch: inherit; font-size: 13px; line-height: inherit; font-family: inherit; vertical-align: baseline;\">u punom iznosu<\/td>\n                <td style=\"box-sizing: border-box; margin: 0px; padding: 9px 12px; border-top: none rgb(0, 0, 0); border-right: 1px solid rgb(0, 0, 0); border-bottom: 1px solid rgb(0, 0, 0); border-left: none rgb(0, 0, 0); border-image: initial; font-style: inherit; font-variant: inherit; font-weight: inherit; font-stretch: inherit; font-size: 13px; line-height: inherit; font-family: inherit; vertical-align: baseline;\">200,00 kn<\/td>\n              <\/tr>\n              <tr style=\"box-sizing: border-box; margin: 0px; padding: 0px; border: 0px rgb(0, 0, 0); font: inherit; vertical-align: baseline; background: rgb(255, 255, 255);\">\n                <td style=\"box-sizing: border-box; margin: 0px; padding: 9px 12px; border-top: none rgb(0, 0, 0); border-right: 1px solid rgb(0, 0, 0); border-bottom: 1px solid rgb(0, 0, 0); border-left: 1px solid rgb(0, 0, 0); border-image: initial; font-style: inherit; font-variant: inherit; font-weight: inherit; font-stretch: inherit; font-size: 13px; line-height: inherit; font-family: inherit; vertical-align: baseline;\">II.<\/td>\n                <td style=\"box-sizing: border-box; margin: 0px; padding: 9px 12px; border-top: none rgb(0, 0, 0); border-right: 1px solid rgb(0, 0, 0); border-bottom: 1px solid rgb(0, 0, 0); border-left: none rgb(0, 0, 0); border-image: initial; font-style: inherit; font-variant: inherit; font-weight: inherit; font-stretch: inherit; font-size: 13px; line-height: inherit; font-family: inherit; vertical-align: baseline;\">u smanjenom iznosu<\/td>\n                <td style=\"box-sizing: border-box; margin: 0px; padding: 9px 12px; border-top: none rgb(0, 0, 0); border-right: 1px solid rgb(0, 0, 0); border-bottom: 1px solid rgb(0, 0, 0); border-left: none rgb(0, 0, 0); border-image: initial; font-style: inherit; font-variant: inherit; font-weight: inherit; font-stretch: inherit; font-size: 13px; line-height: inherit; font-family: inherit; vertical-align: baseline;\">100,00 kn<\/td>\n              <\/tr>\n            <\/tbody>\n          <\/table>\n          <p>Postupak za utvr\u0111ivanje prava na ovu nov\u010danu pomo\u0107 pokre\u0107e se podno\u0161enjem zahtjeva u Odjelu za socijalnu skrb, prema prebivali\u0161tu.<\/p>\n          <p>&nbsp;<\/p>\n        <\/div>\n      <\/div>\n    <\/section>\n    \n    \n    \n    \n  \n<\/div>","protected":false},"excerpt":{"rendered":"<p>Nov\u010dana pomo\u0107 (korisnicima doplatka za pomo\u0107 i njegu i korisnicima osobne invalidnine-grad Zagreb) Korisnicima doplatka za pomo\u0107 i njegu i korisnicima osobne invalidnine-grad Zagreb Pravo na nov\u010danu pomo\u0107 korisnicima doplatka za pomo\u0107 i njegu i korisnicima osobne invalidnine, ostvaruju korisnici doplatka za pomo\u0107 i njegu i korisnici osobne invalidnine utvr\u0111eni prema Zakonu o socijalnoj skrbi. [&hellip;]<\/p>\n","protected":false},"author":1,"featured_media":0,"parent":0,"menu_order":11,"comment_status":"closed","ping_status":"closed","template":"","meta":{"footnotes":""},"_links":{"self":[{"href":"https:\/\/kolibrici.hr\/index.php\/wp-json\/wp\/v2\/pages\/1624"}],"collection":[{"href":"https:\/\/kolibrici.hr\/index.php\/wp-json\/wp\/v2\/pages"}],"about":[{"href":"https:\/\/kolibrici.hr\/index.php\/wp-json\/wp\/v2\/types\/page"}],"author":[{"embeddable":true,"href":"https:\/\/kolibrici.hr\/index.php\/wp-json\/wp\/v2\/users\/1"}],"replies":[{"embeddable":true,"href":"https:\/\/kolibrici.hr\/index.php\/wp-json\/wp\/v2\/comments?post=1624"}],"version-history":[{"count":1,"href":"https:\/\/kolibrici.hr\/index.php\/wp-json\/wp\/v2\/pages\/1624\/revisions"}],"predecessor-version":[{"id":1761,"href":"https:\/\/kolibrici.hr\/index.php\/wp-json\/wp\/v2\/pages\/1624\/revisions\/1761"}],"wp:attachment":[{"href":"https:\/\/kolibrici.hr\/index.php\/wp-json\/wp\/v2\/media?parent=1624"}],"curies":[{"name":"wp","href":"https:\/\/api.w.org\/{rel}","templated":true}]}}