{"id":1627,"date":"2024-04-26T05:00:53","date_gmt":"2024-04-26T05:00:53","guid":{"rendered":"https:\/\/kolibrici.hr\/index.php\/platnena-vrecica-2\/"},"modified":"2024-04-26T05:01:45","modified_gmt":"2024-04-26T05:01:45","slug":"platnena-vrecica-2","status":"publish","type":"page","link":"https:\/\/kolibrici.hr\/index.php\/platnena-vrecica-2\/","title":{"rendered":"Platnena vre\u010dica"},"content":{"rendered":"<div class=\"\" style=\"\" >\n  \n    <section class=\"u-clearfix u-section-1\" id=\"sec-84e3\">\n      <div class=\"u-clearfix u-sheet u-sheet-1\"><\/div>\n    <\/section>\n    <section class=\"u-clearfix u-grey-10 u-section-2\" id=\"sec-4a20\">\n      <div class=\"u-clearfix u-sheet u-sheet-1\">\n        <div class=\"u-clearfix u-expanded-width u-gutter-18 u-layout-wrap u-layout-wrap-1\">\n          <div class=\"u-gutter-0 u-layout\">\n            <div class=\"u-layout-row\">\n              <div class=\"u-size-30 u-size-60-md\">\n                <div class=\"u-layout-row\">\n                  <div class=\"u-align-left u-container-style u-image u-layout-cell u-left-cell u-size-60 u-image-1\" src=\"\" data-image-width=\"761\" data-image-height=\"944\" style=\"background-image: url(&quot;https:\/\/kolibrici.hr\/wp-content\/uploads\/2024\/04\/WhatsAppSlika2022-12-17u23.36.17.jpg&quot;);\">\n                    <div class=\"u-container-layout u-valign-middle u-container-layout-1\" src=\"\"><\/div>\n                  <\/div>\n                <\/div>\n              <\/div>\n              <div class=\"u-size-30 u-size-60-md\">\n                <div class=\"u-layout-col\">\n                  <div class=\"u-align-left u-container-style u-image u-layout-cell u-right-cell u-size-40 u-image-2\" data-image-width=\"768\" data-image-height=\"1024\" style=\"background-image: url(&quot;https:\/\/kolibrici.hr\/wp-content\/uploads\/2024\/04\/WhatsAppSlika2022-12-18u00.26.06.jpg&quot;);\">\n                    <div class=\"u-container-layout u-valign-middle u-container-layout-2\" src=\"\"><\/div>\n                  <\/div>\n                  <div class=\"u-align-left u-container-style u-layout-cell u-right-cell u-size-20 u-white u-layout-cell-3\" src=\"\">\n                    <div class=\"u-container-layout u-container-layout-3\">\n                      <h2 class=\"u-text u-text-default u-text-palette-3-base u-text-1\">Platnena vre\u010dica<\/h2>\n                      <p class=\"u-text u-text-2\">Platnene pamu\u010dne vre\u010dice sa 5 razli\u010ditih dizajna.&nbsp;<br>4 natural sa slikama iz slikovnice, te crna sa za\u0161titnim znakom, kolibri\u0107em.<br>\n                        <br>Poklon uz donaciju 60kn\/7,69\u20ac\n                      <\/p>\n                    <\/div>\n                  <\/div>\n                <\/div>\n              <\/div>\n            <\/div>\n          <\/div>\n        <\/div>\n      <\/div>\n    <\/section>\n    \n    \n    \n    \n  \n<\/div>","protected":false},"excerpt":{"rendered":"<p>Platnena vre\u010dica Platnene pamu\u010dne vre\u010dice sa 5 razli\u010ditih dizajna.&nbsp;4 natural sa slikama iz slikovnice, te crna sa za\u0161titnim znakom, kolibri\u0107em. Poklon uz donaciju 60kn\/7,69\u20ac<\/p>\n","protected":false},"author":1,"featured_media":0,"parent":0,"menu_order":14,"comment_status":"closed","ping_status":"closed","template":"","meta":{"footnotes":""},"_links":{"self":[{"href":"https:\/\/kolibrici.hr\/index.php\/wp-json\/wp\/v2\/pages\/1627"}],"collection":[{"href":"https:\/\/kolibrici.hr\/index.php\/wp-json\/wp\/v2\/pages"}],"about":[{"href":"https:\/\/kolibrici.hr\/index.php\/wp-json\/wp\/v2\/types\/page"}],"author":[{"embeddable":true,"href":"https:\/\/kolibrici.hr\/index.php\/wp-json\/wp\/v2\/users\/1"}],"replies":[{"embeddable":true,"href":"https:\/\/kolibrici.hr\/index.php\/wp-json\/wp\/v2\/comments?post=1627"}],"version-history":[{"count":1,"href":"https:\/\/kolibrici.hr\/index.php\/wp-json\/wp\/v2\/pages\/1627\/revisions"}],"predecessor-version":[{"id":1764,"href":"https:\/\/kolibrici.hr\/index.php\/wp-json\/wp\/v2\/pages\/1627\/revisions\/1764"}],"wp:attachment":[{"href":"https:\/\/kolibrici.hr\/index.php\/wp-json\/wp\/v2\/media?parent=1627"}],"curies":[{"name":"wp","href":"https:\/\/api.w.org\/{rel}","templated":true}]}}