{"id":1628,"date":"2024-04-26T05:00:54","date_gmt":"2024-04-26T05:00:54","guid":{"rendered":"https:\/\/kolibrici.hr\/index.php\/jednokratna-naknada-2\/"},"modified":"2024-04-26T05:01:45","modified_gmt":"2024-04-26T05:01:45","slug":"jednokratna-naknada-2","status":"publish","type":"page","link":"https:\/\/kolibrici.hr\/index.php\/jednokratna-naknada-2\/","title":{"rendered":"Jednokratna naknada"},"content":{"rendered":"<div class=\"\" style=\"\" >\n  \n    <section class=\"u-align-left u-clearfix u-section-1\" id=\"sec-ca5d\">\n      <div class=\"u-clearfix u-sheet u-valign-middle u-sheet-1\">\n        <div class=\"fr-view u-clearfix u-rich-text u-text u-text-1\">\n          <h1 style=\"text-align: left;\">\n            <span style=\"line-height: 2.0;\">Jednokratna naknada<\/span>\n          <\/h1>\n          <p id=\"isPasted\">Jednokratna naknada priznaje se kao pravo na nov\u010danu naknadu ili kao pravo na naknadu u naravi, ukoliko Centar za socijalnu skrb utvrdi da postoji osnovana pretpostavka da korisnik naknadu ne\u0107e koristiti namjenski<\/p>\n          <p>\n            <span class=\"u-text-palette-3-base\" style=\"font-weight: 700;\">Jednokratna naknada priznaje se:<\/span>\n          <\/p>\n          <ul>\n            <li>samcu ili ku\u0107anstvu koje zbog materijalnih te\u0161ko\u0107a nije u mogu\u0107nosti podmiriti osnovne \u017eivotne potrebe nastale zbog ro\u0111enja ili \u0161kolovanja djeteta, bolesti ili smrti \u010dlana obitelji, elementarne nepogode i sl.<\/li>\n            <li>obitelji zbog nabave osnovnih predmeta u ku\u0107anstvu ili nabave nu\u017ene odje\u0107e i obu\u0107e<\/li>\n            <li>korisniku prava na smje\u0161taj u udomiteljsku obitelj koji je u\u010denik osnovne ili srednje \u0161kole za kupnju obveznih \u0161kolskih ud\u017ebenika, ako to pravo ne ostvaruje po drugoj osnovi<\/li>\n            <li>korisnicima privremenog smje\u0161taja u kriznim situacijama radi naknade tro\u0161kova prijevoza u mjesto prebivali\u0161ta, vlastitu ili udomiteljsku obitelj, dom socijalne skrbi, kod drugog pru\u017eatelja usluge odnosno drugu ustanovu<\/li>\n            <li>Centar za socijalnu skrb mo\u017ee iznimno priznati jednokratnu naknadu korisnicima usluge smje\u0161taja, odnosno organiziranog stanovanja u slu\u010daju ako ta potreba nije zadovoljena u okviru usluge smje\u0161taja, organiziranog stanovanja ili naknade ostvarene po drugoj osnovi.<\/li>\n          <\/ul>\n          <p>\n            <span class=\"u-text-palette-3-base\" style=\"font-weight: 700;\">Uve\u0107ana jednokratna naknada<\/span>\n          <\/p>\n          <p>U osobito opravdanim slu\u010dajevima Centar za socijalnu skrb mo\u017ee priznati uve\u0107anu jednokratnu naknadu uz prethodnu suglasnost Ministarstva socijalne politike i mladih. Uve\u0107ana jednokratna naknada mo\u017ee se priznati u najvi\u0161em iznosu do 10.000 kuna.<\/p>\n          <p>Nadle\u017eno Ministarstvo du\u017eno je odlu\u010diti o zahtjevu za davanje prethodne suglasnosti bez odgode, a najkasnije u roku od 15 dana od primitka zahtjeva, sukladno odredbama Zakona o socijalnoj skrbi.<\/p>\n          <p>Jednokratna naknada za pogrebne tro\u0161kove korisnika zajam\u010dene minimalne naknade i korisnika smje\u0161taja ili organiziranog smje\u0161taja<\/p>\n          <p>Jednokratna naknada za pogrebne tro\u0161kove priznaje se za pogreb osobe koja nema zakonskog ili ugovornog obveznika uzdr\u017eavanja temeljem sklopljenog ugovora o do\u017eivotnom ili do smrtnom uzdr\u017eavanju, i to:<\/p>\n          <ul>\n            <li>osobe koja je u \u010dasu smrti korisnik prava ili \u010dlan ku\u0107anstva koje je korisnik prava na zajam\u010denu minimalnu naknadu i<\/li>\n            <li>osobe koja je u \u010dasu smrti korisnik smje\u0161taja ili organiziranog stanovanja.<\/li>\n          <\/ul>\n          <p>Centar za socijalnu skrb \u0107e za gore navedenu osobu koja ima prihod, odnosno imovinu zatra\u017eiti povrat pogrebnih tro\u0161kova od njegovih nasljednika.<\/p>\n          <p>Centar za socijalnu skrb priznaje navedenu jednokratnu naknadu do iznosa osnovnih tro\u0161kova pogreba u mjestu smrti korisnika ili mjestu pogreba, a u iznos tro\u0161kova ura\u010dunavaju se i tro\u0161kovi prijevoza pokojnika.<\/p>\n          <p>Navedenu naknadu ispla\u0107uje nadle\u017eni Centar za socijalnu skrb, fizi\u010dkoj ili pravnoj osobi koja je podmirila tro\u0161kove pogreba ili pravnoj osobi registriranoj za usluge pogreba koja je izvr\u0161ila uslugu.<\/p>\n          <p>\n            <span class=\"u-text-palette-3-base\" style=\"font-weight: 700;\">Podno\u0161enje zahtjeva<\/span>\n          <\/p>\n          <p>Zahtjev za jednokratnu naknadu podnosite centru za socijalnu skrb prema mjestu prebivali\u0161ta.<\/p>\n          <p>\n            <span class=\"u-text-palette-3-base\" style=\"font-weight: 700;\">Pretra\u017eivanje adresara<\/span>\n          <\/p>\n        <\/div>\n      <\/div>\n    <\/section>\n    \n    \n    \n    \n  \n<\/div>","protected":false},"excerpt":{"rendered":"<p>Jednokratna naknada Jednokratna naknada priznaje se kao pravo na nov\u010danu naknadu ili kao pravo na naknadu u naravi, ukoliko Centar za socijalnu skrb utvrdi da postoji osnovana pretpostavka da korisnik naknadu ne\u0107e koristiti namjenski Jednokratna naknada priznaje se: samcu ili ku\u0107anstvu koje zbog materijalnih te\u0161ko\u0107a nije u mogu\u0107nosti podmiriti osnovne \u017eivotne potrebe nastale zbog ro\u0111enja [&hellip;]<\/p>\n","protected":false},"author":1,"featured_media":0,"parent":0,"menu_order":15,"comment_status":"closed","ping_status":"closed","template":"","meta":{"footnotes":""},"_links":{"self":[{"href":"https:\/\/kolibrici.hr\/index.php\/wp-json\/wp\/v2\/pages\/1628"}],"collection":[{"href":"https:\/\/kolibrici.hr\/index.php\/wp-json\/wp\/v2\/pages"}],"about":[{"href":"https:\/\/kolibrici.hr\/index.php\/wp-json\/wp\/v2\/types\/page"}],"author":[{"embeddable":true,"href":"https:\/\/kolibrici.hr\/index.php\/wp-json\/wp\/v2\/users\/1"}],"replies":[{"embeddable":true,"href":"https:\/\/kolibrici.hr\/index.php\/wp-json\/wp\/v2\/comments?post=1628"}],"version-history":[{"count":1,"href":"https:\/\/kolibrici.hr\/index.php\/wp-json\/wp\/v2\/pages\/1628\/revisions"}],"predecessor-version":[{"id":1765,"href":"https:\/\/kolibrici.hr\/index.php\/wp-json\/wp\/v2\/pages\/1628\/revisions\/1765"}],"wp:attachment":[{"href":"https:\/\/kolibrici.hr\/index.php\/wp-json\/wp\/v2\/media?parent=1628"}],"curies":[{"name":"wp","href":"https:\/\/api.w.org\/{rel}","templated":true}]}}