{"id":1631,"date":"2024-04-26T05:00:57","date_gmt":"2024-04-26T05:00:57","guid":{"rendered":"https:\/\/kolibrici.hr\/index.php\/socijalne-usluge-2\/"},"modified":"2024-04-26T05:01:45","modified_gmt":"2024-04-26T05:01:45","slug":"socijalne-usluge-2","status":"publish","type":"page","link":"https:\/\/kolibrici.hr\/index.php\/socijalne-usluge-2\/","title":{"rendered":"Socijalne usluge"},"content":{"rendered":"<div class=\"\" style=\"\" >\n  \n    <section class=\"u-align-left u-clearfix u-section-1\" id=\"sec-7ed1\">\n      <div class=\"u-clearfix u-sheet u-valign-middle u-sheet-1\">\n        <div class=\"fr-view u-clearfix u-rich-text u-text u-text-1\">\n          <h1 style=\"text-align: left;\">\n            <span style=\"line-height: 2.0;\">Socijalne usluge<\/span>\n          <\/h1>\n          <p id=\"isPasted\">Socijalne usluge su sve aktivnosti, mjere i programi namijenjeni sprje\u010davanju, prepoznavanju i rje\u0161avanju problema i pote\u0161ko\u0107a pojedinaca, obitelji, skupina i zajednica te pobolj\u0161anju kvalitete njigovog \u017eivota u zajednici.Pru\u017eaju se korisnicima u njihovoj obitelji i lokalnoj zajednici kao izvanistitucijske usluge ili kao institucijske usluge koje se ostvaruju smje\u0161tajem korisnika u domovima socijalne skrbi.&nbsp;<\/p>\n          <p>Neke od ustanova: <a class=\"u-active-none u-border-none u-btn u-button-style u-hover-none u-none u-text-palette-1-base u-btn-1\" href=\"http:\/\/www.malidom.hr\/cesta-pitanja\/115\" rel=\"noopener noreferrer\" target=\"_blank\">\n              <span class=\"u-text-palette-3-base\">Mali dom<\/span>\n            <\/a>, <a href=\"http:\/\/www.crzagreb.hr\/hr\/podruznice\/slobostina\/\" target=\"_blank\" rel=\"noopener noreferrer\"><\/a>\n            <span class=\"u-text-palette-3-base\">\n              <a href=\"http:\/\/www.crzagreb.hr\/hr\/podruznice\/slobostina\/\" rel=\"noopener noreferrer\" target=\"_blank\">Slobo\u0161tina<\/a>, \n            <\/span>\n            <a href=\"http:\/\/czrs.hr\/\" target=\"_blank\" rel=\"noopener noreferrer\"><\/a>\n            <span class=\"u-text-palette-3-base\">\n              <a href=\"http:\/\/czrs.hr\/\" rel=\"noopener noreferrer\" target=\"_blank\">Centar Silver<\/a>\n            <\/span>\n          <\/p>\n          <p>\n            <span class=\"u-text-palette-3-base\" style=\"font-weight: 700;\">Izdvajamo iz socijalnih usluga:<\/span>\n          <\/p>\n          <p>\n            <span class=\"u-text-palette-3-base\" style=\"font-weight: 700;\">Rana intervencija<\/span>\n          <\/p>\n          <p>Rana intervencija je socijalna usluga koja obuhva\u0107a stru\u010dnu poticajnu pomo\u0107 djeci i stru\u010dnu i savjetodavnu pomo\u0107 njihovim roditeljima, uklju\u010duju\u0107i i druge \u010dlanove obitelji te udomitelja za djecu, kod nekog utvr\u0111enog razvojnog rizika ili razvojne te\u0161ko\u0107e djeteta.<\/p>\n          <p>Rana intervencija pru\u017ea se djetetu kod kojeg je u ranoj dobi utvr\u0111eno odstupanje u razvoju, razvojni rizik ili razvojne pote\u0161ko\u0107e, u pravilu do navr\u0161ene 3. godine \u017eivota, a najdulje do navr\u0161ene 7. godine \u017eivota djeteta.<\/p>\n          <p>Uslugu rane intervencije mo\u017ee pru\u017eati dom socijalne skrbi, centar za pru\u017eanje usluga u zajednici i drugi pru\u017eatelji usluga, sukladno Zakonu o socijalnoj skrbi. Usluga se mo\u017ee pru\u017eati u obitelji korisnika, odnosno u udomiteljskoj obitelji te kod drugih pru\u017eatelja usluga, a mo\u017ee se priznati u trajanju do pet sati tjedno.<\/p>\n          <p>Pomo\u0107 pri uklju\u010divanju u programe odgoja i redovitog obrazovanja (integracija)<\/p>\n          <p>Pomo\u0107 pri uklju\u010divanju djeteta s te\u0161ko\u0107ama u razvoju ili mla\u0111e punoljetne osobe s invaliditetom u programe redovitih pred\u0161kolskih ili \u0161kolskih ustanova (integracija) je socijalna usluga koja se pru\u017ea odgajateljima, u\u010diteljima i nastavnicima u pred\u0161kolskim i \u0161kolskim ustanovama.<\/p>\n          <p>Uslugu priznaje Centar za socijalnu skrb na temelju prethodno pribavljenog mi\u0161ljenja pred\u0161kolske ili \u0161kolske ustanove i pru\u017eatelja usluge o trajanju i u\u010destalosti pru\u017eanja usluge, a mo\u017ee se odrediti u trajanju do pet sati tjedno.<\/p>\n          <p>Uslugu pru\u017eaju dom socijalne skrbi, centar za pru\u017eanje usluga u zajednici i drugi pru\u017eatelji &nbsp;koji pru\u017eaju usluge djeci s te\u0161ko\u0107ama u razvoju i mla\u0111im punoljetnim osobama s invaliditetom, pod uvjetima propisanim Zakonom o socijalnoj skrbi.<\/p>\n        <\/div>\n      <\/div>\n    <\/section>\n    \n    \n    \n    \n  \n<\/div>","protected":false},"excerpt":{"rendered":"<p>Socijalne usluge Socijalne usluge su sve aktivnosti, mjere i programi namijenjeni sprje\u010davanju, prepoznavanju i rje\u0161avanju problema i pote\u0161ko\u0107a pojedinaca, obitelji, skupina i zajednica te pobolj\u0161anju kvalitete njigovog \u017eivota u zajednici.Pru\u017eaju se korisnicima u njihovoj obitelji i lokalnoj zajednici kao izvanistitucijske usluge ili kao institucijske usluge koje se ostvaruju smje\u0161tajem korisnika u domovima socijalne skrbi.&nbsp; Neke [&hellip;]<\/p>\n","protected":false},"author":1,"featured_media":0,"parent":0,"menu_order":18,"comment_status":"closed","ping_status":"closed","template":"","meta":{"footnotes":""},"_links":{"self":[{"href":"https:\/\/kolibrici.hr\/index.php\/wp-json\/wp\/v2\/pages\/1631"}],"collection":[{"href":"https:\/\/kolibrici.hr\/index.php\/wp-json\/wp\/v2\/pages"}],"about":[{"href":"https:\/\/kolibrici.hr\/index.php\/wp-json\/wp\/v2\/types\/page"}],"author":[{"embeddable":true,"href":"https:\/\/kolibrici.hr\/index.php\/wp-json\/wp\/v2\/users\/1"}],"replies":[{"embeddable":true,"href":"https:\/\/kolibrici.hr\/index.php\/wp-json\/wp\/v2\/comments?post=1631"}],"version-history":[{"count":1,"href":"https:\/\/kolibrici.hr\/index.php\/wp-json\/wp\/v2\/pages\/1631\/revisions"}],"predecessor-version":[{"id":1768,"href":"https:\/\/kolibrici.hr\/index.php\/wp-json\/wp\/v2\/pages\/1631\/revisions\/1768"}],"wp:attachment":[{"href":"https:\/\/kolibrici.hr\/index.php\/wp-json\/wp\/v2\/media?parent=1631"}],"curies":[{"name":"wp","href":"https:\/\/api.w.org\/{rel}","templated":true}]}}