{"id":1636,"date":"2024-04-26T05:01:02","date_gmt":"2024-04-26T05:01:02","guid":{"rendered":"https:\/\/kolibrici.hr\/index.php\/kontakt-2\/"},"modified":"2024-04-26T05:01:46","modified_gmt":"2024-04-26T05:01:46","slug":"kontakt-2","status":"publish","type":"page","link":"https:\/\/kolibrici.hr\/index.php\/kontakt-2\/","title":{"rendered":"KONTAKT"},"content":{"rendered":"<div class=\"\" style=\"\" >\n  \n    <section class=\"u-align-center u-clearfix u-section-1\" id=\"sec-5e83\">\n      <div class=\"u-clearfix u-sheet u-sheet-1\">\n        <div class=\"u-clearfix u-expanded-width u-layout-wrap u-layout-wrap-1\">\n          <div class=\"u-gutter-0 u-layout\">\n            <div class=\"u-layout-row\">\n              <div class=\"u-align-left u-container-style u-layout-cell u-left-cell u-size-30 u-layout-cell-1\">\n                <div class=\"u-container-layout u-container-layout-1\">\n                  <h2 class=\"u-text u-text-grey-70 u-text-1\">Kontaktirajte nas&nbsp;<\/h2>\n                  <p class=\"u-text u-text-grey-50 u-text-2\">Udruga Kolibri\u0107i<br>Bra\u0107e Cviji\u0107a 30<br>10 000 Zagreb<br>HrvatskaMB&nbsp;:&nbsp;2864703<br>OIB&nbsp;:&nbsp;05525317585<br>IBAN&nbsp;:&nbsp;HR8523600001102273569<br>REGISTAR UDRUGA&nbsp;:&nbsp;21009190\n                  <\/p>\n                  <div class=\"u-social-icons u-spacing-20 u-social-icons-1\">\n                    <a class=\"u-social-url\" target=\"_blank\" href=\"\"><span class=\"u-icon u-icon-circle u-social-facebook u-social-icon u-icon-1\">\n                    <svg class=\"u-svg-link\" preserveAspectRatio=\"xMidYMin slice\" viewBox=\"0 0 112 112\" style=\"\"><use xmlns:xlink=\"http:\/\/www.w3.org\/1999\/xlink\" xlink:href=\"#svg-50ee\"><\/use><\/svg>\n                    <svg xmlns=\"http:\/\/www.w3.org\/2000\/svg\" xmlns:xlink=\"http:\/\/www.w3.org\/1999\/xlink\" version=\"1.1\" xml:space=\"preserve\" class=\"u-svg-content\" viewBox=\"0 0 112 112\" x=\"0px\" y=\"0px\" id=\"svg-50ee\"><path d=\"M75.5,28.8H65.4c-1.5,0-4,0.9-4,4.3v9.4h13.9l-1.5,15.8H61.4v45.1H42.8V58.3h-8.8V42.4h8.8V32.2 c0-7.4,3.4-18.8,18.8-18.8h13.8v15.4H75.5z\"><\/path><\/svg>\n                  <\/span>\n                    <\/a>\n                    <a class=\"u-social-url\" target=\"_blank\" href=\"\"><span class=\"u-icon u-icon-circle u-social-icon u-social-instagram u-icon-2\">\n                    <svg class=\"u-svg-link\" preserveAspectRatio=\"xMidYMin slice\" viewBox=\"0 0 112 112\" style=\"\"><use xmlns:xlink=\"http:\/\/www.w3.org\/1999\/xlink\" xlink:href=\"#svg-dd2a\"><\/use><\/svg>\n                    <svg xmlns=\"http:\/\/www.w3.org\/2000\/svg\" xmlns:xlink=\"http:\/\/www.w3.org\/1999\/xlink\" version=\"1.1\" xml:space=\"preserve\" class=\"u-svg-content\" viewBox=\"0 0 112 112\" x=\"0px\" y=\"0px\" id=\"svg-dd2a\"><path d=\"M55.9,32.9c-12.8,0-23.2,10.4-23.2,23.2s10.4,23.2,23.2,23.2s23.2-10.4,23.2-23.2S68.7,32.9,55.9,32.9z M55.9,69.4c-7.4,0-13.3-6-13.3-13.3c-0.1-7.4,6-13.3,13.3-13.3s13.3,6,13.3,13.3C69.3,63.5,63.3,69.4,55.9,69.4z\"><\/path><path d=\"M79.7,26.8c-3,0-5.4,2.5-5.4,5.4s2.5,5.4,5.4,5.4c3,0,5.4-2.5,5.4-5.4S82.7,26.8,79.7,26.8z\"><\/path><path d=\"M78.2,11H33.5C21,11,10.8,21.3,10.8,33.7v44.7c0,12.6,10.2,22.8,22.7,22.8h44.7c12.6,0,22.7-10.2,22.7-22.7 V33.7C100.8,21.1,90.6,11,78.2,11z M91,78.4c0,7.1-5.8,12.8-12.8,12.8H33.5c-7.1,0-12.8-5.8-12.8-12.8V33.7 c0-7.1,5.8-12.8,12.8-12.8h44.7c7.1,0,12.8,5.8,12.8,12.8V78.4z\"><\/path><\/svg>\n                  <\/span>\n                    <\/a>\n                    <a class=\"u-social-url\" target=\"_blank\" href=\"\"><span class=\"u-icon u-icon-circle u-social-google u-social-icon u-icon-3\">\n                    <svg class=\"u-svg-link\" preserveAspectRatio=\"xMidYMin slice\" viewBox=\"0 0 112 112\" style=\"\"><use xmlns:xlink=\"http:\/\/www.w3.org\/1999\/xlink\" xlink:href=\"#svg-102d\"><\/use><\/svg>\n                    <svg xmlns=\"http:\/\/www.w3.org\/2000\/svg\" xmlns:xlink=\"http:\/\/www.w3.org\/1999\/xlink\" version=\"1.1\" xml:space=\"preserve\" class=\"u-svg-content\" viewBox=\"0 0 112 112\" x=\"0px\" y=\"0px\" id=\"svg-102d\"><path d=\"M62.2,81.6c-8.6,11.2-24.6,14.4-37.6,10C10.9,87,0.8,73.2,1,58.5c-0.8-18,15.2-34.6,33.1-34.9 c9.2-0.8,18.2,2.7,25,8.6c-2.9,3.1-5.7,6.2-8.9,9.2c-6.2-3.8-13.5-6.5-20.6-4C18.1,40.7,11,54.2,15.4,65.6 c3.5,11.8,17.8,18.3,29.2,13.2c5.8-2.1,9.7-7.4,11.3-13.2c-6.6-0.1-13.2,0-20.1-0.3c0-3.9,0-7.9,0-11.9c11.2,0,22.2,0,33.3,0 C69.9,63.4,68.3,73.9,62.2,81.6z M110.9,63.7c-3.4,0-6.6,0-10,0c0,3.4,0,6.6,0,10c-3.4,0-6.6,0-10,0c0-3.4,0-6.6,0-10 c-3.4,0-6.6,0-10,0c0-3.4,0-6.6,0-10c3.4,0,6.6,0,10,0c0-3.4,0-6.6,0.1-10c3.4,0,6.6,0,10,0c0,3.4,0,6.6,0,10c3.4,0,6.6,0,10,0 C110.9,56.9,110.9,60.3,110.9,63.7z\"><\/path><\/svg>\n                  <\/span>\n                    <\/a>\n                  <\/div>\n                <\/div>\n              <\/div>\n              <div class=\"u-align-left u-container-style u-layout-cell u-right-cell u-size-30 u-layout-cell-2\">\n                <div class=\"u-container-layout u-valign-middle u-container-layout-2\">\n                  <div class=\"u-expanded-width u-form u-form-1\">\n                    <form action=\"https:\/\/forms.nicepagesrv.com\/v2\/form\/process\" class=\"u-clearfix u-form-spacing-24 u-form-vertical u-inner-form\" style=\"padding: 24px;\" source=\"email\" name=\"form\">\n                      <div class=\"u-form-group u-form-name u-label-none\">\n                        <label for=\"name-3b9a\" class=\"u-label\">Name<\/label>\n                        <input type=\"text\" placeholder=\"Ime\" id=\"name-3b9a\" name=\"name\" class=\"u-border-2 u-border-black u-border-no-left u-border-no-right u-border-no-top u-input u-input-rectangle u-input-1\" required=\"\">\n                      <\/div>\n                      <div class=\"u-form-email u-form-group u-label-none\">\n                        <label for=\"email-3b9a\" class=\"u-label\">Email<\/label>\n                        <input type=\"email\" placeholder=\"e-mail\" id=\"email-3b9a\" name=\"email\" class=\"u-border-2 u-border-black u-border-no-left u-border-no-right u-border-no-top u-input u-input-rectangle u-input-2\" required=\"\">\n                      <\/div>\n                      <div class=\"u-form-group u-form-message u-label-none\">\n                        <label for=\"message-3b9a\" class=\"u-label\">Message<\/label>\n                        <textarea placeholder=\"Poruka\" rows=\"4\" cols=\"50\" id=\"message-3b9a\" name=\"message\" class=\"u-border-2 u-border-black u-border-no-left u-border-no-right u-border-no-top u-input u-input-rectangle u-input-3\" required=\"\"><\/textarea>\n                      <\/div>\n                      <div class=\"u-align-left u-form-group u-form-submit\">\n                        <a href=\"#\" class=\"u-border-2 u-border-grey-dark-1 u-border-no-left u-border-no-right u-border-no-top u-btn u-btn-rectangle u-btn-submit u-button-style u-none u-btn-1\">PO\u0160ALJI<br>\n                        <\/a>\n                        <input type=\"submit\" value=\"submit\" class=\"u-form-control-hidden\">\n                      <\/div>\n                      <div class=\"u-form-send-message u-form-send-success\"> Thank you! Your message has been sent. <\/div>\n                      <div class=\"u-form-send-error u-form-send-message\"> Unable to send your message. Please fix errors then try again. <\/div>\n                      <input type=\"hidden\" value=\"\" name=\"recaptchaResponse\">\n                      <input type=\"hidden\" name=\"formServices\" value=\"1679c518-b5f3-243c-469c-d778f674f218\">\n                    <\/form>\n                  <\/div>\n                <\/div>\n              <\/div>\n            <\/div>\n          <\/div>\n        <\/div>\n      <\/div>\n    <\/section>\n    <section class=\"u-align-center u-clearfix u-section-2\" id=\"sec-9b42\">\n      <div class=\"u-clearfix u-sheet u-valign-middle u-sheet-1\">\n        <h1 class=\"u-text u-text-default u-text-1\">UPRAVLJA\u010cKO TIJELO<\/h1>\n        <div class=\"u-expanded-width u-list u-list-1\">\n          <div class=\"u-repeater u-repeater-1\">\n            <div class=\"u-align-center u-container-style u-list-item u-repeater-item\">\n              <div class=\"u-container-layout u-similar-container u-container-layout-1\">\n                <div alt=\"\" class=\"u-image u-image-circle u-image-1\" data-image-width=\"1280\" data-image-height=\"774\" style=\"background-image: url(&quot;data:image\/svg+xml;base64,PHN2ZyB2ZXJzaW9uPSIxLjEiIGlkPSJtYW4iIHhtbG5zPSJodHRwOi8vd3d3LnczLm9yZy8yMDAwL3N2ZyIgeD0iMHB4IiB5PSIwcHgiIHZpZXdCb3g9IjAgMCAyNTYgMjU2IiBzdHlsZT0id2lkdGg6IDI1NnB4OyBoZWlnaHQ6IDI1NnB4OyI+CjxyZWN0IGZpbGw9IiNDNkQ4RTEiIHdpZHRoPSIyNTYiIGhlaWdodD0iMjU2Ii8+CjxwYXRoIGZpbGw9IiM3Rjk2QTYiIGQ9Ik0xNzIuNiw5My40YzExLjYtNDQuNy0xMS4yLTQ4LjYtMTEuNy00OC4xYy0yMi40LTMxLjMtOTAuMy0xNi44LTc3LjQsNDguMWMtMTMuMy0yLjQtMS44LDMxLjYsMy43LDMyLjEKCWMwLDAsMCwwLDAsMGMwLjIsMCwwLjMsMCwwLjUtMC4xYzE0LjQsNDkuNyw2Mi43LDUwLjIsODAuNywwQzE3Mi4zLDEyNy4zLDE4Ni41LDkzLjMsMTcyLjYsOTMuNHoiLz4KPHBhdGggZmlsbD0iIzdGOTZBNiIgZD0iTTIwNS40LDE3Ny45Yy0yNC02LjEtNDMuNS0xOS44LTQzLjUtMTkuOGwtMjAuNiw2NC44bC04LTIyLjhjMTkuNy0yNy41LTMwLjMtMjcuNS0xMC42LDBsLTgsMjIuOEw5NCwxNTguMQoJYzAsMC0xOS41LDEzLjctNDMuNSwxOS44QzMyLjcsMTgyLjUsMzAsMjU2LDMwLDI1NmgxOTZDMjI2LDI1NiwyMjMuMywxODIuNSwyMDUuNCwxNzcuOXoiLz4KPC9zdmc+Cg==&quot;);\"><\/div>\n                <h4 class=\"u-align-center u-text u-text-2\">Marina Magdi\u0107<\/h4>\n                <p class=\"u-text u-text-default u-text-palette-2-base u-text-3\">Predsjednica<\/p>\n                <p class=\"u-text u-text-4\">mdubaji@gmail.com<\/p>\n              <\/div>\n            <\/div>\n            <div class=\"u-align-center u-container-style u-list-item u-repeater-item\">\n              <div class=\"u-container-layout u-similar-container u-container-layout-2\">\n                <div alt=\"\" class=\"u-image u-image-circle u-image-2\" data-image-width=\"1280\" data-image-height=\"774\" style=\"background-image: url(&quot;data:image\/svg+xml;base64,PHN2ZyB2ZXJzaW9uPSIxLjEiIGlkPSJ3b21hbiIgeG1sbnM9Imh0dHA6Ly93d3cudzMub3JnLzIwMDAvc3ZnIiB4PSIwcHgiIHk9IjBweCIgdmlld0JveD0iMCAwIDI1NiAyNTYiIHN0eWxlPSJ3aWR0aDogMjU2cHg7IGhlaWdodDogMjU2cHg7Ij4KPHJlY3QgZmlsbD0iI0M2RDhFMSIgd2lkdGg9IjI1NiIgaGVpZ2h0PSIyNTYiLz4KPHBhdGggZmlsbD0iIzdGOTZBNiIgZD0iTTE1MC41LDE2MC4xTDE1MC41LDE2MC4xVjE1MmMwLDAsMjUuNCwwLjgsMzcuNC0xMS41YzAsMC0xNy41LTQuOS0xNC40LTM2LjljMy4xLTMxLjktMy45LTU5LjktMjkuNi01Ny41CgljMCwwLTExLjEtMTMuNC0zMy4yLTQuOWMtNy42LDIuOS0yOCwxMC4yLTI2LjksNTQuNGMxLDQ0LjItMTUuNyw0NC41LTE1LjcsNDQuNXM4LjYsMTIuNiwzNy45LDEyLjN2OC4ybDIyLjMsNjVsMjIuMi02NC45CglMMTUwLjUsMTYwLjF6Ii8+CjxwYXRoIGZpbGw9IiM3Rjk2QTYiIGQ9Ik0yMTAsMjU2bC00LjUtNTQuMmMtMS41LTgtNi42LTE0LjktMTMuOS0xOC41bC0yOC0xMy44Yy0xLjYtMC44LTMuMi0xLjctNC44LTIuNmw4LjgsMjYuMWwtMTIuNC0wLjkKCUwxMjgsMjI1LjZMMTAwLjcsMTkyTDg4LjQsMTkzbDktMjYuMWwtNS42LDIuOWwtMjcuNCwxMy41Yy03LjMsMy42LTEyLjUsMTAuNS0xMy45LDE4LjVMNDYsMjU2SDIxMHoiLz4KPC9zdmc+&quot;);\"><\/div>\n                <h4 class=\"u-align-center u-text u-text-5\">Jelena Mudri\u0107<\/h4>\n                <p class=\"u-text u-text-default u-text-palette-2-base u-text-6\">Tajnica<\/p>\n                <p class=\"u-text u-text-7\">jelena.mudric@gmail.com<\/p>\n              <\/div>\n            <\/div>\n            <div class=\"u-align-center u-container-style u-list-item u-repeater-item\">\n              <div class=\"u-container-layout u-similar-container u-container-layout-3\">\n                <div alt=\"\" class=\"u-image u-image-circle u-image-3\" data-image-width=\"1280\" data-image-height=\"774\" style=\"background-image: url(&quot;data:image\/svg+xml;base64,PHN2ZyB2ZXJzaW9uPSIxLjEiIGlkPSJtYW4iIHhtbG5zPSJodHRwOi8vd3d3LnczLm9yZy8yMDAwL3N2ZyIgeD0iMHB4IiB5PSIwcHgiIHZpZXdCb3g9IjAgMCAyNTYgMjU2IiBzdHlsZT0id2lkdGg6IDI1NnB4OyBoZWlnaHQ6IDI1NnB4OyI+CjxyZWN0IGZpbGw9IiNDNkQ4RTEiIHdpZHRoPSIyNTYiIGhlaWdodD0iMjU2Ii8+CjxwYXRoIGZpbGw9IiM3Rjk2QTYiIGQ9Ik0xNzIuNiw5My40YzExLjYtNDQuNy0xMS4yLTQ4LjYtMTEuNy00OC4xYy0yMi40LTMxLjMtOTAuMy0xNi44LTc3LjQsNDguMWMtMTMuMy0yLjQtMS44LDMxLjYsMy43LDMyLjEKCWMwLDAsMCwwLDAsMGMwLjIsMCwwLjMsMCwwLjUtMC4xYzE0LjQsNDkuNyw2Mi43LDUwLjIsODAuNywwQzE3Mi4zLDEyNy4zLDE4Ni41LDkzLjMsMTcyLjYsOTMuNHoiLz4KPHBhdGggZmlsbD0iIzdGOTZBNiIgZD0iTTIwNS40LDE3Ny45Yy0yNC02LjEtNDMuNS0xOS44LTQzLjUtMTkuOGwtMjAuNiw2NC44bC04LTIyLjhjMTkuNy0yNy41LTMwLjMtMjcuNS0xMC42LDBsLTgsMjIuOEw5NCwxNTguMQoJYzAsMC0xOS41LDEzLjctNDMuNSwxOS44QzMyLjcsMTgyLjUsMzAsMjU2LDMwLDI1NmgxOTZDMjI2LDI1NiwyMjMuMywxODIuNSwyMDUuNCwxNzcuOXoiLz4KPC9zdmc+Cg==&quot;);\"><\/div>\n                <h4 class=\"u-align-center u-text u-text-8\">Anita Cepanec<\/h4>\n                <p class=\"u-text u-text-default u-text-palette-2-base u-text-9\">Dopredsjednica<\/p>\n                <p class=\"u-text u-text-10\">anita.cepanec@gmail.com<\/p>\n              <\/div>\n            <\/div>\n            <div class=\"u-align-center u-container-style u-list-item u-repeater-item\">\n              <div class=\"u-container-layout u-similar-container u-container-layout-4\">\n                <div alt=\"\" class=\"u-image u-image-circle u-image-4\" data-image-width=\"1280\" data-image-height=\"774\" style=\"background-image: url(&quot;data:image\/svg+xml;base64,PHN2ZyB2ZXJzaW9uPSIxLjEiIGlkPSJtYW4iIHhtbG5zPSJodHRwOi8vd3d3LnczLm9yZy8yMDAwL3N2ZyIgeD0iMHB4IiB5PSIwcHgiIHZpZXdCb3g9IjAgMCAyNTYgMjU2IiBzdHlsZT0id2lkdGg6IDI1NnB4OyBoZWlnaHQ6IDI1NnB4OyI+CjxyZWN0IGZpbGw9IiNDNkQ4RTEiIHdpZHRoPSIyNTYiIGhlaWdodD0iMjU2Ii8+CjxwYXRoIGZpbGw9IiM3Rjk2QTYiIGQ9Ik0xNzIuNiw5My40YzExLjYtNDQuNy0xMS4yLTQ4LjYtMTEuNy00OC4xYy0yMi40LTMxLjMtOTAuMy0xNi44LTc3LjQsNDguMWMtMTMuMy0yLjQtMS44LDMxLjYsMy43LDMyLjEKCWMwLDAsMCwwLDAsMGMwLjIsMCwwLjMsMCwwLjUtMC4xYzE0LjQsNDkuNyw2Mi43LDUwLjIsODAuNywwQzE3Mi4zLDEyNy4zLDE4Ni41LDkzLjMsMTcyLjYsOTMuNHoiLz4KPHBhdGggZmlsbD0iIzdGOTZBNiIgZD0iTTIwNS40LDE3Ny45Yy0yNC02LjEtNDMuNS0xOS44LTQzLjUtMTkuOGwtMjAuNiw2NC44bC04LTIyLjhjMTkuNy0yNy41LTMwLjMtMjcuNS0xMC42LDBsLTgsMjIuOEw5NCwxNTguMQoJYzAsMC0xOS41LDEzLjctNDMuNSwxOS44QzMyLjcsMTgyLjUsMzAsMjU2LDMwLDI1NmgxOTZDMjI2LDI1NiwyMjMuMywxODIuNSwyMDUuNCwxNzcuOXoiLz4KPC9zdmc+Cg==&quot;);\"><\/div>\n                <h4 class=\"u-align-center u-text u-text-11\">Zorana Lamza<\/h4>\n                <p class=\"u-text u-text-default u-text-palette-2-base u-text-12\">Blagajnica<\/p>\n                <p class=\"u-text u-text-13\">zpancirov@gmail.com<\/p>\n              <\/div>\n            <\/div>\n          <\/div>\n        <\/div>\n      <\/div>\n    <\/section>\n    \n    \n    \n    \n  \n<\/div>","protected":false},"excerpt":{"rendered":"<p>Kontaktirajte nas&nbsp; Udruga Kolibri\u0107iBra\u0107e Cviji\u0107a 3010 000 ZagrebHrvatskaMB&nbsp;:&nbsp;2864703OIB&nbsp;:&nbsp;05525317585IBAN&nbsp;:&nbsp;HR8523600001102273569REGISTAR UDRUGA&nbsp;:&nbsp;21009190 Name Email Message PO\u0160ALJI Thank you! Your message has been sent. Unable to send your message. Please fix errors then try again. UPRAVLJA\u010cKO TIJELO Marina Magdi\u0107 Predsjednica mdubaji@gmail.com Jelena Mudri\u0107 Tajnica jelena.mudric@gmail.com Anita Cepanec Dopredsjednica anita.cepanec@gmail.com Zorana Lamza Blagajnica zpancirov@gmail.com<\/p>\n","protected":false},"author":1,"featured_media":0,"parent":0,"menu_order":23,"comment_status":"closed","ping_status":"closed","template":"","meta":{"footnotes":""},"_links":{"self":[{"href":"https:\/\/kolibrici.hr\/index.php\/wp-json\/wp\/v2\/pages\/1636"}],"collection":[{"href":"https:\/\/kolibrici.hr\/index.php\/wp-json\/wp\/v2\/pages"}],"about":[{"href":"https:\/\/kolibrici.hr\/index.php\/wp-json\/wp\/v2\/types\/page"}],"author":[{"embeddable":true,"href":"https:\/\/kolibrici.hr\/index.php\/wp-json\/wp\/v2\/users\/1"}],"replies":[{"embeddable":true,"href":"https:\/\/kolibrici.hr\/index.php\/wp-json\/wp\/v2\/comments?post=1636"}],"version-history":[{"count":1,"href":"https:\/\/kolibrici.hr\/index.php\/wp-json\/wp\/v2\/pages\/1636\/revisions"}],"predecessor-version":[{"id":1773,"href":"https:\/\/kolibrici.hr\/index.php\/wp-json\/wp\/v2\/pages\/1636\/revisions\/1773"}],"wp:attachment":[{"href":"https:\/\/kolibrici.hr\/index.php\/wp-json\/wp\/v2\/media?parent=1636"}],"curies":[{"name":"wp","href":"https:\/\/api.w.org\/{rel}","templated":true}]}}