{"id":1637,"date":"2024-04-26T05:01:03","date_gmt":"2024-04-26T05:01:03","guid":{"rendered":"https:\/\/kolibrici.hr\/index.php\/donacije-2\/"},"modified":"2024-04-26T05:01:46","modified_gmt":"2024-04-26T05:01:46","slug":"donacije-2","status":"publish","type":"page","link":"https:\/\/kolibrici.hr\/index.php\/donacije-2\/","title":{"rendered":"DONACIJE"},"content":{"rendered":"<div class=\"\" style=\"\" >\n  \n    <section class=\"u-clearfix u-section-1\" id=\"sec-f51c\">\n      <div class=\"u-clearfix u-sheet u-sheet-1\">\n        <p class=\"u-text u-text-default u-text-1\"> Zahvaljujemo svima koji su u ova te\u0161ka vremena odvojili svoje vrijeme ili sredstva te na taj na\u010din pomogli radu Udruge. Zahvaljujemo na\u0161im volonterima, tvrtkama koje su u sklopu socijalno odgovornog pona\u0161anja odabrale na\u0161e projekte, tvrtkama koje su se rado odazvale molbi za pomo\u0107 u nabavci pomagala te svim malim ljudima velikog srca.Zbog velikih tro\u0161kova u osiguravanju odgovaraju\u0107ih uvjeta za na\u0161e Kolibri\u0107e, dobrodo\u0161la je i najmanja financijska pomo\u0107.<br>\n          <br>\n          <span class=\"u-text-palette-3-base\" style=\"font-weight: 700; font-size: 1.88235rem;\">KAKO POMO\u0106I?<\/span>\n          <br>\n          <br>Prilikom ispunjavanja naloga za uplatu, molimo navedite sljede\u0107e podatke:<br>\n          <span class=\"u-text-palette-3-base\">\n            <br>\n            <span style=\"font-weight: 400;\">Primatelj<\/span>\n            <span style=\"font-weight: 700;\">:<\/span>\n          <\/span>&nbsp;Udruga vitalno ugro\u017eene djece Kolibri\u0107i, Bra\u0107e Cviji\u0107a 30, 10 000 Zagreb, Hrvatska<br>\n          <span class=\"u-text-palette-3-base\" style=\"font-weight: 700;\">Fizi\u010dke osobe:<\/span>&nbsp;ime i prezime, adresa<br>\n          <span class=\"u-text-palette-3-base\" style=\"font-weight: 700;\">Pravne osobe:<\/span>&nbsp;naziv tvrtke, mati\u010dni broj, adresa<br>\n          <span class=\"u-text-palette-3-base\" style=\"font-weight: 700;\">Svrha uplate:<\/span>&nbsp;donacija<br>\n          <span class=\"u-text-palette-3-base\" style=\"font-weight: 700;\">IBAN:<\/span>&nbsp;HR8523600001102273569<br>\n          <span class=\"u-text-palette-3-base\" style=\"font-weight: 700;\">Podaci o banci:<\/span>&nbsp;Zagreba\u010dka banka d.o.o.<br>\n          <span class=\"u-text-palette-3-base\" style=\"font-weight: 700;\">Poziv na broj:<\/span>&nbsp;00 \u2013 dd mm yyyy (datum uplate)<br>\n          <span style=\"font-weight: 700;\" class=\"u-text-palette-3-base\">Za uplate iz inozemstva:<\/span>\n          <br>\n          <span class=\"u-text-palette-3-base\" style=\"font-weight: 700;\">BIC (SWIFT address):<\/span>&nbsp;ZABAHR2X<br>\n          <span class=\"u-text-palette-3-base\" style=\"font-weight: 700;\">EORI NUMBER:<\/span>&nbsp;HR05525317585<br>\n          <br>Molimo Vas da nakon izvr\u0161ene uplate po\u0161aljete e-mail sa sljede\u0107im podacima na adresu udrugakolibrici@gmail.com kako bismo Vam poslali potvrdu o primitku donacije koju prila\u017eete prilikom knji\u017eenja. Podaci za e-mail su: naziv tvrtke, adresa, datum uplate, iznos uplate, e-mail adresa za kontakt telefon ili mobitel.<br>\n          <br>\n          <span class=\"u-text-palette-3-base\">Podsje\u0107amo vas da, u skladu s odredbama Zakona o porezu na dobit, doniranjem do 2% ukupnog prihoda u prethodnoj godini, ostvarujete porezne olak\u0161ice.<\/span>\n        <\/p>\n      <\/div>\n    <\/section>\n    \n    \n    \n    \n  \n<\/div>","protected":false},"excerpt":{"rendered":"<p>Zahvaljujemo svima koji su u ova te\u0161ka vremena odvojili svoje vrijeme ili sredstva te na taj na\u010din pomogli radu Udruge. Zahvaljujemo na\u0161im volonterima, tvrtkama koje su u sklopu socijalno odgovornog pona\u0161anja odabrale na\u0161e projekte, tvrtkama koje su se rado odazvale molbi za pomo\u0107 u nabavci pomagala te svim malim ljudima velikog srca.Zbog velikih tro\u0161kova u [&hellip;]<\/p>\n","protected":false},"author":1,"featured_media":0,"parent":0,"menu_order":24,"comment_status":"closed","ping_status":"closed","template":"","meta":{"footnotes":""},"_links":{"self":[{"href":"https:\/\/kolibrici.hr\/index.php\/wp-json\/wp\/v2\/pages\/1637"}],"collection":[{"href":"https:\/\/kolibrici.hr\/index.php\/wp-json\/wp\/v2\/pages"}],"about":[{"href":"https:\/\/kolibrici.hr\/index.php\/wp-json\/wp\/v2\/types\/page"}],"author":[{"embeddable":true,"href":"https:\/\/kolibrici.hr\/index.php\/wp-json\/wp\/v2\/users\/1"}],"replies":[{"embeddable":true,"href":"https:\/\/kolibrici.hr\/index.php\/wp-json\/wp\/v2\/comments?post=1637"}],"version-history":[{"count":1,"href":"https:\/\/kolibrici.hr\/index.php\/wp-json\/wp\/v2\/pages\/1637\/revisions"}],"predecessor-version":[{"id":1774,"href":"https:\/\/kolibrici.hr\/index.php\/wp-json\/wp\/v2\/pages\/1637\/revisions\/1774"}],"wp:attachment":[{"href":"https:\/\/kolibrici.hr\/index.php\/wp-json\/wp\/v2\/media?parent=1637"}],"curies":[{"name":"wp","href":"https:\/\/api.w.org\/{rel}","templated":true}]}}