{"id":1648,"date":"2024-04-26T05:01:14","date_gmt":"2024-04-26T05:01:14","guid":{"rendered":"https:\/\/kolibrici.hr\/index.php\/zajamcena-minimalna-naknada-2\/"},"modified":"2024-04-26T05:01:48","modified_gmt":"2024-04-26T05:01:48","slug":"zajamcena-minimalna-naknada-2","status":"publish","type":"page","link":"https:\/\/kolibrici.hr\/index.php\/zajamcena-minimalna-naknada-2\/","title":{"rendered":"Zajam\u010dena minimalna naknada"},"content":{"rendered":"<div class=\"\" style=\"\" >\n  \n    <section class=\"u-align-left u-clearfix u-section-1\" id=\"sec-5780\">\n      <div class=\"u-clearfix u-sheet u-valign-middle u-sheet-1\">\n        <div class=\"fr-view u-clearfix u-rich-text u-text u-text-1\">\n          <h1 style=\"text-align: left;\">\n            <span style=\"line-height: 2.0;\">Zajam\u010dena minimalna naknada<\/span>\n          <\/h1>\n          <p id=\"isPasted\">Zajam\u010dena minimalna naknada je pravo na nov\u010dani iznos kojim se osigurava zadovoljavanje osnovnih \u017eivotnih potreba samca ili ku\u0107anstva koji nemaju dovoljno sredstava za podmirenje osnovnih \u017eivotnih potreba.<\/p>\n          <p>\n            <span style=\"font-weight: 700;\">\n              <span class=\"u-text-palette-3-base\">Uvjeti za ostvarivanje prava<\/span>\n            <\/span>\n          <\/p>\n          <p>Uvjeti za odobravanje zajam\u010dene minimalne naknade utvr\u0111uju se na temelju ostvarenih prihoda podnositelja zahtjeva i \u010dlanova obitelji s kojima \u017eivi u zajedni\u010dkom ku\u0107anstvu te na osnovi imovine koja je u vlasni\u0161tvu podnositelja zahtjeva i \u010dlanova njegove obitelji s kojima \u017eivi u zajedni\u010dkom ku\u0107anstvu.<\/p>\n          <p>\n            <span class=\"u-text-palette-3-base\" style=\"font-weight: 700;\">Visina pomo\u0107i<\/span>\n          <\/p>\n          <p>Iznos zajam\u010dene minimalne naknade za radno sposobnog samca utvr\u0111uje se u iznosu od 100 posto, a od 1. listopada 2015. godine za radno nesposobnog samca u iznosu od 115 posto osnovice (1012 kuna) koju odlukom odre\u0111uje Vlada RH, dok se za ku\u0107anstvo utvr\u0111uje u iznosu koji predstavlja zbroj udjela za svakog \u010dlana ku\u0107anstva, s tim da udjeli \u010dlanova ku\u0107anstva iznose:<\/p>\n          <ul>\n            <li>za samohranog roditelja: 100 posto = 800 kuna<\/li>\n            <li>za odraslog \u010dlana ku\u0107anstva: 60 posto = 480 kuna<\/li>\n            <li>za dijete: 40 posto = 320 kuna<\/li>\n            <li>za dijete samohranog roditelja odnosno dijete u jednoroditeljskoj obitelji: 55 posto = 440 kuna<\/li>\n          <\/ul>\n        <\/div>\n      <\/div>\n    <\/section>\n    \n    \n    \n    \n  \n<\/div>","protected":false},"excerpt":{"rendered":"<p>Zajam\u010dena minimalna naknada Zajam\u010dena minimalna naknada je pravo na nov\u010dani iznos kojim se osigurava zadovoljavanje osnovnih \u017eivotnih potreba samca ili ku\u0107anstva koji nemaju dovoljno sredstava za podmirenje osnovnih \u017eivotnih potreba. Uvjeti za ostvarivanje prava Uvjeti za odobravanje zajam\u010dene minimalne naknade utvr\u0111uju se na temelju ostvarenih prihoda podnositelja zahtjeva i \u010dlanova obitelji s kojima \u017eivi u [&hellip;]<\/p>\n","protected":false},"author":1,"featured_media":0,"parent":0,"menu_order":35,"comment_status":"closed","ping_status":"closed","template":"","meta":{"footnotes":""},"_links":{"self":[{"href":"https:\/\/kolibrici.hr\/index.php\/wp-json\/wp\/v2\/pages\/1648"}],"collection":[{"href":"https:\/\/kolibrici.hr\/index.php\/wp-json\/wp\/v2\/pages"}],"about":[{"href":"https:\/\/kolibrici.hr\/index.php\/wp-json\/wp\/v2\/types\/page"}],"author":[{"embeddable":true,"href":"https:\/\/kolibrici.hr\/index.php\/wp-json\/wp\/v2\/users\/1"}],"replies":[{"embeddable":true,"href":"https:\/\/kolibrici.hr\/index.php\/wp-json\/wp\/v2\/comments?post=1648"}],"version-history":[{"count":1,"href":"https:\/\/kolibrici.hr\/index.php\/wp-json\/wp\/v2\/pages\/1648\/revisions"}],"predecessor-version":[{"id":1785,"href":"https:\/\/kolibrici.hr\/index.php\/wp-json\/wp\/v2\/pages\/1648\/revisions\/1785"}],"wp:attachment":[{"href":"https:\/\/kolibrici.hr\/index.php\/wp-json\/wp\/v2\/media?parent=1648"}],"curies":[{"name":"wp","href":"https:\/\/api.w.org\/{rel}","templated":true}]}}