{"id":1656,"date":"2024-04-26T05:01:22","date_gmt":"2024-04-26T05:01:22","guid":{"rendered":"https:\/\/kolibrici.hr\/index.php\/oslobadanje-placanja-cestarine-2\/"},"modified":"2024-04-26T05:01:49","modified_gmt":"2024-04-26T05:01:49","slug":"oslobadanje-placanja-cestarine-2","status":"publish","type":"page","link":"https:\/\/kolibrici.hr\/index.php\/oslobadanje-placanja-cestarine-2\/","title":{"rendered":"Osloba\u0111anje pla\u0107anja cestarine"},"content":{"rendered":"<div class=\"\" style=\"\" >\n  \n    <section class=\"u-align-left u-clearfix u-section-1\" id=\"sec-f927\">\n      <div class=\"u-clearfix u-sheet u-valign-middle u-sheet-1\">\n        <div class=\"fr-view u-clearfix u-rich-text u-text u-text-1\">\n          <h1 style=\"text-align: left;\">\n            <span class=\"u-text-custom-color-1\">Pravo na osloba\u0111anje pla\u0107anja cestarine za uporabu autocesta<\/span>\n          <\/h1>\n          <p id=\"isPasted\">Pravo na osloba\u0111anje pla\u0107anja cestarine za uporabu autocesta i objekata s naplatom ostvaruje se samo uz predo\u010denje smart kartice (koju, na zahtjev osobe s invaliditetom, a temeljem rje\u0161enja Ministarstva pomorstva, prometa i infrastrukture, izdaju Hrvatske autoceste d.o.o.) i to isklju\u010divo kada osoba s invaliditetom upravlja ili je putnik u osobnom automobilu koji ima u vlasni\u0161tvu ili ga koristi temeljem ugovora o leasingu. Zahtjev za izdavanje smart kartice podnosi se osobno ili po\u0161tom na adresu: Hrvatske autoceste d.o.o., Jadranska avenija 6, 10250 Lu\u010dko.<\/p>\n          <p>Dodatne informacije mogu se zatra\u017eiti na brojevima telefona: (01)6504 812, (01)6504813 ili na besplatnom info telefonu 0800 0422.<\/p>\n          <p>Uz zahtjev potrebno je prilo\u017eiti:<\/p>\n          <ul>\n            <li style=\"box-sizing: border-box; margin: 0px 0px 0px 1em; padding: 3px 0px; border: 0px rgb(0, 0, 0); font: inherit; vertical-align: baseline;\">\n              <span class=\"u-text-palette-3-base\">presliku rje\u0161enja Ministarstva pomorstva, prometa i infrastrukture,<\/span>\n            <\/li>\n            <li style=\"box-sizing: border-box; margin: 0px 0px 0px 1em; padding: 3px 0px; border: 0px rgb(0, 0, 0); font: inherit; vertical-align: baseline;\">\n              <span class=\"u-text-palette-3-base\">presliku osobne iskaznice i<\/span>\n            <\/li>\n            <li style=\"box-sizing: border-box; margin: 0px 0px 0px 1em; padding: 3px 0px; border: 0px rgb(0, 0, 0); font: inherit; vertical-align: baseline;\">\n              <span class=\"u-text-palette-3-base\">fotografiju dimenzije 2,5 x 3 cm.<\/span>\n            <\/li>\n          <\/ul>\n          <p>Podnositelj zahtjeva pla\u0107a Hrvatskim autocestama d.o.o. cijenu izrade i izdavanja smart kartice u iznosu od 20,00 kuna kod osobnog preuzimanja smart kartice, odnosno 37,50 kuna kod dostave smart kartice na ku\u0107nu adresu putem po\u0161te.<\/p>\n          <p>\n            <span class=\"u-text-palette-3-base\">VA\u017dNO:<\/span> Na kraju, treba podsjetiti na obvezu osoba s invaliditetom da obavijeste Ministarstvo pomorstva, prometa i infrastrukture o svakoj promjeni koja utje\u010de na ostvarivanje spomenutih prava, u roku od 15 dana od dana nastanka promjene.\n          <\/p>\n          <p>Sve informacije mogu se dobiti na info telefonu Ministarstva pomorstva, prometa i infrastrukture (01)6169445, svakim radnim danom od 12,00 do 14,00 sati.<\/p>\n        <\/div>\n      <\/div>\n    <\/section>\n    \n    \n    \n    \n  \n<\/div>","protected":false},"excerpt":{"rendered":"<p>Pravo na osloba\u0111anje pla\u0107anja cestarine za uporabu autocesta Pravo na osloba\u0111anje pla\u0107anja cestarine za uporabu autocesta i objekata s naplatom ostvaruje se samo uz predo\u010denje smart kartice (koju, na zahtjev osobe s invaliditetom, a temeljem rje\u0161enja Ministarstva pomorstva, prometa i infrastrukture, izdaju Hrvatske autoceste d.o.o.) i to isklju\u010divo kada osoba s invaliditetom upravlja ili je [&hellip;]<\/p>\n","protected":false},"author":1,"featured_media":0,"parent":0,"menu_order":43,"comment_status":"closed","ping_status":"closed","template":"","meta":{"footnotes":""},"_links":{"self":[{"href":"https:\/\/kolibrici.hr\/index.php\/wp-json\/wp\/v2\/pages\/1656"}],"collection":[{"href":"https:\/\/kolibrici.hr\/index.php\/wp-json\/wp\/v2\/pages"}],"about":[{"href":"https:\/\/kolibrici.hr\/index.php\/wp-json\/wp\/v2\/types\/page"}],"author":[{"embeddable":true,"href":"https:\/\/kolibrici.hr\/index.php\/wp-json\/wp\/v2\/users\/1"}],"replies":[{"embeddable":true,"href":"https:\/\/kolibrici.hr\/index.php\/wp-json\/wp\/v2\/comments?post=1656"}],"version-history":[{"count":1,"href":"https:\/\/kolibrici.hr\/index.php\/wp-json\/wp\/v2\/pages\/1656\/revisions"}],"predecessor-version":[{"id":1793,"href":"https:\/\/kolibrici.hr\/index.php\/wp-json\/wp\/v2\/pages\/1656\/revisions\/1793"}],"wp:attachment":[{"href":"https:\/\/kolibrici.hr\/index.php\/wp-json\/wp\/v2\/media?parent=1656"}],"curies":[{"name":"wp","href":"https:\/\/api.w.org\/{rel}","templated":true}]}}