{"id":1662,"date":"2024-04-26T05:01:28","date_gmt":"2024-04-26T05:01:28","guid":{"rendered":"https:\/\/kolibrici.hr\/index.php\/pravo-na-status-roditelja-njeg-2\/"},"modified":"2024-04-26T05:01:50","modified_gmt":"2024-04-26T05:01:50","slug":"pravo-na-status-roditelja-njeg-2","status":"publish","type":"page","link":"https:\/\/kolibrici.hr\/index.php\/pravo-na-status-roditelja-njeg-2\/","title":{"rendered":"Pravo na status roditelja njeg"},"content":{"rendered":"<div class=\"\" style=\"\" >\n  \n    <section class=\"u-align-left u-clearfix u-section-1\" id=\"sec-4b82\">\n      <div class=\"u-clearfix u-sheet u-sheet-1\">\n        <div class=\"fr-view u-clearfix u-rich-text u-text u-text-1\">\n          <h1 style=\"text-align: left;\">\n            <br>\n          <\/h1>\n          <p id=\"isPasted\">\n            <span class=\"u-text-palette-3-base\" style=\"font-weight: 700;\">Pravo na status roditelja njegovatelja se priznaje:<\/span>\n          <\/p>\n          <p>1) Jednom od roditelja djeteta s te\u0161ko\u0107ama u razvoju ili osobe s invaliditetom koje ispunjava neki od sljede\u0107ih uvjeta:potpuno je ovisno o pomo\u0107i i njezi druge osobe jer mu je zbog odr\u017eavanja \u017eivota potrebno pru\u017eanje specifi\u010dne njege izvo\u0111enjem medicinsko-tehni\u010dkih zahvata za koju je prema preporuci lije\u010dnika roditelj osposobljenu potpunosti je nepokretno i uz pomo\u0107 ortopedskih pomagalaima vi\u0161e vrsta te\u0161kih o\u0161te\u0107enja (tjelesnih, mentalnih, intelektualnih ili osjetilnih), zbog kojih je potpuno ovisno o pomo\u0107i i njezi druge osobe pri zadovoljavanju osnovnih \u017eivotnih potreba<\/p>\n          <p>2) Oboma roditeljima ako u obitelji ima dvoje ili vi\u0161e djece s te\u0161ko\u0107ama u razvoju, odnosno osoba s invaliditetom koji ispunjavaju gore navedene uvjete<\/p>\n          <p>3) Bra\u010dnom ili izvanbra\u010dnom drugu roditelja djeteta s te\u0161ko\u0107ama u razvoju ili roditelja osobe s invaliditetom s kojim \u017eivi u obiteljskoj zajednici, umjesto roditelja<\/p>\n          <p>4) Ako u jednoroditeljskoj obitelji ima dvoje ili vi\u0161e djece s te\u0161ko\u0107ama u razvoju, odnosno osoba s invaliditetom, status roditelja njegovatelja mo\u017ee se priznati, osim roditelju, i jednom od \u010dlanova obitelji s kojim \u017eivi u obiteljskoj zajednici.Pravo na status njegovatelja se priznaje jednom od \u010dlanova obitelji s kojim dijete s te\u0161ko\u0107ama u razvoju ili osoba s invaliditetom \u017eivi u obiteljskoj zajednici, u slu\u010dajevima kada su roditelji djeteta s te\u0161ko\u0107ama u razvoju umrli ili nijedan od roditelja ne \u017eivi s djetetom i o njemu se ne brine, ili \u017eivi s djetetom, ali nije u mogu\u0107nosti pru\u017eiti mu potrebnu njegu zbog svog psihofizi\u010dkog stanja.<\/p>\n          <p>\n            <span class=\"u-text-palette-3-base\" style=\"font-weight: 700;\">Pravo se ne priznaje:<\/span>\n          <\/p>\n          <ul>\n            <li>ako je djetetu s te\u0161ko\u0107ama u razvoju ili osobi s invaliditetom osigurana usluga smje\u0161taja, organiziranog stanovanja, poludnevnog ili cjelodnevnog boravka u skladu sa Zakonom o socijalnoj skrbi<\/li>\n            <li>&nbsp;za vrijeme dok jedan roditelj koristi rodiljni, roditeljski ili posvojiteljski dopust za dijete, drugom roditelju ne mo\u017ee se priznati status roditelja njegovatelja za isto dijete.<\/li>\n            <li>Priznavanje prava u slu\u010dajevima kada dijete s te\u0161ko\u0107ama u razvoju, odnosno osoba s invaliditetom boravi u pred\u0161kolskoj, obrazovnoj ili zdravstvenoj ustanovi, domu socijalne skrbi, centru za pru\u017eanje usluga u zajednici ili kod drugog pru\u017eatelja usluge:<\/li>\n            <li>pravo na status roditelja njegovatelja ili njegovatelja se priznaje kada dijete s te\u0161ko\u0107ama u razvoju, odnosno osoba s invaliditetom boravi manje od \u010detiri sata dnevno u pred\u0161kolskoj, obrazovnoj ili zdravstvenoj ustanovi, domu socijalne skrbi ili kod drugog pru\u017eatelja usluga boravkaiznimno pravo na status roditelja njegovatelja ili njegovatelja se priznaje kada dijete s te\u0161ko\u0107ama u razvoju, odnosno osoba s invaliditetom u pred\u0161kolskoj, obrazovnoj ili zdravstvenoj ustanovi, domu socijalne skrbi, centru za pru\u017eanje usluga u zajednici ili kod drugog pru\u017eatelja usluge boravka boravi \u010detiri i vi\u0161e sati dnevno ako mu roditelj ili njegovatelj tijekom boravka pru\u017ea usluge pomo\u0107i i njege.<\/li>\n          <\/ul>\n          <p>\n            <span class=\"u-text-palette-3-base\" style=\"font-weight: 700;\">Iznos naknade&nbsp;<\/span>\n          <\/p>\n          <p>Naknada za roditelja njegovatelja ili njegovatelja iznosi 2500 kuna (pet osnovica) te on ima prava iz mirovinskoga osiguranja, zdravstvenog osiguranja i prava za vrijeme nezaposlenosti, kao zaposlena osoba prema posebnim propisima.<\/p>\n          <p>Osnovica za uplatu doprinosa je najni\u017ea mjese\u010dna osnovica za obra\u010dun doprinosa za obvezna osiguranja za teku\u0107u godinu.<\/p>\n          <p>Pravo na naknadu pripada i za vrijeme privremene nesposobnosti za pru\u017eanje njege zbog bolesti; tijekom odmora, kada ne obavlja poslove njegovatelja, a djetetu je osiguran privremeni smje\u0161taj tijekom godi\u0161njeg odmora roditelja njegovatelja po odredbama Zakona o socijalnoj skrbi, te ako je dijete na bolni\u010dkom lije\u010denju najdu\u017ee dva mjeseca.<\/p>\n          <p>\n            <span class=\"u-text-palette-3-base\" style=\"font-weight: 700;\">Pravo na odmor<\/span>\n          <\/p>\n          <p>Roditelj njegovatelj, odnosno njegovatelj mo\u017ee koristiti odmor u trajanju do \u010detiri tjedna tijekom godine.<\/p>\n          <p>Za vrijeme kori\u0161tenja odmora roditelju njegovatelju\/njegovatelju pripada pravo na naknadu.<\/p>\n          <p>\n            <span class=\"u-text-palette-3-base\" style=\"font-weight: 700;\">Ostvarivanje prava<\/span>\n          <\/p>\n          <p>Potencijalni korisnik mora podnijeti zahtjev nadle\u017enom centru za socijalnu skrb. Pravo se ostvaruje temeljem rje\u0161enja nadle\u017enog centra za socijalnu skrb prema prebivali\u0161tu korisnika. Pravo se priznaje s danom podno\u0161enja zahtjeva ili pokretanja postupka po slu\u017ebenoj du\u017enosti.<\/p>\n          <p>\n            <span class=\"u-text-palette-3-base\" style=\"font-weight: 700;\">Pravo prestaje:<\/span>\n          <\/p>\n          <ul>\n            <li>na zahtjev roditelja njegovatelja ili njegovateljaako roditelj njegovatelj ili njegovatelj nije u mogu\u0107nosti pru\u017eati potrebnu njegu zbog svojeg psihofizi\u010dkoga stanjaako roditelj njegovatelj ili njegovatelj zbog neopravdanih razloga ne obavlja poslove njegovatelja<\/li>\n            <li>ako se roditelj njegovatelj ili njegovatelj nalazi u pritvoru, odnosno istra\u017enom zatvoru ili na izdr\u017eavanju kazne zatvora u trajanju duljem od dva mjeseca<\/li>\n            <li>kada roditelj njegovatelj ili njegovatelj navr\u0161i 65 godina \u017eivota, osim u slu\u010daju ako se pru\u017eanje pomo\u0107i i njege ne mo\u017ee osigurati putem \u010dlanova obitelji s kojim \u017eivi u obiteljskoj zajednici<\/li>\n            <li>smr\u0107u djeteta s te\u0161ko\u0107ama u razvoju ili osobe s invaliditetom, roditelja njegovatelja ili njegovatelja.<\/li>\n          <\/ul>\n        <\/div>\n      <\/div>\n    <\/section>\n    \n    \n    \n    \n  \n<\/div>","protected":false},"excerpt":{"rendered":"<p>Pravo na status roditelja njegovatelja se priznaje: 1) Jednom od roditelja djeteta s te\u0161ko\u0107ama u razvoju ili osobe s invaliditetom koje ispunjava neki od sljede\u0107ih uvjeta:potpuno je ovisno o pomo\u0107i i njezi druge osobe jer mu je zbog odr\u017eavanja \u017eivota potrebno pru\u017eanje specifi\u010dne njege izvo\u0111enjem medicinsko-tehni\u010dkih zahvata za koju je prema preporuci lije\u010dnika roditelj osposobljenu [&hellip;]<\/p>\n","protected":false},"author":1,"featured_media":0,"parent":0,"menu_order":49,"comment_status":"closed","ping_status":"closed","template":"","meta":{"footnotes":""},"_links":{"self":[{"href":"https:\/\/kolibrici.hr\/index.php\/wp-json\/wp\/v2\/pages\/1662"}],"collection":[{"href":"https:\/\/kolibrici.hr\/index.php\/wp-json\/wp\/v2\/pages"}],"about":[{"href":"https:\/\/kolibrici.hr\/index.php\/wp-json\/wp\/v2\/types\/page"}],"author":[{"embeddable":true,"href":"https:\/\/kolibrici.hr\/index.php\/wp-json\/wp\/v2\/users\/1"}],"replies":[{"embeddable":true,"href":"https:\/\/kolibrici.hr\/index.php\/wp-json\/wp\/v2\/comments?post=1662"}],"version-history":[{"count":1,"href":"https:\/\/kolibrici.hr\/index.php\/wp-json\/wp\/v2\/pages\/1662\/revisions"}],"predecessor-version":[{"id":1799,"href":"https:\/\/kolibrici.hr\/index.php\/wp-json\/wp\/v2\/pages\/1662\/revisions\/1799"}],"wp:attachment":[{"href":"https:\/\/kolibrici.hr\/index.php\/wp-json\/wp\/v2\/media?parent=1662"}],"curies":[{"name":"wp","href":"https:\/\/api.w.org\/{rel}","templated":true}]}}