{"id":1664,"date":"2024-04-26T05:01:30","date_gmt":"2024-04-26T05:01:30","guid":{"rendered":"https:\/\/kolibrici.hr\/index.php\/dopust-radi-njege-djeteta-2\/"},"modified":"2024-04-26T05:01:51","modified_gmt":"2024-04-26T05:01:51","slug":"dopust-radi-njege-djeteta-2","status":"publish","type":"page","link":"https:\/\/kolibrici.hr\/index.php\/dopust-radi-njege-djeteta-2\/","title":{"rendered":"Dopust radi njege djeteta"},"content":{"rendered":"<div class=\"\" style=\"\" >\n  \n    <section class=\"u-align-left u-clearfix u-section-1\" id=\"sec-42e6\">\n      <div class=\"u-clearfix u-sheet u-valign-middle u-sheet-1\">\n        <div class=\"fr-view u-clearfix u-rich-text u-text u-text-1\">\n          <h1 style=\"text-align: left;\">\n            <span class=\"u-text-palette-3-base\">Dopust radi njege djeteta s te\u017eim smetnjama u razvoju<\/span>\n          <\/h1>\n          <p id=\"isPasted\">Pravo na rad s polovicom punog radnog vremena zbog poja\u010dane njege djeteta traje do navr\u0161ene tre\u0107e godine djetetova \u017eivota.\nIznos nov\u010dane naknade je 50 posto prora\u010dunske osnovice mjese\u010dno za puno radno vrijeme, odnosno 1663,00 kune.\nPostupak za ostvarivanje navedenih prava provode podru\u010dne slu\u017ebe, te regionalni uredi Hrvatskog zavoda za zdravstveno osiguranje (HZZO).\n&nbsp;<\/p>\n          <p>\n            <span class=\"u-text-palette-3-base\" style=\"font-weight: 700;\">Uvjeti za ostvarivanje prava<\/span>\n          <\/p>\n          <p>Pravo na rad s polovicom punog radnog vremena zbog poja\u010dane njege djeteta mo\u017ee ostvariti jedan od zaposlenih odnosno samozaposlenih roditelja po iskori\u0161tenju roditeljskog dopusta ako je djetetu, prema nalazu i ocjeni izabranog doktora primarne zdravstvene za\u0161tite i nadle\u017enog lije\u010dni\u010dkog povjerenstva HZZO-a, zbog njegova zdravlja i razvoja, potrebna poja\u010dana briga i njega. Pravo na rad s polovicom punog radnog vremena radi poja\u010dane njege djeteta mo\u017ee ostvariti samo jedan od roditelja pod uvjetom da oba roditelja imaju status zaposlenog, odnosno samozaposlenog roditelja s punim radnim vremenom, uz iznimku roditelja koji sam brine i njeguje dijete, odnosno ako drugi roditelj koji nema status zaposlene, odnosno samozaposlene osobe nije u mogu\u0107nosti zbog svog psihofizi\u010dkog stanja pru\u017eiti poja\u010danu brigu i njegu djetetu.<\/p>\n          <p>\n            <span class=\"u-text-palette-3-base\" style=\"font-weight: 700;\">Tko ne mo\u017ee ostvariti pravo?<\/span>\n          <\/p>\n          <p>Pravo ne mo\u017ee ostvariti roditelj, odnosno pravo prestaje za vrijeme dok je dijete stalno ili tjedno smje\u0161teno u zdravstvenoj ustanovi ili ustanovi socijalne skrbi, odnosno ako je dijete smje\u0161teno u pred\u0161kolskoj ustanovi u kojoj ima smje\u0161taj svakodnevno du\u017ee od osam sati. Potrebu poja\u010dane brige i njege djeteta, kao i du\u017einu trajanja poja\u010dane brige i njege utvr\u0111uje nadle\u017eno lije\u010dni\u010dko povjerenstvo HZZO-a na temelju prijedloga izabranog doktora medicine primarne zdravstvene za\u0161tite djeteta. Tako\u0111er, lije\u010dni\u010dko povjerenstvo HZZO-a &nbsp;daje i ocjenu psihofizi\u010dkog stanja roditelja koji ne mo\u017ee pru\u017eati poja\u010danu brigu i njegu djetetu, kao i o postojanju okolnosti vezanih uz zdravstveno stanje drugog roditelja zbog kojih nema mogu\u0107nost pru\u017eati djetetu poja\u010danu brigu i njegu. Na osnovi podnijetog pisanog zahtjeva roditelja i donesenog nalaza, mi\u0161ljenja i ocjene lije\u010dni\u010dkog povjerenstva, roditelju djeteta izdaje se u podru\u010dnoj slu\u017ebi odnosno regionalnom uredu HZZO-a, nadle\u017enom prema mjestu prebivali\u0161ta odnosno boravi\u0161ta roditelja, rje\u0161enje u prvostupanjskom upravnom postupku.<\/p>\n        <\/div>\n      <\/div>\n    <\/section>\n    \n    \n    \n    \n  \n<\/div>","protected":false},"excerpt":{"rendered":"<p>Dopust radi njege djeteta s te\u017eim smetnjama u razvoju Pravo na rad s polovicom punog radnog vremena zbog poja\u010dane njege djeteta traje do navr\u0161ene tre\u0107e godine djetetova \u017eivota. Iznos nov\u010dane naknade je 50 posto prora\u010dunske osnovice mjese\u010dno za puno radno vrijeme, odnosno 1663,00 kune. Postupak za ostvarivanje navedenih prava provode podru\u010dne slu\u017ebe, te regionalni uredi [&hellip;]<\/p>\n","protected":false},"author":1,"featured_media":0,"parent":0,"menu_order":51,"comment_status":"closed","ping_status":"closed","template":"","meta":{"footnotes":""},"_links":{"self":[{"href":"https:\/\/kolibrici.hr\/index.php\/wp-json\/wp\/v2\/pages\/1664"}],"collection":[{"href":"https:\/\/kolibrici.hr\/index.php\/wp-json\/wp\/v2\/pages"}],"about":[{"href":"https:\/\/kolibrici.hr\/index.php\/wp-json\/wp\/v2\/types\/page"}],"author":[{"embeddable":true,"href":"https:\/\/kolibrici.hr\/index.php\/wp-json\/wp\/v2\/users\/1"}],"replies":[{"embeddable":true,"href":"https:\/\/kolibrici.hr\/index.php\/wp-json\/wp\/v2\/comments?post=1664"}],"version-history":[{"count":1,"href":"https:\/\/kolibrici.hr\/index.php\/wp-json\/wp\/v2\/pages\/1664\/revisions"}],"predecessor-version":[{"id":1801,"href":"https:\/\/kolibrici.hr\/index.php\/wp-json\/wp\/v2\/pages\/1664\/revisions\/1801"}],"wp:attachment":[{"href":"https:\/\/kolibrici.hr\/index.php\/wp-json\/wp\/v2\/media?parent=1664"}],"curies":[{"name":"wp","href":"https:\/\/api.w.org\/{rel}","templated":true}]}}