{"id":1675,"date":"2024-04-26T05:01:41","date_gmt":"2024-04-26T05:01:41","guid":{"rendered":"https:\/\/kolibrici.hr\/index.php\/vaucer-za-struju-2\/"},"modified":"2024-04-26T05:01:53","modified_gmt":"2024-04-26T05:01:53","slug":"vaucer-za-struju-2","status":"publish","type":"page","link":"https:\/\/kolibrici.hr\/index.php\/vaucer-za-struju-2\/","title":{"rendered":"Vau\u010der za struju"},"content":{"rendered":"<div class=\"\" style=\"\" >\n   \n    <section class=\"u-align-left u-clearfix u-section-1\" id=\"sec-07b1\">\n      <div class=\"u-clearfix u-sheet u-valign-middle u-sheet-1\">\n        <div class=\"fr-view u-clearfix u-rich-text u-text u-text-1\">\n          <h1 style=\"text-align: left;\">\n            <span class=\"u-text-palette-3-base\">Vau\u010der za struju<\/span>\n          <\/h1>\n          <p id=\"isPasted\">\n            <span class=\"u-text-palette-3-base\" style=\"font-weight: 700;\">Za korisnike osobne invalidnine i zajam\u010dene minimalne naknade &nbsp;<\/span>\n          <\/p>\n          <p>Centri za socijalnu skrb izdaju rje\u0161enje za pla\u0107anje tro\u0161kova elektri\u010dne energije za korisnike osobne invalidnine i zajam\u010dene minimalne naknade. Pla\u0107anje se obavlja u poslovnicama FINA-e uz predo\u010denje rje\u0161enja, osobne iskaznice i ra\u010duna za struju. FINA zatim upla\u0107uje iznos od 200,00 kn distributeru od kojeg korisnik dobiva struju.<\/p>\n          <p>Napominjemo da pravo imaju&nbsp;svi korisnici osobne invalidnine ili zajam\u010dene minimalne&nbsp;naknade bez obzira jesu li vlasnici brojila.<\/p>\n          <p>Vladinom uredbom o naknadi za najugro\u017eenije kupce elektri\u010dne energije tako\u0111er je propisano da isporu\u010ditelj struju socijalno ugro\u017eenom korisniku ne mo\u017ee isklju\u010diti, a da se prije ne konzultira s nadle\u017enim centrom za socijalnu skrb.<\/p>\n          <p>&nbsp;<\/p>\n          <p style=\"text-align: left;\">\n            <span style=\"font-style: italic;\">&nbsp;<\/span>\n          <\/p>\n        <\/div>\n      <\/div>\n    <\/section>\n    \n    \n    \n    \n  \n<\/div>","protected":false},"excerpt":{"rendered":"<p>Vau\u010der za struju Za korisnike osobne invalidnine i zajam\u010dene minimalne naknade &nbsp; Centri za socijalnu skrb izdaju rje\u0161enje za pla\u0107anje tro\u0161kova elektri\u010dne energije za korisnike osobne invalidnine i zajam\u010dene minimalne naknade. Pla\u0107anje se obavlja u poslovnicama FINA-e uz predo\u010denje rje\u0161enja, osobne iskaznice i ra\u010duna za struju. FINA zatim upla\u0107uje iznos od 200,00 kn distributeru od [&hellip;]<\/p>\n","protected":false},"author":1,"featured_media":0,"parent":0,"menu_order":62,"comment_status":"closed","ping_status":"closed","template":"","meta":{"footnotes":""},"_links":{"self":[{"href":"https:\/\/kolibrici.hr\/index.php\/wp-json\/wp\/v2\/pages\/1675"}],"collection":[{"href":"https:\/\/kolibrici.hr\/index.php\/wp-json\/wp\/v2\/pages"}],"about":[{"href":"https:\/\/kolibrici.hr\/index.php\/wp-json\/wp\/v2\/types\/page"}],"author":[{"embeddable":true,"href":"https:\/\/kolibrici.hr\/index.php\/wp-json\/wp\/v2\/users\/1"}],"replies":[{"embeddable":true,"href":"https:\/\/kolibrici.hr\/index.php\/wp-json\/wp\/v2\/comments?post=1675"}],"version-history":[{"count":1,"href":"https:\/\/kolibrici.hr\/index.php\/wp-json\/wp\/v2\/pages\/1675\/revisions"}],"predecessor-version":[{"id":1812,"href":"https:\/\/kolibrici.hr\/index.php\/wp-json\/wp\/v2\/pages\/1675\/revisions\/1812"}],"wp:attachment":[{"href":"https:\/\/kolibrici.hr\/index.php\/wp-json\/wp\/v2\/media?parent=1675"}],"curies":[{"name":"wp","href":"https:\/\/api.w.org\/{rel}","templated":true}]}}