{"id":344,"date":"2023-12-07T09:03:28","date_gmt":"2023-12-07T09:03:28","guid":{"rendered":"https:\/\/kolibrici.hr\/index.php\/jedan-dan-u-obitelji\/"},"modified":"2023-12-07T09:04:27","modified_gmt":"2023-12-07T09:04:27","slug":"jedan-dan-u-obitelji","status":"publish","type":"page","link":"https:\/\/kolibrici.hr\/index.php\/jedan-dan-u-obitelji\/","title":{"rendered":"JEDAN DAN U OBITELJI"},"content":{"rendered":"<div class=\"\" style=\"\" >\n  \n    <section class=\"u-align-center u-clearfix u-section-1\" id=\"carousel_b15d\">\n      <div class=\"u-expanded-width u-palette-3-base u-shape u-shape-rectangle u-shape-1\"><\/div>\n      <h2 class=\"u-align-left u-text u-text-1\">\n        <span style=\"font-weight: 700;\"><\/span>JEDAN PROSJE\u010cAN DAN U OBITELJI KOLIBRI\u0106A<br>\n      <\/h2>\n      <div class=\"u-shape u-shape-circle u-white u-shape-2\"><\/div>\n      <img decoding=\"async\" class=\"u-image u-image-default u-image-1\" data-image-width=\"495\" data-image-height=\"400\" src=\"https:\/\/kolibrici.hr\/wp-content\/uploads\/2023\/12\/550825_3405829865536_2071266989_n-495x400-3.jpg\">\n      <div class=\"u-align-left u-container-align-left u-container-style u-group u-white u-group-1\">\n        <div class=\"u-container-layout u-container-layout-1\">\n          <h3 class=\"u-align-left u-text u-text-2\"> Jedan dan u Petrovoj obitelji<\/h3>\n          <p class=\"u-align-left u-text u-text-3\"> Obitelj Kolibri\u0107a \u017eivi jednu druga\u010diju svakodnevicu, te\u0161ku, no u isto vrijeme posebnu\u2026tu se ljubav pokazuje u najljep\u0161em svjetlu.<br>Da bi Kolibri\u0107 mogao do\u0107i u svoje gnijezdo, svojoj ku\u0107i, roditelji prolaze bolni\u010dku edukaciju koja katkad traje i nekoliko mjeseci, ovisno o zahtjevnosti bolesti i stanju djeteta. U svom domu trebaju organizirati prave male jedinice intenzivnog lije\u010denja kako bi osigurali najbolju mogu\u0107u njegu za svoje dijete. Na\u0161 Kolibri\u0107 Petar i njegova vesela obitelj, poku\u0161at \u0107e vam pokazati kako izgleda jedan njihov dan.\n          <\/p>\n        <\/div>\n      <\/div>\n      <div class=\"u-align-left u-container-style u-group u-white u-group-2\">\n        <div class=\"u-container-layout u-container-layout-2\">\n          <h3 class=\"u-align-left u-text u-text-4\"> 1. Jutro<\/h3><span class=\"u-icon u-text-palette-3-light-2 u-icon-1\"><svg class=\"u-svg-link\" preserveAspectRatio=\"xMidYMin slice\" viewBox=\"0 0 56 56\" style=\"\"><use xmlns:xlink=\"http:\/\/www.w3.org\/1999\/xlink\" xlink:href=\"#svg-8eb6\"><\/use><\/svg><svg class=\"u-svg-content\" viewBox=\"0 0 56 56\" x=\"0px\" y=\"0px\" id=\"svg-8eb6\" style=\"enable-background:new 0 0 56 56;\"><path d=\"M25,46H10.845C4.865,46,0,41.135,0,35.154C0,31,2.705,26.688,6.433,24.901L7,24.63V24c0-0.127,0.008-0.256,0.015-0.386\n\tl0.009-0.16l-0.012-0.21C7.006,23.163,7,23.082,7,23c0-3.859,3.141-7,7-7c0.309,0,0.614,0.027,0.917,0.067\n\tc0.078,0.01,0.156,0.023,0.233,0.036c0.267,0.044,0.53,0.102,0.789,0.177c0.035,0.01,0.071,0.017,0.106,0.027\n\tc0.285,0.087,0.563,0.197,0.835,0.321c0.071,0.032,0.14,0.067,0.21,0.101c0.24,0.119,0.475,0.249,0.702,0.396\n\tC19.719,18.373,21,20.538,21,23c0,0.553,0.447,1,1,1s1-0.447,1-1c0-2.754-1.246-5.219-3.2-6.871C22.667,12.379,27.388,10,32.085,10\n\tc7.745,0,14.177,6.135,14.848,13.888c-1.022-0.072-2.552-0.109-4.083,0.124c-0.546,0.083-0.921,0.593-0.838,1.139\n\tc0.075,0.495,0.501,0.85,0.987,0.85c0.05,0,0.101-0.004,0.151-0.012c2.227-0.337,4.548-0.021,4.684-0.002\n\tC52.49,26.872,56,31.161,56,35.972C56,41.501,51.501,46,45.972,46H33H25z\"><\/path><\/svg><\/span>\n          <p class=\"u-align-left u-text u-text-5\"> Jutro po\u010dinje uz aspiriranje (tzv. usisavanje) sline u kanili, ustima i nosi\u0107u kako nakupljeni \u0161lajm ne bi uzrokovao te\u0161ko\u0107e u disanju. Iako je sam postupak aspiriranja malo neugodan, Petar to hrabro podnosi. Slijedi umivanje, pranje zubi\u0107a\u2026 Petar ima traheostomu, tj. kirur\u0161ki napravljen otvor na prednjoj stijenci vrata kako bi lak\u0161e disao i kako bi se omogu\u0107ila bolja prohodnost di\u0161nog puta. U traheostomu je umetnuta kanila. Traheostomu i kanilu zbog specifi\u010dnosti di\u0161nog puta treba redovito i pravilno njegovati. Svakodnevno se mijenja trakica i podlo\u0161ci ispod kanile.<\/p>\n        <\/div>\n      <\/div>\n      <img decoding=\"async\" class=\"u-image u-image-round u-radius-10 u-image-2\" src=\"https:\/\/kolibrici.hr\/wp-content\/uploads\/2023\/12\/Dorucak-3-e1493207599105-495x400-3.jpg\" alt=\"\" data-image-width=\"495\" data-image-height=\"400\">\n      <div class=\"u-align-left u-container-style u-group u-white u-group-3\">\n        <div class=\"u-container-layout u-container-layout-3\">\n          <h3 class=\"u-align-left u-text u-text-6\"> 2. Doru\u010dak \u2013 hranjenje<\/h3><span class=\"u-icon u-text-palette-3-light-2 u-icon-2\"><svg class=\"u-svg-link\" preserveAspectRatio=\"xMidYMin slice\" viewBox=\"0 0 56 56\" style=\"\"><use xmlns:xlink=\"http:\/\/www.w3.org\/1999\/xlink\" xlink:href=\"#svg-9bc0\"><\/use><\/svg><svg class=\"u-svg-content\" viewBox=\"0 0 56 56\" x=\"0px\" y=\"0px\" id=\"svg-9bc0\" style=\"enable-background:new 0 0 56 56;\"><path d=\"M25,46H10.845C4.865,46,0,41.135,0,35.154C0,31,2.705,26.688,6.433,24.901L7,24.63V24c0-0.127,0.008-0.256,0.015-0.386\n\tl0.009-0.16l-0.012-0.21C7.006,23.163,7,23.082,7,23c0-3.859,3.141-7,7-7c0.309,0,0.614,0.027,0.917,0.067\n\tc0.078,0.01,0.156,0.023,0.233,0.036c0.267,0.044,0.53,0.102,0.789,0.177c0.035,0.01,0.071,0.017,0.106,0.027\n\tc0.285,0.087,0.563,0.197,0.835,0.321c0.071,0.032,0.14,0.067,0.21,0.101c0.24,0.119,0.475,0.249,0.702,0.396\n\tC19.719,18.373,21,20.538,21,23c0,0.553,0.447,1,1,1s1-0.447,1-1c0-2.754-1.246-5.219-3.2-6.871C22.667,12.379,27.388,10,32.085,10\n\tc7.745,0,14.177,6.135,14.848,13.888c-1.022-0.072-2.552-0.109-4.083,0.124c-0.546,0.083-0.921,0.593-0.838,1.139\n\tc0.075,0.495,0.501,0.85,0.987,0.85c0.05,0,0.101-0.004,0.151-0.012c2.227-0.337,4.548-0.021,4.684-0.002\n\tC52.49,26.872,56,31.161,56,35.972C56,41.501,51.501,46,45.972,46H33H25z\"><\/path><\/svg><\/span>\n          <p class=\"u-align-left u-text u-text-7\"> S obzirom da zbog slabih mi\u0161i\u0107a ne mo\u017ee gutati, Petar ima takozvani PEG \u2013 to je poseban kateter postavljen kroz mali rez u trbu\u0161noj stijenci koji slu\u017ei za prehranu. Hraniti se mo\u017ee putem pumpe ili \u0161trcaljke\/\u0161price. Pomo\u0107u pumpe za hranjenje, osigurano mu je jednostavnije hranjenje te dovoljan unos kvalitetnih hranjivih namirnica, teku\u0107ine kao i vitamina i minerala. Na tr\u017ei\u0161tu postoje gotovi hranjivi preparati koji se mogu koristiti putem PEG-a.<\/p>\n        <\/div>\n      <\/div>\n      <div class=\"u-align-left u-container-style u-group u-white u-group-4\">\n        <div class=\"u-container-layout u-container-layout-4\">\n          <h3 class=\"u-align-left u-text u-text-8\">3. \u200bFizikalna terapija<\/h3><span class=\"u-icon u-text-palette-3-light-2 u-icon-3\"><svg class=\"u-svg-link\" preserveAspectRatio=\"xMidYMin slice\" viewBox=\"0 0 56 56\" style=\"\"><use xmlns:xlink=\"http:\/\/www.w3.org\/1999\/xlink\" xlink:href=\"#svg-c4ef\"><\/use><\/svg><svg class=\"u-svg-content\" viewBox=\"0 0 56 56\" x=\"0px\" y=\"0px\" id=\"svg-c4ef\" style=\"enable-background:new 0 0 56 56;\"><path d=\"M25,46H10.845C4.865,46,0,41.135,0,35.154C0,31,2.705,26.688,6.433,24.901L7,24.63V24c0-0.127,0.008-0.256,0.015-0.386\n\tl0.009-0.16l-0.012-0.21C7.006,23.163,7,23.082,7,23c0-3.859,3.141-7,7-7c0.309,0,0.614,0.027,0.917,0.067\n\tc0.078,0.01,0.156,0.023,0.233,0.036c0.267,0.044,0.53,0.102,0.789,0.177c0.035,0.01,0.071,0.017,0.106,0.027\n\tc0.285,0.087,0.563,0.197,0.835,0.321c0.071,0.032,0.14,0.067,0.21,0.101c0.24,0.119,0.475,0.249,0.702,0.396\n\tC19.719,18.373,21,20.538,21,23c0,0.553,0.447,1,1,1s1-0.447,1-1c0-2.754-1.246-5.219-3.2-6.871C22.667,12.379,27.388,10,32.085,10\n\tc7.745,0,14.177,6.135,14.848,13.888c-1.022-0.072-2.552-0.109-4.083,0.124c-0.546,0.083-0.921,0.593-0.838,1.139\n\tc0.075,0.495,0.501,0.85,0.987,0.85c0.05,0,0.101-0.004,0.151-0.012c2.227-0.337,4.548-0.021,4.684-0.002\n\tC52.49,26.872,56,31.161,56,35.972C56,41.501,51.501,46,45.972,46H33H25z\"><\/path><\/svg><\/span>\n          <p class=\"u-align-left u-text u-text-9\"> Svakodnevno kod Petra dolazi fizioterapeut koji s njim vje\u017eba individualne pasivne vje\u017ebe kako bi se opustili mi\u0161i\u0107i, pobolj\u0161ala cirkulacija, pove\u0107ala mobilnost zglobova, odgodile kontrakture te ubla\u017eila bol. Dobrobiti vje\u017ebanja su brojne i direktno utje\u010du na kvalitetu njegova \u017eivota. Fizioterapeut provodi i edukaciju roditelja kako bi oni svakodnevno provodili potrebne vje\u017ebe. Ponekad ulogu instruktorice i maserke preuzme i Petrova sestrica. Vidi se koliko on u tome u\u017eiva!<\/p>\n        <\/div>\n      <\/div>\n      <img decoding=\"async\" class=\"u-image u-image-round u-radius-10 u-image-3\" src=\"https:\/\/kolibrici.hr\/wp-content\/uploads\/2023\/12\/Jutro-e1493159947624-495x400-3.jpeg\" alt=\"\" data-image-width=\"495\" data-image-height=\"400\">\n      <img decoding=\"async\" class=\"u-image u-image-round u-radius-10 u-image-4\" src=\"https:\/\/kolibrici.hr\/wp-content\/uploads\/2023\/12\/Fizikalna-e1493160204292-495x400-3.jpeg\" alt=\"\" data-image-width=\"495\" data-image-height=\"400\">\n      <img decoding=\"async\" class=\"u-image u-image-round u-radius-10 u-image-5\" src=\"https:\/\/kolibrici.hr\/wp-content\/uploads\/2023\/12\/slika10-495x400-3.jpg\" alt=\"\" data-image-width=\"495\" data-image-height=\"400\">\n      <div class=\"u-align-left u-container-style u-group u-white u-group-5\">\n        <div class=\"u-container-layout u-container-layout-5\"><span class=\"u-icon u-text-palette-3-light-2 u-icon-4\"><svg class=\"u-svg-link\" preserveAspectRatio=\"xMidYMin slice\" viewBox=\"0 0 56 56\" style=\"\"><use xmlns:xlink=\"http:\/\/www.w3.org\/1999\/xlink\" xlink:href=\"#svg-e028\"><\/use><\/svg><svg class=\"u-svg-content\" viewBox=\"0 0 56 56\" x=\"0px\" y=\"0px\" id=\"svg-e028\" style=\"enable-background:new 0 0 56 56;\"><path d=\"M25,46H10.845C4.865,46,0,41.135,0,35.154C0,31,2.705,26.688,6.433,24.901L7,24.63V24c0-0.127,0.008-0.256,0.015-0.386\n\tl0.009-0.16l-0.012-0.21C7.006,23.163,7,23.082,7,23c0-3.859,3.141-7,7-7c0.309,0,0.614,0.027,0.917,0.067\n\tc0.078,0.01,0.156,0.023,0.233,0.036c0.267,0.044,0.53,0.102,0.789,0.177c0.035,0.01,0.071,0.017,0.106,0.027\n\tc0.285,0.087,0.563,0.197,0.835,0.321c0.071,0.032,0.14,0.067,0.21,0.101c0.24,0.119,0.475,0.249,0.702,0.396\n\tC19.719,18.373,21,20.538,21,23c0,0.553,0.447,1,1,1s1-0.447,1-1c0-2.754-1.246-5.219-3.2-6.871C22.667,12.379,27.388,10,32.085,10\n\tc7.745,0,14.177,6.135,14.848,13.888c-1.022-0.072-2.552-0.109-4.083,0.124c-0.546,0.083-0.921,0.593-0.838,1.139\n\tc0.075,0.495,0.501,0.85,0.987,0.85c0.05,0,0.101-0.004,0.151-0.012c2.227-0.337,4.548-0.021,4.684-0.002\n\tC52.49,26.872,56,31.161,56,35.972C56,41.501,51.501,46,45.972,46H33H25z\"><\/path><\/svg><\/span>\n          <h3 class=\"u-align-left u-text u-text-10\">4. \u200b\u200bRespiratorna terapija<\/h3>\n          <p class=\"u-align-left u-text u-text-11\"> Va\u017eno je i redovito provoditi drena\u017eu di\u0161nih putova koja uklju\u010duje razli\u010dite drena\u017ene polo\u017eaje i perkusiju tj. poseban na\u010din lupkanja grudnog ko\u0161a koji olak\u0161ava izbacivanje sluzi iz plu\u0107a. Vjerojatno ste uz Petrov krevet primijetili ve\u0107i aparat koji ima pri\u010dvr\u0161\u0107ene prozirne cijevi to je respirator ili aparat za umjetno disanje. On slu\u017ei da nadomjesti disanje ako je ono nedovoljno.<\/p>\n        <\/div>\n      <\/div>\n    <\/section>\n    <section class=\"u-clearfix u-section-2\" id=\"sec-8d82\">\n      <div class=\"u-clearfix u-sheet u-sheet-1\">\n        <div class=\"u-align-left u-container-style u-group u-white u-group-1\">\n          <div class=\"u-container-layout u-container-layout-1\">\n            <h3 class=\"u-align-left u-text u-text-1\">5.&nbsp;Ru\u010dak<\/h3><span class=\"u-icon u-text-palette-3-light-2 u-icon-1\"><svg class=\"u-svg-link\" preserveAspectRatio=\"xMidYMin slice\" viewBox=\"0 0 56 56\" style=\"\"><use xmlns:xlink=\"http:\/\/www.w3.org\/1999\/xlink\" xlink:href=\"#svg-cc43\"><\/use><\/svg><svg class=\"u-svg-content\" viewBox=\"0 0 56 56\" x=\"0px\" y=\"0px\" id=\"svg-cc43\" style=\"enable-background:new 0 0 56 56;\"><path d=\"M25,46H10.845C4.865,46,0,41.135,0,35.154C0,31,2.705,26.688,6.433,24.901L7,24.63V24c0-0.127,0.008-0.256,0.015-0.386\n\tl0.009-0.16l-0.012-0.21C7.006,23.163,7,23.082,7,23c0-3.859,3.141-7,7-7c0.309,0,0.614,0.027,0.917,0.067\n\tc0.078,0.01,0.156,0.023,0.233,0.036c0.267,0.044,0.53,0.102,0.789,0.177c0.035,0.01,0.071,0.017,0.106,0.027\n\tc0.285,0.087,0.563,0.197,0.835,0.321c0.071,0.032,0.14,0.067,0.21,0.101c0.24,0.119,0.475,0.249,0.702,0.396\n\tC19.719,18.373,21,20.538,21,23c0,0.553,0.447,1,1,1s1-0.447,1-1c0-2.754-1.246-5.219-3.2-6.871C22.667,12.379,27.388,10,32.085,10\n\tc7.745,0,14.177,6.135,14.848,13.888c-1.022-0.072-2.552-0.109-4.083,0.124c-0.546,0.083-0.921,0.593-0.838,1.139\n\tc0.075,0.495,0.501,0.85,0.987,0.85c0.05,0,0.101-0.004,0.151-0.012c2.227-0.337,4.548-0.021,4.684-0.002\n\tC52.49,26.872,56,31.161,56,35.972C56,41.501,51.501,46,45.972,46H33H25z\"><\/path><\/svg><\/span>\n            <p class=\"u-align-left u-text u-text-2\"> Osim ve\u0107 spomenutih gotovih pripravaka, Petar mo\u017ee jesti i mamine juhe, variva i sli\u010dno. Sve mora biti dobro izmiksano kako bi nesmetano prolazilo kroz kateter. Nakon fine klope, ako je vrijeme pogodno, Petar odlazi \u0161etnju. Posebno voli gledati more i galebove.<\/p>\n          <\/div>\n        <\/div>\n        <img decoding=\"async\" class=\"u-image u-image-round u-radius-10 u-image-1\" src=\"https:\/\/kolibrici.hr\/wp-content\/uploads\/2023\/12\/185634_4227028955000_574653510_n-495x400-3.jpg\" alt=\"\" data-image-width=\"495\" data-image-height=\"400\">\n        <img decoding=\"async\" class=\"u-image u-image-round u-radius-10 u-image-2\" src=\"https:\/\/kolibrici.hr\/wp-content\/uploads\/2023\/12\/Odmor-495x400-3.jpeg\" alt=\"\" data-image-width=\"495\" data-image-height=\"400\">\n        <div class=\"u-align-left u-container-style u-group u-white u-group-2\">\n          <div class=\"u-container-layout u-container-layout-2\">\n            <h3 class=\"u-align-left u-text u-text-3\">6.&nbsp;\u200bOdmor<\/h3><span class=\"u-icon u-text-palette-3-light-2 u-icon-2\"><svg class=\"u-svg-link\" preserveAspectRatio=\"xMidYMin slice\" viewBox=\"0 0 56 56\" style=\"\"><use xmlns:xlink=\"http:\/\/www.w3.org\/1999\/xlink\" xlink:href=\"#svg-12cb\"><\/use><\/svg><svg class=\"u-svg-content\" viewBox=\"0 0 56 56\" x=\"0px\" y=\"0px\" id=\"svg-12cb\" style=\"enable-background:new 0 0 56 56;\"><path d=\"M25,46H10.845C4.865,46,0,41.135,0,35.154C0,31,2.705,26.688,6.433,24.901L7,24.63V24c0-0.127,0.008-0.256,0.015-0.386\n\tl0.009-0.16l-0.012-0.21C7.006,23.163,7,23.082,7,23c0-3.859,3.141-7,7-7c0.309,0,0.614,0.027,0.917,0.067\n\tc0.078,0.01,0.156,0.023,0.233,0.036c0.267,0.044,0.53,0.102,0.789,0.177c0.035,0.01,0.071,0.017,0.106,0.027\n\tc0.285,0.087,0.563,0.197,0.835,0.321c0.071,0.032,0.14,0.067,0.21,0.101c0.24,0.119,0.475,0.249,0.702,0.396\n\tC19.719,18.373,21,20.538,21,23c0,0.553,0.447,1,1,1s1-0.447,1-1c0-2.754-1.246-5.219-3.2-6.871C22.667,12.379,27.388,10,32.085,10\n\tc7.745,0,14.177,6.135,14.848,13.888c-1.022-0.072-2.552-0.109-4.083,0.124c-0.546,0.083-0.921,0.593-0.838,1.139\n\tc0.075,0.495,0.501,0.85,0.987,0.85c0.05,0,0.101-0.004,0.151-0.012c2.227-0.337,4.548-0.021,4.684-0.002\n\tC52.49,26.872,56,31.161,56,35.972C56,41.501,51.501,46,45.972,46H33H25z\"><\/path><\/svg><\/span>\n            <p class=\"u-align-left u-text u-text-4\"> Iako ne mo\u017ee ni\u0161ta govoriti, njegovo lice i o\u010di sve ka\u017eu, kada je zadovoljan i kada mu ne\u0161to smeta! Voli se dru\u017eiti s drugom djecom, i\u0107i u \u0161etnje uz more i gledati crti\u0107e, a posebno Bumbu i Timmyja!<\/p>\n          <\/div>\n        <\/div>\n        <div class=\"u-align-left u-container-align-left u-container-style u-group u-white u-group-3\">\n          <div class=\"u-container-layout u-container-layout-3\">\n            <h3 class=\"u-align-left u-text u-text-5\">7.&nbsp;Ve\u010dera i spavanje<\/h3>\n            <p class=\"u-align-left u-text u-text-6\"> Nakon klope voli se maziti, a najvi\u0161e voli kada ga mama i tata maze i ljube \u2665<\/p>\n          <\/div>\n        <\/div>\n        <img decoding=\"async\" class=\"u-image u-image-round u-radius-10 u-image-3\" src=\"https:\/\/kolibrici.hr\/wp-content\/uploads\/2023\/12\/petarJ4-495x400-3.jpeg\" alt=\"\" data-image-width=\"495\" data-image-height=\"400\">\n      <\/div>\n    <\/section>\n    \n    \n    \n    \n  \n<\/div>","protected":false},"excerpt":{"rendered":"<p>JEDAN PROSJE\u010cAN DAN U OBITELJI KOLIBRI\u0106A Jedan dan u Petrovoj obitelji Obitelj Kolibri\u0107a \u017eivi jednu druga\u010diju svakodnevicu, te\u0161ku, no u isto vrijeme posebnu\u2026tu se ljubav pokazuje u najljep\u0161em svjetlu.Da bi Kolibri\u0107 mogao do\u0107i u svoje gnijezdo, svojoj ku\u0107i, roditelji prolaze bolni\u010dku edukaciju koja katkad traje i nekoliko mjeseci, ovisno o zahtjevnosti bolesti i stanju djeteta. [&hellip;]<\/p>\n","protected":false},"author":1,"featured_media":0,"parent":0,"menu_order":6,"comment_status":"closed","ping_status":"closed","template":"","meta":{"footnotes":""},"_links":{"self":[{"href":"https:\/\/kolibrici.hr\/index.php\/wp-json\/wp\/v2\/pages\/344"}],"collection":[{"href":"https:\/\/kolibrici.hr\/index.php\/wp-json\/wp\/v2\/pages"}],"about":[{"href":"https:\/\/kolibrici.hr\/index.php\/wp-json\/wp\/v2\/types\/page"}],"author":[{"embeddable":true,"href":"https:\/\/kolibrici.hr\/index.php\/wp-json\/wp\/v2\/users\/1"}],"replies":[{"embeddable":true,"href":"https:\/\/kolibrici.hr\/index.php\/wp-json\/wp\/v2\/comments?post=344"}],"version-history":[{"count":1,"href":"https:\/\/kolibrici.hr\/index.php\/wp-json\/wp\/v2\/pages\/344\/revisions"}],"predecessor-version":[{"id":481,"href":"https:\/\/kolibrici.hr\/index.php\/wp-json\/wp\/v2\/pages\/344\/revisions\/481"}],"wp:attachment":[{"href":"https:\/\/kolibrici.hr\/index.php\/wp-json\/wp\/v2\/media?parent=344"}],"curies":[{"name":"wp","href":"https:\/\/api.w.org\/{rel}","templated":true}]}}