{"id":347,"date":"2023-12-07T09:03:31","date_gmt":"2023-12-07T09:03:31","guid":{"rendered":"https:\/\/kolibrici.hr\/index.php\/salica\/"},"modified":"2023-12-07T09:04:27","modified_gmt":"2023-12-07T09:04:27","slug":"salica","status":"publish","type":"page","link":"https:\/\/kolibrici.hr\/index.php\/salica\/","title":{"rendered":"\u0161alica"},"content":{"rendered":"<div class=\"\" style=\"\" >\n  \n    <section class=\"u-clearfix u-section-1\" id=\"sec-55f8\">\n      <div class=\"u-clearfix u-sheet u-sheet-1\">\n        <div class=\"u-clearfix u-expanded-width u-gutter-0 u-layout-wrap u-layout-wrap-1\">\n          <div class=\"u-layout\" style=\"\">\n            <div class=\"u-layout-row\" style=\"\">\n              <div class=\"u-align-center u-container-style u-layout-cell u-left-cell u-size-30 u-size-xs-60 u-white u-layout-cell-1\" src=\"\">\n                <div class=\"u-container-layout u-container-layout-1\">\n                  <h2 class=\"u-text u-text-default u-text-palette-3-base u-text-1\">\u0160ALICA<\/h2>\n                  <p class=\"u-text u-text-2\">Kerami\u010dka \u0161alica dostupna u 3 razli\u010dita dizajna, od kojih su dva iz slikovnice.<br>\n                    <br>Poklon uz donaciju 60kn\/7,96\u20ac\n                  <\/p>\n                <\/div>\n              <\/div>\n              <div class=\"u-align-center u-container-style u-image u-layout-cell u-right-cell u-size-30 u-size-xs-60 u-image-1\" src=\"\" data-image-width=\"3024\" data-image-height=\"4032\" style=\"background-image: url(&quot;https:\/\/kolibrici.hr\/wp-content\/uploads\/2023\/12\/IMG_2144-1.jpg&quot;);\">\n                <div class=\"u-container-layout u-valign-middle u-container-layout-2\" src=\"\"><\/div>\n              <\/div>\n            <\/div>\n          <\/div>\n        <\/div>\n      <\/div>\n    <\/section>\n    \n    \n    \n    \n  \n<\/div>","protected":false},"excerpt":{"rendered":"<p>\u0160ALICA Kerami\u010dka \u0161alica dostupna u 3 razli\u010dita dizajna, od kojih su dva iz slikovnice. Poklon uz donaciju 60kn\/7,96\u20ac<\/p>\n","protected":false},"author":1,"featured_media":0,"parent":0,"menu_order":9,"comment_status":"closed","ping_status":"closed","template":"","meta":{"footnotes":""},"_links":{"self":[{"href":"https:\/\/kolibrici.hr\/index.php\/wp-json\/wp\/v2\/pages\/347"}],"collection":[{"href":"https:\/\/kolibrici.hr\/index.php\/wp-json\/wp\/v2\/pages"}],"about":[{"href":"https:\/\/kolibrici.hr\/index.php\/wp-json\/wp\/v2\/types\/page"}],"author":[{"embeddable":true,"href":"https:\/\/kolibrici.hr\/index.php\/wp-json\/wp\/v2\/users\/1"}],"replies":[{"embeddable":true,"href":"https:\/\/kolibrici.hr\/index.php\/wp-json\/wp\/v2\/comments?post=347"}],"version-history":[{"count":1,"href":"https:\/\/kolibrici.hr\/index.php\/wp-json\/wp\/v2\/pages\/347\/revisions"}],"predecessor-version":[{"id":484,"href":"https:\/\/kolibrici.hr\/index.php\/wp-json\/wp\/v2\/pages\/347\/revisions\/484"}],"wp:attachment":[{"href":"https:\/\/kolibrici.hr\/index.php\/wp-json\/wp\/v2\/media?parent=347"}],"curies":[{"name":"wp","href":"https:\/\/api.w.org\/{rel}","templated":true}]}}