{"id":365,"date":"2023-12-07T09:03:49","date_gmt":"2023-12-07T09:03:49","guid":{"rendered":"https:\/\/kolibrici.hr\/index.php\/donacije-upute\/"},"modified":"2023-12-07T09:04:31","modified_gmt":"2023-12-07T09:04:31","slug":"donacije-upute","status":"publish","type":"page","link":"https:\/\/kolibrici.hr\/index.php\/donacije-upute\/","title":{"rendered":"Donacije upute"},"content":{"rendered":"<div class=\"\" style=\"\" >\n  \n    <section class=\"u-align-left u-clearfix u-section-1\" id=\"sec-14cb\">\n      <div class=\"u-clearfix u-sheet u-valign-middle u-sheet-1\">\n        <div class=\"fr-view u-clearfix u-rich-text u-text u-text-1\">\n          <h1 style=\"text-align: left;\">\n            <span style=\"line-height: 2.0;\">\n              <span class=\"u-text-palette-3-base\" style=\"font-weight: 700;\">Upute za donacije<\/span>\n            <\/span>\n          <\/h1>\n          <p id=\"isPasted\">\ud83d\udfe1Obrazlo\u017eenje o uplati donacije uz poklon promo materijala Udruge<\/p>\n          <p>Udruga ne mo\u017ee izdati ra\u010dun ali zakonski mo\u017eemo dati poklon za odre\u0111eni iznos donacije.&nbsp;<\/p>\n          <p>Uz iznos donacije potrebno je uplatiti 30,00 kn za po\u0161tarinu i pakiranje (sve vr\u0161i Craft studio za nas).&nbsp;<\/p>\n          <p>\n            <span class=\"u-text-palette-3-base\" style=\"font-weight: 700; font-size: 1.23529rem;\">NA\u010cIN DONIRANJA:<\/span>\n          <\/p>\n          <p>Uplate vr\u0161ite na ra\u010dun Udruge:&nbsp;<\/p>\n          <p>IBAN : HR8523600001102273569<\/p>\n          <p>Opis pla\u0107anja: DONACIJA<\/p>\n          <p>\u2757\u2757 Molim vas ne pi\u0161ite u opis pla\u0107anja vrstu artikla nego samo i isklju\u010divo DONACIJA \u2757\u2757&nbsp;<\/p>\n          <p>\n            <span class=\"u-text-palette-3-base\" style=\"font-size: 1.23529rem; font-weight: 700;\">POTVR\u0110IVANJE DONACIJA:<\/span>\n          <\/p>\n          <p>Potvrdu o uplati \u0161aljete na mail: kolibrici.promo@gmail.com<\/p>\n          <p>Uz potvrdu o uplati napi\u0161ete koje artikle \u017eelite na poklon i va\u0161u adresu, broj mobitela.<\/p>\n          <p>Odnosi se za slanje unutar HR.&nbsp;<\/p>\n          <blockquote>\n            <p>\n              <span class=\"u-text-palette-3-base\" style=\"font-weight: 700; font-size: 1.23529rem;\">Molim vas ne pi\u0161ite u opis pla\u0107anja vrstu artikla nego samo i isklju\u010divo DONACIJA&nbsp;<\/span>\n            <\/p>\n          <\/blockquote>\n        <\/div>\n      <\/div>\n    <\/section>\n    \n    \n    \n    \n  \n<\/div>","protected":false},"excerpt":{"rendered":"<p>Upute za donacije \ud83d\udfe1Obrazlo\u017eenje o uplati donacije uz poklon promo materijala Udruge Udruga ne mo\u017ee izdati ra\u010dun ali zakonski mo\u017eemo dati poklon za odre\u0111eni iznos donacije.&nbsp; Uz iznos donacije potrebno je uplatiti 30,00 kn za po\u0161tarinu i pakiranje (sve vr\u0161i Craft studio za nas).&nbsp; NA\u010cIN DONIRANJA: Uplate vr\u0161ite na ra\u010dun Udruge:&nbsp; IBAN : HR8523600001102273569 Opis [&hellip;]<\/p>\n","protected":false},"author":1,"featured_media":0,"parent":0,"menu_order":27,"comment_status":"closed","ping_status":"closed","template":"","meta":{"footnotes":""},"_links":{"self":[{"href":"https:\/\/kolibrici.hr\/index.php\/wp-json\/wp\/v2\/pages\/365"}],"collection":[{"href":"https:\/\/kolibrici.hr\/index.php\/wp-json\/wp\/v2\/pages"}],"about":[{"href":"https:\/\/kolibrici.hr\/index.php\/wp-json\/wp\/v2\/types\/page"}],"author":[{"embeddable":true,"href":"https:\/\/kolibrici.hr\/index.php\/wp-json\/wp\/v2\/users\/1"}],"replies":[{"embeddable":true,"href":"https:\/\/kolibrici.hr\/index.php\/wp-json\/wp\/v2\/comments?post=365"}],"version-history":[{"count":1,"href":"https:\/\/kolibrici.hr\/index.php\/wp-json\/wp\/v2\/pages\/365\/revisions"}],"predecessor-version":[{"id":502,"href":"https:\/\/kolibrici.hr\/index.php\/wp-json\/wp\/v2\/pages\/365\/revisions\/502"}],"wp:attachment":[{"href":"https:\/\/kolibrici.hr\/index.php\/wp-json\/wp\/v2\/media?parent=365"}],"curies":[{"name":"wp","href":"https:\/\/api.w.org\/{rel}","templated":true}]}}