{"id":369,"date":"2023-12-07T09:03:53","date_gmt":"2023-12-07T09:03:53","guid":{"rendered":"https:\/\/kolibrici.hr\/index.php\/fizikalna-terapija-u-kuci\/"},"modified":"2023-12-07T09:04:32","modified_gmt":"2023-12-07T09:04:32","slug":"fizikalna-terapija-u-kuci","status":"publish","type":"page","link":"https:\/\/kolibrici.hr\/index.php\/fizikalna-terapija-u-kuci\/","title":{"rendered":"Fizikalna terapija u ku\u0107i"},"content":{"rendered":"<div class=\"\" style=\"\" >\n  \n    <section class=\"u-align-left u-clearfix u-section-1\" id=\"sec-16aa\">\n      <div class=\"u-clearfix u-sheet u-valign-middle u-sheet-1\">\n        <div class=\"fr-view u-clearfix u-rich-text u-text u-text-1\">\n          <h1>\n            <span class=\"u-text-palette-3-base\">Fizikalna terapija u ku\u0107i<\/span>\n          <\/h1>\n          <p id=\"isPasted\">\n            <span class=\"u-text-palette-3-base\" style=\"font-weight: 700;\">Tko mo\u017ee ostvariti pravo?<\/span>\n          <\/p>\n          <p>Osigurana osoba mo\u017ee iznimno ostvariti pravo na provo\u0111enje fizikalne tarapije u ku\u0107i u slu\u010daju kada je potpuno nepokretna, odnosno te\u0161ko pokretna zbog: neurolo\u0161kih bolesti, reumatskih bolesti, politraume i traume, kompliciranih kirur\u0161kih i ortopedskih zahvata te ostalih stanja koja za svaki slu\u010daj posebno utvr\u0111uje ovla\u0161teni doktor Zavoda.<\/p>\n          <p>\n            <span class=\"u-text-palette-3-base\" style=\"font-weight: 700;\">Kako ga ostvariti?<\/span>\n          <\/p>\n          <ul>\n            <li>S nalazom i mi\u0161ljenjem lije\u010dnika specijalista, npr. fizijatra ili ortopeda s preporukom za fizikalnu terapiju u ku\u0107i, javiti se obiteljskom lije\u010dniku ili pedijatru.<\/li>\n            <li>Obiteljski lije\u010dnik na temelju nalaza lije\u010dnika specijalista pi\u0161e uputnicu lije\u010dni\u010dkom povjerenstvu (podru\u010dni ured HZZO) te prila\u017ee fotokopiju nalaza.<\/li>\n            <li>Dostaviti uputnicu s nalazom na lije\u010dni\u010dko povjerenstvo HZZO-e<\/li>\n            <li>Lije\u010dni\u010dko povjerenstvo &nbsp;odobrava ili djelomi\u010dno odobrava &nbsp;fizikalnu terapiju u ku\u0107i<\/li>\n            <li>Njihovo rje\u0161enje dostaviti obiteljskom lije\u010dniku koji pi\u0161e uputnicu za fizikalnu terapiju u ku\u0107i.<\/li>\n            <li>Zdravstvenu ustanovu izabire bolesnik prema podru\u010dju stanovanja (adresar&nbsp;zdravstvenih ustanova)<\/li>\n            <li>Djelatnici fizioterapeuti dolaze po dogovorenom terminu &nbsp;te po izdanom rje\u0161enju &nbsp;i odobrenim postupcima &nbsp;izvr\u0161avaju usluge fizikalne terapije.&nbsp;<\/li>\n            <li>Svakih \u0161est mjeseci potrebno je novo mi\u0161ljenje\/nalaz lije\u010dnika specijalista.<\/li>\n          <\/ul>\n          <p>\n            <a href=\"http:\/\/www.hzzo-net.hr\/dload\/pravilnici\/03_procisceni.pdf\" target=\"_blank\" rel=\"noopener noreferrer\"><\/a>\n            <span class=\"u-text-palette-3-base\" style=\"font-weight: 700;\">\n              <a href=\"http:\/\/www.hzzo-net.hr\/dload\/pravilnici\/03_procisceni.pdf\" rel=\"noopener noreferrer\" target=\"_blank\">PRAVILNIK<\/a>\n            <\/span>\n          <\/p>\n        <\/div>\n      <\/div>\n    <\/section>\n    \n    \n    \n    \n  \n<\/div>","protected":false},"excerpt":{"rendered":"<p>Fizikalna terapija u ku\u0107i Tko mo\u017ee ostvariti pravo? Osigurana osoba mo\u017ee iznimno ostvariti pravo na provo\u0111enje fizikalne tarapije u ku\u0107i u slu\u010daju kada je potpuno nepokretna, odnosno te\u0161ko pokretna zbog: neurolo\u0161kih bolesti, reumatskih bolesti, politraume i traume, kompliciranih kirur\u0161kih i ortopedskih zahvata te ostalih stanja koja za svaki slu\u010daj posebno utvr\u0111uje ovla\u0161teni doktor Zavoda. Kako [&hellip;]<\/p>\n","protected":false},"author":1,"featured_media":0,"parent":0,"menu_order":31,"comment_status":"closed","ping_status":"closed","template":"","meta":{"footnotes":""},"_links":{"self":[{"href":"https:\/\/kolibrici.hr\/index.php\/wp-json\/wp\/v2\/pages\/369"}],"collection":[{"href":"https:\/\/kolibrici.hr\/index.php\/wp-json\/wp\/v2\/pages"}],"about":[{"href":"https:\/\/kolibrici.hr\/index.php\/wp-json\/wp\/v2\/types\/page"}],"author":[{"embeddable":true,"href":"https:\/\/kolibrici.hr\/index.php\/wp-json\/wp\/v2\/users\/1"}],"replies":[{"embeddable":true,"href":"https:\/\/kolibrici.hr\/index.php\/wp-json\/wp\/v2\/comments?post=369"}],"version-history":[{"count":1,"href":"https:\/\/kolibrici.hr\/index.php\/wp-json\/wp\/v2\/pages\/369\/revisions"}],"predecessor-version":[{"id":506,"href":"https:\/\/kolibrici.hr\/index.php\/wp-json\/wp\/v2\/pages\/369\/revisions\/506"}],"wp:attachment":[{"href":"https:\/\/kolibrici.hr\/index.php\/wp-json\/wp\/v2\/media?parent=369"}],"curies":[{"name":"wp","href":"https:\/\/api.w.org\/{rel}","templated":true}]}}