{"id":370,"date":"2023-12-07T09:03:54","date_gmt":"2023-12-07T09:03:54","guid":{"rendered":"https:\/\/kolibrici.hr\/index.php\/oslobadanje-placanja-godisnje\/"},"modified":"2023-12-07T09:04:32","modified_gmt":"2023-12-07T09:04:32","slug":"oslobadanje-placanja-godisnje","status":"publish","type":"page","link":"https:\/\/kolibrici.hr\/index.php\/oslobadanje-placanja-godisnje\/","title":{"rendered":"Osloba\u0111anje pla\u0107anja godi\u0161nje"},"content":{"rendered":"<div class=\"\" style=\"\" >\n  \n    <section class=\"u-align-left u-clearfix u-section-1\" id=\"sec-558a\">\n      <div class=\"u-clearfix u-sheet u-valign-middle u-sheet-1\">\n        <div class=\"fr-view u-clearfix u-rich-text u-text u-text-1\">\n          <h1>\n            <span style=\"line-height: 2.0;\">\n              <span class=\"u-text-custom-color-1\">Osloba\u0111anje pla\u0107anja godi\u0161nje naknade za uporabu javnih cesta<\/span>\n            <\/span>\n          <\/h1>\n          <h1 style=\"text-align: left;\">\n            <br>\n          <\/h1>\n          <p id=\"isPasted\">Ostvarivanje prava na osloba\u0111anje od pla\u0107anja godi\u0161nje naknade za uporabu javnih cesta koja se pla\u0107a pri registraciji osobnog vozila i osloba\u0111anje od pla\u0107anja cestarina za uporabu autocesta i objekata s naplatom (most, tunel, vijadukt i sli\u010dno) propisano je odredbama Zakona o cestama (\u201eNarodne novine\u201c, broj 84\/11, 22\/13, 54\/13 i 148\/13) i ure\u0111eno Pravilnikom o postupku i na\u010dinu ostvarivanja prava na osloba\u0111anje pla\u0107anja godi\u0161nje naknade za uporabu javnih cesta i cestarine (\u201eNarodne novine\u201c, broj 136\/11).<\/p>\n          <p>Stupnjevi tjelesnog o\u0161te\u0107enja osoba s invaliditetom koje mogu ostvariti navedena osloba\u0111anja su:<\/p>\n          <p>Zakonom o cestama, propisano je da osobe s&nbsp;80% ili vi\u0161e postotaka tjelesnog o\u0161te\u0107enja,&nbsp;odnosno osobe kod kojih je utvr\u0111eno tjelesno o\u0161te\u0107enje koje ima za posljedicu&nbsp;nesposobnost donjih ekstremiteta 60% ili vi\u0161e postotaka,&nbsp;ne pla\u0107aju godi\u0161nju naknadu za uporabu javnih cesta&nbsp;za jedan osobni automobil koji imaju u svom vlasni\u0161tvu (ili koji koriste temeljem ugovora o leasingu).<\/p>\n          <p>Zakona o cestama, propisano je da osobe kod kojih je utvr\u0111eno tjelesno o\u0161te\u0107enje koje ima za posljedicu&nbsp;nesposobnost donjih ekstremiteta 80% ili vi\u0161e postotaka, hrvatski ratni vojni invalidi iz Domovinskog rata sa 100% tjelesnog o\u0161te\u0107enja te osobe kojima je utvr\u0111eno tjelesno o\u0161te\u0107enje osjetila vida od 100%,&nbsp;ne pla\u0107aju cestarinu&nbsp;za jedan osobni automobil koji imaju u svom vlasni\u0161tvu, odnosno koji koriste temeljem ugovora o leasingu.<\/p>\n          <p>Pravo na osloba\u0111anje pla\u0107anja godi\u0161nje naknade za uporabu javnih cesta i cestarine osobe s invaliditetom ostvaruju na temelju&nbsp;rje\u0161enja&nbsp;koje, na zahtjev stranke, u upravnom postupku donosi Ministarstvo pomorstva, prometa i infrastrukture.<\/p>\n          <p>\n            <span class=\"u-text-palette-3-base\">POSTUPAK PRIBAVLJANJA RJE\u0160ENJA MINISTARSTVA<\/span>\n          <\/p>\n          <p>U svrhu ostvarivanja navedenih prava, podnositelj zahtjeva Ministarstvu pomorstva, prometa i infrastrukture podnosi pisani zahtjev (primjer obrasca mo\u017eete prona\u0107i&nbsp;ovdje). Pisani zahtjev treba sadr\u017eavati osobne podatke (ime i prezime, adresa i OIB) i navo\u0111enje prava za koje se tra\u017ei izdavanje rje\u0161enja.<\/p>\n          <p>Zahtjevu se prila\u017ee:<\/p>\n          <ul>\n            <li style=\"box-sizing: border-box; margin: 0px 0px 0px 1em; padding: 3px 0px; border: 0px rgb(0, 0, 0); font: inherit; vertical-align: baseline;\">\n              <span class=\"u-text-custom-color-1\">preslika prometne dozvole (iznimno, ako je zahtjev podnesen prije registracije, podnositelj zahtjeva prila\u017ee dokaz o vlasni\u0161tvu osobnog automobila (npr. ra\u010dun o kupljenom vozilu, kupoprodajni ugovor ili ugovor o darovanju koji mora biti na ime podnositelja zahtjeva),<\/span>\n            <\/li>\n            <li style=\"box-sizing: border-box; margin: 0px 0px 0px 1em; padding: 3px 0px; border: 0px rgb(0, 0, 0); font: inherit; vertical-align: baseline;\">\n              <span class=\"u-text-custom-color-1\">preslika rje\u0161enja Hrvatskog zavoda za mirovinsko osiguranje<\/span>\n            <\/li>\n            <li style=\"box-sizing: border-box; margin: 0px 0px 0px 1em; padding: 3px 0px; border: 0px rgb(0, 0, 0); font: inherit; vertical-align: baseline;\">\n              <span class=\"u-text-custom-color-1\">35 kuna upravne pristojbe koje treba nalijepiti na zahtjev.<\/span>\n            <\/li>\n          <\/ul>\n          <p>&nbsp;<\/p>\n          <p>NAPOMENA: Ukoliko se iz zahtjevu prilo\u017eenog rje\u0161enja ne mo\u017ee nedvojbeno utvrditi da se radi o tjelesnom o\u0161te\u0107enju na temelju kojega se ostvaruje odre\u0111eno pravo (naj\u010de\u0161\u0107e je to slu\u010daj kod zahtjeva za osloba\u0111anje od pla\u0107anja cestarina kada iz prilo\u017eene dokumentacije nije razvidno koliki se dio tjelesnog o\u0161te\u0107enja odnosi na nesposobnost donjih ekstremiteta) podnositelj \u0107e zahtjevu jo\u0161 prilo\u017eiti:<\/p>\n          <ul style=\"box-sizing: border-box; margin: 0px 0px 20px 7px; padding: 0px; border: 0px rgb(0, 0, 0); font-style: normal; font-variant-ligatures: normal; font-variant-caps: normal; font-variant-numeric: inherit; font-variant-east-asian: inherit; font-variant-alternates: inherit; font-weight: 400; font-stretch: inherit; font-size: 15px; line-height: inherit; font-family: &quot;open sans&quot;, Helvetica, Arial, sans-serif; font-optical-sizing: inherit; font-kerning: inherit; font-feature-settings: inherit; font-variation-settings: inherit; vertical-align: baseline; list-style: outside disc; color: rgb(0, 0, 0); letter-spacing: normal; orphans: 2; text-align: start; text-indent: 0px; text-transform: none; widows: 2; word-spacing: 0px; -webkit-text-stroke-width: 0px; white-space: normal; background-color: rgb(248, 248, 248); text-decoration-thickness: initial; text-decoration-style: initial; text-decoration-color: initial;\">\n            <li style=\"box-sizing: border-box; margin: 0px 0px 0px 1em; padding: 3px 0px; border: 0px rgb(0, 0, 0); font: inherit; vertical-align: baseline;\">\n              <span class=\"u-text-custom-color-1\">nalaz i mi\u0161ljenje ovla\u0161tenog vje\u0161taka Hrvatskog zavoda za mirovinsko osiguranje<\/span>\n            <\/li>\n          <\/ul>\n          <p>Od pla\u0107anja upravne pristojbe temeljem \u010dlanka 6. Zakona o upravnim pristojbama (\u201eNarodne novine\u201c, broj 08\/96 \u2013 80\/13) oslobo\u0111eni su invalidi Domovinskog rata, supru\u017enici i djeca branitelja poginulih, zato\u010denih i nestalih u Domovinskom ratu.<\/p>\n          <p>Zahtjev s prilo\u017eenom dokumentacijom podnosi se osobno ili&nbsp;preporu\u010denom po\u0161tom&nbsp;na adresu: Ministarstvo pomorstva, prometa i infrastrukture, Prisavlje 14, 10 000 Zagreb<\/p>\n          <p>NAPOMENA: Iz razloga \u0161to se zahtjevu prila\u017eu preslike osobnih dokumenta i upravna pristojba, u slu\u010daju dostavljanja dokumentacije putem po\u0161te,&nbsp;zahtjev s dokumentacijom treba dostaviti preporu\u010denom po\u0161tom.<\/p>\n          <p>Zahtjev za izdavanjem rje\u0161enja&nbsp;ne mora se podnositi svake godine,&nbsp;jer jednom izdano rje\u0161enje je va\u017ee\u0107e sve dok se ne promijene okolnosti vezane za stupanj tjelesnog o\u0161te\u0107enja ili vlasni\u0161tvo vozila. U takvim slu\u010dajevima, podnosi se zahtjev s prilozima kao i prilikom prvobitnog podno\u0161enja zahtjeva, ali s dokumentacijom o novonastalim okolnostima (npr. recentna preslika rje\u0161enja Hrvatskog zavoda za mirovinsko osiguranje, prometna dozvola za novog vozila i sl.).<\/p>\n          <p>U slu\u010daju promjene podataka (prezimena podnositelja zahtjeva, mjesta prebivali\u0161ta ili samo registracijske oznake vozila), kao i u slu\u010daju gubitka originalnog rje\u0161enja, Ministarstvu pomorstva, prometa i infrastrukture, podnosi se pisani zahtjev kojem se prila\u017eu preslike dokumenata temeljem kojih se mogu utvrditi promijenjeni podaci (preslika osobne iskaznice i preslika prometne dozvole).U tom slu\u010daju prilaganja dr\u017eavnih biljega nije odre\u0111eno.<\/p>\n          <p>\n            <span class=\"u-text-custom-color-1\">OSTVARIVANJE PRAVA NA OSLOBA\u0110ANJE PLA\u0106ANJA GODI\u0160NJE NAKNADE<\/span>\n          <\/p>\n          <p>Pravo na osloba\u0111anje pla\u0107anja godi\u0161nje naknade osoba s invaliditetom ostvaruje prilikom registracije vozila u stanicama za tehni\u010dki pregled, kada dostavlja presliku rje\u0161enja Ministarstva pomorstva, prometa i infrastrukture. Na taj na\u010din iznos ra\u010duna za registraciju biti \u0107e umanjen za iznos godi\u0161nje naknade koji se utvr\u0111uje prema radnom obujmu motora automobila u cm3.<\/p>\n        <\/div>\n      <\/div>\n    <\/section>\n    \n    \n    \n    \n  \n<\/div>","protected":false},"excerpt":{"rendered":"<p>Osloba\u0111anje pla\u0107anja godi\u0161nje naknade za uporabu javnih cesta Ostvarivanje prava na osloba\u0111anje od pla\u0107anja godi\u0161nje naknade za uporabu javnih cesta koja se pla\u0107a pri registraciji osobnog vozila i osloba\u0111anje od pla\u0107anja cestarina za uporabu autocesta i objekata s naplatom (most, tunel, vijadukt i sli\u010dno) propisano je odredbama Zakona o cestama (\u201eNarodne novine\u201c, broj 84\/11, 22\/13, [&hellip;]<\/p>\n","protected":false},"author":1,"featured_media":0,"parent":0,"menu_order":32,"comment_status":"closed","ping_status":"closed","template":"","meta":{"footnotes":""},"_links":{"self":[{"href":"https:\/\/kolibrici.hr\/index.php\/wp-json\/wp\/v2\/pages\/370"}],"collection":[{"href":"https:\/\/kolibrici.hr\/index.php\/wp-json\/wp\/v2\/pages"}],"about":[{"href":"https:\/\/kolibrici.hr\/index.php\/wp-json\/wp\/v2\/types\/page"}],"author":[{"embeddable":true,"href":"https:\/\/kolibrici.hr\/index.php\/wp-json\/wp\/v2\/users\/1"}],"replies":[{"embeddable":true,"href":"https:\/\/kolibrici.hr\/index.php\/wp-json\/wp\/v2\/comments?post=370"}],"version-history":[{"count":1,"href":"https:\/\/kolibrici.hr\/index.php\/wp-json\/wp\/v2\/pages\/370\/revisions"}],"predecessor-version":[{"id":507,"href":"https:\/\/kolibrici.hr\/index.php\/wp-json\/wp\/v2\/pages\/370\/revisions\/507"}],"wp:attachment":[{"href":"https:\/\/kolibrici.hr\/index.php\/wp-json\/wp\/v2\/media?parent=370"}],"curies":[{"name":"wp","href":"https:\/\/api.w.org\/{rel}","templated":true}]}}