{"id":371,"date":"2023-12-07T09:03:55","date_gmt":"2023-12-07T09:03:55","guid":{"rendered":"https:\/\/kolibrici.hr\/index.php\/zdravstvena-njega-u-kuci\/"},"modified":"2023-12-07T09:04:32","modified_gmt":"2023-12-07T09:04:32","slug":"zdravstvena-njega-u-kuci","status":"publish","type":"page","link":"https:\/\/kolibrici.hr\/index.php\/zdravstvena-njega-u-kuci\/","title":{"rendered":"Zdravstvena njega u ku\u0107i"},"content":{"rendered":"<div class=\"\" style=\"\" >\n  \n    <section class=\"u-align-left u-clearfix u-section-1\" id=\"sec-22fd\">\n      <div class=\"u-clearfix u-sheet u-valign-middle u-sheet-1\">\n        <div class=\"fr-view u-clearfix u-rich-text u-text u-text-1\">\n          <h1>\n            <span style=\"line-height: 2.0;\">\n              <span class=\"u-text-palette-3-base\">Zdravstvena njega u ku\u0107i<\/span>\n            <\/span>\n          <\/h1>\n          <p id=\"isPasted\">\n            <span class=\"u-text-palette-3-base\" style=\"font-weight: 700;\">Tko ima pravo?<\/span>\n          <\/p>\n          <p>\n            <span class=\"u-text-palette-3-base\" style=\"font-weight: 700;\">Osigurana osoba ostvaruje pravo na zdravstvenu njegu na osnovi utvr\u0111enih sljede\u0107ih stanja:<\/span>\n          <\/p>\n          <ul>\n            <li>nepokretnosti ili te\u0161ke pokretnosti (osigurane osobe koje za kretanje trebaju pomo\u0107 druge osobe ili koriste pomagala za kretanje)<\/li>\n            <li>kroni\u010dne bolesti u fazi pogor\u0161anja ili komplikacije, uz uvjet da izabrani doktor primarne zdravstvene za\u0161tite u djelatnosti op\u0107e\/obiteljske medicine, odnosno zdravstvene za\u0161tite pred\u0161kolske djece (u daljnjem tekstu: izabrani doktor) istodobno provodi<\/li>\n            <li>lije\u010denje u ku\u0107i, te da indicira i potrebu provo\u0111enja zdravstvene njege kod<\/li>\n            <li>prolaznih ili trajnih zdravstvenih stanja kod kojih nije mogu\u0107e samozbrinjavanje (provo\u0111enje osobne higijene, hranjenje)<\/li>\n            <li>nakon slo\u017eenijih operativnih zahvata koji zahtijevaju previjanje i njegu rane, te skrb za stome<\/li>\n            <li>kod osigurane osobe u terminalnoj fazi bolesti.<\/li>\n            <li>Zdravstvena njega osigurane osobe provodi se u svrhu pobolj\u0161anja njezinog zdravstvenog stanja i sprje\u010davanja njegovog pogor\u0161anja.<\/li>\n          <\/ul>\n          <p>\n            <span class=\"u-text-palette-3-base\" style=\"font-weight: 700;\">Kako ostvariti pravo na zdravstvenu njegu?<\/span>\n          <\/p>\n          <ul>\n            <li>obratiti se obiteljskom lije\u010dniku\/pedijatru<\/li>\n            <li>obiteljski lije\u010dnik vr\u0161i uvid u medicinsku dokumentaciju te pi\u0161e nalog s nalazom i mi\u0161ljenjem o potrebnim postupcima za provo\u0111enje postupaka i &nbsp;u\u010destalosti potrebne njege.<\/li>\n            <li>Zdravstvenu ustanovu izabire bolesnik prema podru\u010dju stanovanja (adresar&nbsp;zdravstvenih ustanova)<\/li>\n            <li>Medicinska sestra iz ugovorne ustanove dolazi k vama, predajete sestri nalog koji ste dobili od obiteljskog lije\u010dnika. Medicinska sestra nakon izvr\u0161ene njege, dogovara sljede\u0107e posjete.<\/li>\n            <li>Ne upu\u0107uje se na odobrenje ovla\u0161tenim doktorima HZZO-a<\/li>\n          <\/ul>\n          <p>\n            <span class=\"u-text-palette-3-base\" style=\"font-weight: 700;\">Provo\u0111enje zdravstvene njege mo\u017ee se propisati ( od 1 do 7 puta tjedno ) :<\/span>\n          <\/p>\n          <ul>\n            <li>maksimalno pet puta tjedno kroz 30 dana,<\/li>\n            <li>provo\u0111enje zdravstvene njege mo\u017ee se, iznimno propisati u trajanju od 90 dana kod najte\u017eih bolesnika, posebno onih s definiranim trajnim stanjima, a prema dijagnozama utvr\u0111enim u Popisu bolesti (vidi&nbsp;Pravilnik)<\/li>\n            <li>iznimno &nbsp;provo\u0111enje zdravstvene njege mo\u017ee se propisati sedam puta tjedno.<\/li>\n            <li>Ovisno o potrebi i zdravstvenom stanju pacijenta.<\/li>\n          <\/ul>\n          <p>Svrha zdravstvene njege u ku\u0107i je nastavak lije\u010denja i prevencije nastanka komplikacija dugotrajnim le\u017eanjem, &nbsp;u svom stanu nakon dijagnosti\u010dke obrade u bolnici, u svom okru\u017eenju , a ujedno je i manji hotelski tro\u0161ak za bolnice.<\/p>\n          <p>\n            <a href=\"https:\/\/narodne-novine.nn.hr\/clanci\/sluzbeni\/2010_07_88_2474.html\" target=\"_blank\" rel=\"noopener noreferrer\"><\/a>\n            <span class=\"u-text-palette-3-base\">\n              <a href=\"https:\/\/narodne-novine.nn.hr\/clanci\/sluzbeni\/2010_07_88_2474.html\" rel=\"noopener noreferrer\" target=\"_blank\">Pravilnik o provo\u0111enju zdravstvene njege u ku\u0107i<\/a>\n            <\/span>\n          <\/p>\n        <\/div>\n      <\/div>\n    <\/section>\n    \n    \n    \n    \n  \n<\/div>","protected":false},"excerpt":{"rendered":"<p>Zdravstvena njega u ku\u0107i Tko ima pravo? Osigurana osoba ostvaruje pravo na zdravstvenu njegu na osnovi utvr\u0111enih sljede\u0107ih stanja: nepokretnosti ili te\u0161ke pokretnosti (osigurane osobe koje za kretanje trebaju pomo\u0107 druge osobe ili koriste pomagala za kretanje) kroni\u010dne bolesti u fazi pogor\u0161anja ili komplikacije, uz uvjet da izabrani doktor primarne zdravstvene za\u0161tite u djelatnosti op\u0107e\/obiteljske [&hellip;]<\/p>\n","protected":false},"author":1,"featured_media":0,"parent":0,"menu_order":33,"comment_status":"closed","ping_status":"closed","template":"","meta":{"footnotes":""},"_links":{"self":[{"href":"https:\/\/kolibrici.hr\/index.php\/wp-json\/wp\/v2\/pages\/371"}],"collection":[{"href":"https:\/\/kolibrici.hr\/index.php\/wp-json\/wp\/v2\/pages"}],"about":[{"href":"https:\/\/kolibrici.hr\/index.php\/wp-json\/wp\/v2\/types\/page"}],"author":[{"embeddable":true,"href":"https:\/\/kolibrici.hr\/index.php\/wp-json\/wp\/v2\/users\/1"}],"replies":[{"embeddable":true,"href":"https:\/\/kolibrici.hr\/index.php\/wp-json\/wp\/v2\/comments?post=371"}],"version-history":[{"count":1,"href":"https:\/\/kolibrici.hr\/index.php\/wp-json\/wp\/v2\/pages\/371\/revisions"}],"predecessor-version":[{"id":508,"href":"https:\/\/kolibrici.hr\/index.php\/wp-json\/wp\/v2\/pages\/371\/revisions\/508"}],"wp:attachment":[{"href":"https:\/\/kolibrici.hr\/index.php\/wp-json\/wp\/v2\/media?parent=371"}],"curies":[{"name":"wp","href":"https:\/\/api.w.org\/{rel}","templated":true}]}}