{"id":372,"date":"2023-12-07T09:03:56","date_gmt":"2023-12-07T09:03:56","guid":{"rendered":"https:\/\/kolibrici.hr\/index.php\/punjenje-boca-medicins\/"},"modified":"2023-12-07T09:04:33","modified_gmt":"2023-12-07T09:04:33","slug":"punjenje-boca-medicins","status":"publish","type":"page","link":"https:\/\/kolibrici.hr\/index.php\/punjenje-boca-medicins\/","title":{"rendered":"Punjenje boca medicins"},"content":{"rendered":"<div class=\"\" style=\"\" >\n  \n    <section class=\"u-align-left u-clearfix u-section-1\" id=\"sec-00d6\">\n      <div class=\"u-clearfix u-sheet u-valign-middle u-sheet-1\">\n        <div class=\"fr-view u-clearfix u-rich-text u-text u-text-1\">\n          <h1 style=\"text-align: left;\">\n            <span class=\"u-text-palette-3-base\">Punjenje boca medicinskim kisikom<\/span>\n          <\/h1>\n          <p id=\"isPasted\">\n            <span class=\"u-text-palette-3-base\" style=\"font-weight: 700;\">Tko ima pravo?<\/span>\n          <\/p>\n          <p>Pravilnikom se osiguranim osobama koje su ostvarile pravo na pomagalo bocu s kisikom 3 ili 5 litara, omogu\u0107uje punjenje boce medicinskim kisikom.<\/p>\n          <p>\n            <span class=\"u-text-palette-3-base\" style=\"font-weight: 700;\">Kako ga ostvariti?<\/span>\n          <\/p>\n          <p>Prilikom prvog punjenja boca potrebno je kontaktirati proizvo\u0111a\u010da tj. Messer Croatia Plin radi registriracije, a ukoliko je potrebno vi\u0161e punjenja u 3 mjeseca, potrebna je preporuka pulmologa.<\/p>\n          <p>Kod &nbsp;preporuke pulomologa bitno je da pi\u0161e potrebna koli\u010dina boca na mjese\u010dnoj bazi .<\/p>\n          <ul>\n            <li>Nazvati Messer Croatia da osiguraju punu bocu tj. ukoliko nemaju punih boca da stignu pripremiti dok ne do\u0111ete na punjenje ili zamjenu<\/li>\n            <li>Odlazite kod pedijatra\/dr op\u0107e prakse po doznaku za punjenje boce od 3-5 l<\/li>\n          <\/ul>\n          <p>(nije potrebno ovjeravati u podru\u010dnom uredu HZZO-a)<\/p>\n          <p>\n            <span class=\"u-text-palette-3-base\" style=\"font-weight: 700;\">\u0161ifra:<\/span> 030318123402 Punjenje boca medicinskim kisikom od 3-5 l, Messer\n          <\/p>\n          <p>\n            <span class=\"u-text-palette-3-base\" style=\"font-weight: 700;\">Putni nalog<\/span>\u2013 Ukoliko su ispunjeni uvjeti iz \u010dlanka 72. <a href=\"http:\/\/www.hzzo-net.hr\/dload\/pravilnici\/01_09.pdf\" target=\"_blank\" rel=\"noopener noreferrer\"><\/a>\n            <span class=\"u-text-palette-3-base\">\n              <a href=\"http:\/\/www.hzzo-net.hr\/dload\/pravilnici\/01_09.pdf\" rel=\"noopener noreferrer\" target=\"_blank\">Pravilnika o pravima, uvjetima i na\u010dinu ostvarivanja prava iz obaveznog zdravstvenog osiguranja<\/a>\n            <\/span>, imate pravo na naknadu tro\u0161kova prijevoza do ugovornog isporu\u010ditelja pomagala.\n          <\/p>\n          <p>Ako &nbsp;ostvarujete pravo na povrat putnih tro\u0161kova, tada od pedijatra\/lije\u010dnika op\u0107e prakse uzimate i <span class=\"u-text-palette-3-base\">putni nalog<\/span>\n          <\/p>\n        <\/div>\n      <\/div>\n    <\/section>\n    \n    \n    \n    \n  \n<\/div>","protected":false},"excerpt":{"rendered":"<p>Punjenje boca medicinskim kisikom Tko ima pravo? Pravilnikom se osiguranim osobama koje su ostvarile pravo na pomagalo bocu s kisikom 3 ili 5 litara, omogu\u0107uje punjenje boce medicinskim kisikom. Kako ga ostvariti? Prilikom prvog punjenja boca potrebno je kontaktirati proizvo\u0111a\u010da tj. Messer Croatia Plin radi registriracije, a ukoliko je potrebno vi\u0161e punjenja u 3 mjeseca, [&hellip;]<\/p>\n","protected":false},"author":1,"featured_media":0,"parent":0,"menu_order":34,"comment_status":"closed","ping_status":"closed","template":"","meta":{"footnotes":""},"_links":{"self":[{"href":"https:\/\/kolibrici.hr\/index.php\/wp-json\/wp\/v2\/pages\/372"}],"collection":[{"href":"https:\/\/kolibrici.hr\/index.php\/wp-json\/wp\/v2\/pages"}],"about":[{"href":"https:\/\/kolibrici.hr\/index.php\/wp-json\/wp\/v2\/types\/page"}],"author":[{"embeddable":true,"href":"https:\/\/kolibrici.hr\/index.php\/wp-json\/wp\/v2\/users\/1"}],"replies":[{"embeddable":true,"href":"https:\/\/kolibrici.hr\/index.php\/wp-json\/wp\/v2\/comments?post=372"}],"version-history":[{"count":1,"href":"https:\/\/kolibrici.hr\/index.php\/wp-json\/wp\/v2\/pages\/372\/revisions"}],"predecessor-version":[{"id":509,"href":"https:\/\/kolibrici.hr\/index.php\/wp-json\/wp\/v2\/pages\/372\/revisions\/509"}],"wp:attachment":[{"href":"https:\/\/kolibrici.hr\/index.php\/wp-json\/wp\/v2\/media?parent=372"}],"curies":[{"name":"wp","href":"https:\/\/api.w.org\/{rel}","templated":true}]}}