{"id":375,"date":"2023-12-07T09:03:59","date_gmt":"2023-12-07T09:03:59","guid":{"rendered":"https:\/\/kolibrici.hr\/index.php\/majica-topla-djecija-duga\/"},"modified":"2023-12-07T09:04:33","modified_gmt":"2023-12-07T09:04:33","slug":"majica-topla-djecija-duga","status":"publish","type":"page","link":"https:\/\/kolibrici.hr\/index.php\/majica-topla-djecija-duga\/","title":{"rendered":"Majica topla dje\u010dija duga"},"content":{"rendered":"<div class=\"\" style=\"\" >\n  \n    <section class=\"u-clearfix u-section-1\" id=\"sec-0ed7\">\n      <div class=\"u-clearfix u-sheet u-sheet-1\">\n        <div class=\"u-clearfix u-expanded-width u-gutter-0 u-layout-wrap u-layout-wrap-1\">\n          <div class=\"u-layout\" style=\"\">\n            <div class=\"u-layout-row\" style=\"\">\n              <div class=\"u-align-center u-container-style u-layout-cell u-left-cell u-size-30 u-size-xs-60 u-white u-layout-cell-1\" src=\"\">\n                <div class=\"u-container-layout u-container-layout-1\">\n                  <h2 class=\"u-text u-text-default u-text-palette-3-base u-text-1\">Majica dugih rukava topla dje\u010dja<\/h2>\n                  <p class=\"u-text u-text-2\">Kvalitetna pamu\u010dna majica Dugih rukava. Crna ili bijela. Print majice sa logom je na prsima i le\u0111ima<br>\n                    <br>Poklon uz donaciju od 150kn\/19,91\u20ac\n                  <\/p>\n                <\/div>\n              <\/div>\n              <div class=\"u-align-center u-container-style u-image u-layout-cell u-right-cell u-size-30 u-size-xs-60 u-image-1\" src=\"\" data-image-width=\"1364\" data-image-height=\"2161\" style=\"background-image: url(&quot;https:\/\/kolibrici.hr\/wp-content\/uploads\/2023\/12\/IMG_1034-1.jpg&quot;);\">\n                <div class=\"u-container-layout u-valign-middle u-container-layout-2\" src=\"\"><\/div>\n              <\/div>\n            <\/div>\n          <\/div>\n        <\/div>\n      <\/div>\n    <\/section>\n    <section class=\"u-align-center u-clearfix u-grey-5 u-section-2\" id=\"sec-9442\">\n      <div class=\"u-clearfix u-sheet u-valign-bottom u-sheet-1\">\n        <h2 class=\"u-text u-text-default u-text-palette-3-base u-text-1\">Pogledajte i ostale modele<\/h2>\n        <div class=\"u-expanded-width u-gallery u-layout-horizontal u-lightbox u-no-transition u-show-text-on-hover u-width-fixed u-gallery-1\">\n          <div class=\"u-gallery-inner\"><div class=\"u-effect-fade u-gallery-item u-gallery-item-1\"><div class=\"u-back-slide\" data-image-width=\"1447\" data-image-height=\"2280\"><img decoding=\"async\" class=\"u-back-image u-back-image-1\" src=\"https:\/\/kolibrici.hr\/wp-content\/uploads\/2023\/12\/IMG_1042.jpg\">\n<\/div><div class=\"u-over-slide u-shading u-over-slide-1\"><h3 class=\"u-gallery-heading\"><\/h3><p class=\"u-gallery-text\"><\/p>\n<\/div>\n<\/div><div class=\"u-effect-fade u-gallery-item u-gallery-item-2\"><div class=\"u-back-slide\" data-image-width=\"1600\" data-image-height=\"2400\"><img decoding=\"async\" class=\"u-back-image u-back-image-2\" src=\"https:\/\/kolibrici.hr\/wp-content\/uploads\/2023\/12\/IMG_1015-1.jpg\">\n<\/div><div class=\"u-over-slide u-shading u-over-slide-2\"><h3 class=\"u-gallery-heading\"><\/h3><p class=\"u-gallery-text\"><\/p>\n<\/div>\n<\/div><div class=\"u-effect-fade u-gallery-item u-gallery-item-3\"><div class=\"u-back-slide\" data-image-width=\"1116\" data-image-height=\"1880\"><img decoding=\"async\" class=\"u-back-image u-back-image-3\" src=\"https:\/\/kolibrici.hr\/wp-content\/uploads\/2023\/12\/IMG_0999-1.jpg\">\n<\/div><div class=\"u-over-slide u-shading u-over-slide-3\"><h3 class=\"u-gallery-heading\"><\/h3><p class=\"u-gallery-text\"><\/p>\n<\/div>\n<\/div><div class=\"u-effect-fade u-gallery-item u-gallery-item-4\"><div class=\"u-back-slide\" data-image-width=\"1311\" data-image-height=\"2265\"><img decoding=\"async\" class=\"u-back-image u-back-image-4\" src=\"https:\/\/kolibrici.hr\/wp-content\/uploads\/2023\/12\/IMG_1029-1.jpg\">\n<\/div><div class=\"u-over-slide u-shading u-over-slide-4\"><h3 class=\"u-gallery-heading\"><\/h3><p class=\"u-gallery-text\"><\/p>\n<\/div>\n<\/div><div class=\"u-effect-fade u-gallery-item u-gallery-item-5\"><div class=\"u-back-slide\" data-image-width=\"1401\" data-image-height=\"2239\"><img decoding=\"async\" class=\"u-back-image u-back-image-5\" src=\"https:\/\/kolibrici.hr\/wp-content\/uploads\/2023\/12\/IMG_1022.jpg\">\n<\/div><div class=\"u-over-slide u-shading u-over-slide-5\"><h3 class=\"u-gallery-heading\"><\/h3><p class=\"u-gallery-text\"><\/p>\n<\/div>\n<\/div><\/div>\n          <a class=\"u-absolute-vcenter u-gallery-nav u-gallery-nav-prev u-grey-70 u-icon-circle u-opacity u-opacity-70 u-spacing-10 u-text-white u-gallery-nav-1\" href=\"#\" role=\"button\">\n            <span aria-hidden=\"true\">\n              <svg viewBox=\"0 0 451.847 451.847\"><path d=\"M97.141,225.92c0-8.095,3.091-16.192,9.259-22.366L300.689,9.27c12.359-12.359,32.397-12.359,44.751,0\nc12.354,12.354,12.354,32.388,0,44.748L173.525,225.92l171.903,171.909c12.354,12.354,12.354,32.391,0,44.744\nc-12.354,12.365-32.386,12.365-44.745,0l-194.29-194.281C100.226,242.115,97.141,234.018,97.141,225.92z\"><\/path><\/svg>\n            <\/span>\n            <span class=\"sr-only\">\n              <svg viewBox=\"0 0 451.847 451.847\"><path d=\"M97.141,225.92c0-8.095,3.091-16.192,9.259-22.366L300.689,9.27c12.359-12.359,32.397-12.359,44.751,0\nc12.354,12.354,12.354,32.388,0,44.748L173.525,225.92l171.903,171.909c12.354,12.354,12.354,32.391,0,44.744\nc-12.354,12.365-32.386,12.365-44.745,0l-194.29-194.281C100.226,242.115,97.141,234.018,97.141,225.92z\"><\/path><\/svg>\n            <\/span>\n          <\/a>\n          <a class=\"u-gallery-nav u-gallery-nav-next u-grey-70 u-icon-circle u-opacity u-opacity-70 u-spacing-10 u-text-white u-gallery-nav-2\" href=\"#\" role=\"button\">\n            <span aria-hidden=\"true\">\n              <svg viewBox=\"0 0 451.846 451.847\"><path d=\"M345.441,248.292L151.154,442.573c-12.359,12.365-32.397,12.365-44.75,0c-12.354-12.354-12.354-32.391,0-44.744\nL278.318,225.92L106.409,54.017c-12.354-12.359-12.354-32.394,0-44.748c12.354-12.359,32.391-12.359,44.75,0l194.287,194.284\nc6.177,6.18,9.262,14.271,9.262,22.366C354.708,234.018,351.617,242.115,345.441,248.292z\"><\/path><\/svg>\n            <\/span>\n            <span class=\"sr-only\">\n              <svg viewBox=\"0 0 451.846 451.847\"><path d=\"M345.441,248.292L151.154,442.573c-12.359,12.365-32.397,12.365-44.75,0c-12.354-12.354-12.354-32.391,0-44.744\nL278.318,225.92L106.409,54.017c-12.354-12.359-12.354-32.394,0-44.748c12.354-12.359,32.391-12.359,44.75,0l194.287,194.284\nc6.177,6.18,9.262,14.271,9.262,22.366C354.708,234.018,351.617,242.115,345.441,248.292z\"><\/path><\/svg>\n            <\/span>\n          <\/a>\n        <\/div>\n      <\/div>\n    <\/section>\n    \n    \n    \n    \n  \n<\/div>","protected":false},"excerpt":{"rendered":"<p>Majica dugih rukava topla dje\u010dja Kvalitetna pamu\u010dna majica Dugih rukava. Crna ili bijela. Print majice sa logom je na prsima i le\u0111ima Poklon uz donaciju od 150kn\/19,91\u20ac Pogledajte i ostale modele<\/p>\n","protected":false},"author":1,"featured_media":0,"parent":0,"menu_order":37,"comment_status":"closed","ping_status":"closed","template":"","meta":{"footnotes":""},"_links":{"self":[{"href":"https:\/\/kolibrici.hr\/index.php\/wp-json\/wp\/v2\/pages\/375"}],"collection":[{"href":"https:\/\/kolibrici.hr\/index.php\/wp-json\/wp\/v2\/pages"}],"about":[{"href":"https:\/\/kolibrici.hr\/index.php\/wp-json\/wp\/v2\/types\/page"}],"author":[{"embeddable":true,"href":"https:\/\/kolibrici.hr\/index.php\/wp-json\/wp\/v2\/users\/1"}],"replies":[{"embeddable":true,"href":"https:\/\/kolibrici.hr\/index.php\/wp-json\/wp\/v2\/comments?post=375"}],"version-history":[{"count":1,"href":"https:\/\/kolibrici.hr\/index.php\/wp-json\/wp\/v2\/pages\/375\/revisions"}],"predecessor-version":[{"id":512,"href":"https:\/\/kolibrici.hr\/index.php\/wp-json\/wp\/v2\/pages\/375\/revisions\/512"}],"wp:attachment":[{"href":"https:\/\/kolibrici.hr\/index.php\/wp-json\/wp\/v2\/media?parent=375"}],"curies":[{"name":"wp","href":"https:\/\/api.w.org\/{rel}","templated":true}]}}