{"id":377,"date":"2023-12-07T09:04:01","date_gmt":"2023-12-07T09:04:01","guid":{"rendered":"https:\/\/kolibrici.hr\/index.php\/knjiznice-grada-zagreba\/"},"modified":"2023-12-07T09:04:33","modified_gmt":"2023-12-07T09:04:33","slug":"knjiznice-grada-zagreba","status":"publish","type":"page","link":"https:\/\/kolibrici.hr\/index.php\/knjiznice-grada-zagreba\/","title":{"rendered":"Knji\u017enice grada Zagreba"},"content":{"rendered":"<div class=\"\" style=\"\" >\n  \n    <section class=\"u-align-left u-clearfix u-section-1\" id=\"sec-0195\">\n      <div class=\"u-clearfix u-sheet u-valign-middle u-sheet-1\">\n        <div class=\"fr-view u-clearfix u-rich-text u-text u-text-1\">\n          <h1>\n            <span style=\"line-height: 2.0;\">\n              <span class=\"u-text-palette-3-base\">Besplatno u\u010dlanjenje u knji\u017enice Grada Zagreba<\/span>\n            <\/span>\n          <\/h1>\n          <p id=\"isPasted\">Pravo na besplatan upis u knji\u017enicu imaju osobe s invaliditetom, prognanici te primatelji socijalne pomo\u0107i, uz predo\u010denje odgovaraju\u0107eg dokumenta (\u010dlanske iskaznice registriranih udruga ili potvrde nadle\u017enih ustanova.<\/p>\n          <p>Od 1. sije\u010dnja 2017. upis u Knji\u017enice grada Zagreba je besplatan za djecu od ro\u0111enja do konca godine u kojoj navr\u0161avaju 15 godina, a koja imaju prebivali\u0161te u gradu Zagrebu ili gradu Zapre\u0161i\u0107u. Ostali uvjeti upisa mogu se pogledati u <a class=\"u-active-none u-border-none u-btn u-button-style u-hover-none u-none u-text-palette-1-base\" href=\"https:\/\/www.kgz.hr\/hr\/informacije\/upisi-i-posudba-196\/196\" rel=\"noopener noreferrer\" target=\"_blank\">\n              <span class=\"u-text-palette-3-base\">Pravilima Knji\u017enica grada Zagreba<\/span>\n            <\/a>.\n          <\/p>\n          <p>\n            <a class=\"u-active-none u-border-none u-btn u-button-style u-hover-none u-none u-text-palette-1-base u-btn-2\" href=\"https:\/\/www.katalog.kgz.hr\/pagesMisc\/katalog.aspx\" rel=\"noopener noreferrer\" target=\"_blank\">\n              <span class=\"u-text-palette-3-base\">Pretra\u017ei katalog KGZ<\/span>\n            <\/a>\n          <\/p>\n          <p style=\"text-align: left;\">\n            <span style=\"font-style: italic;\">&nbsp;<\/span>\n          <\/p>\n        <\/div>\n      <\/div>\n    <\/section>\n    \n    \n    \n    \n  \n<\/div>","protected":false},"excerpt":{"rendered":"<p>Besplatno u\u010dlanjenje u knji\u017enice Grada Zagreba Pravo na besplatan upis u knji\u017enicu imaju osobe s invaliditetom, prognanici te primatelji socijalne pomo\u0107i, uz predo\u010denje odgovaraju\u0107eg dokumenta (\u010dlanske iskaznice registriranih udruga ili potvrde nadle\u017enih ustanova. Od 1. sije\u010dnja 2017. upis u Knji\u017enice grada Zagreba je besplatan za djecu od ro\u0111enja do konca godine u kojoj navr\u0161avaju 15 [&hellip;]<\/p>\n","protected":false},"author":1,"featured_media":0,"parent":0,"menu_order":39,"comment_status":"closed","ping_status":"closed","template":"","meta":{"footnotes":""},"_links":{"self":[{"href":"https:\/\/kolibrici.hr\/index.php\/wp-json\/wp\/v2\/pages\/377"}],"collection":[{"href":"https:\/\/kolibrici.hr\/index.php\/wp-json\/wp\/v2\/pages"}],"about":[{"href":"https:\/\/kolibrici.hr\/index.php\/wp-json\/wp\/v2\/types\/page"}],"author":[{"embeddable":true,"href":"https:\/\/kolibrici.hr\/index.php\/wp-json\/wp\/v2\/users\/1"}],"replies":[{"embeddable":true,"href":"https:\/\/kolibrici.hr\/index.php\/wp-json\/wp\/v2\/comments?post=377"}],"version-history":[{"count":1,"href":"https:\/\/kolibrici.hr\/index.php\/wp-json\/wp\/v2\/pages\/377\/revisions"}],"predecessor-version":[{"id":514,"href":"https:\/\/kolibrici.hr\/index.php\/wp-json\/wp\/v2\/pages\/377\/revisions\/514"}],"wp:attachment":[{"href":"https:\/\/kolibrici.hr\/index.php\/wp-json\/wp\/v2\/media?parent=377"}],"curies":[{"name":"wp","href":"https:\/\/api.w.org\/{rel}","templated":true}]}}