{"id":380,"date":"2023-12-07T09:04:04","date_gmt":"2023-12-07T09:04:04","guid":{"rendered":"https:\/\/kolibrici.hr\/index.php\/bolnicko-lijecenje-medicinsko\/"},"modified":"2023-12-07T09:04:34","modified_gmt":"2023-12-07T09:04:34","slug":"bolnicko-lijecenje-medicinsko","status":"publish","type":"page","link":"https:\/\/kolibrici.hr\/index.php\/bolnicko-lijecenje-medicinsko\/","title":{"rendered":"Bolni\u010dko lije\u010denje medicinsko"},"content":{"rendered":"<div class=\"\" style=\"\" >\n  \n    <section class=\"u-align-left u-clearfix u-section-1\" id=\"sec-9964\">\n      <div class=\"u-clearfix u-sheet u-valign-middle u-sheet-1\">\n        <div class=\"fr-view u-clearfix u-rich-text u-text u-text-1\">\n          <h1>\n            <span class=\"u-text-palette-3-base\">Bolni\u010dko&nbsp;<\/span>\n            <span class=\"u-text-palette-3-base\">lije\u010denje medicinskom rehabilitacijom<\/span>\n          <\/h1>\n          <p id=\"isPasted\">\n            <span class=\"u-text-palette-3-base\">(npr. Thalassoterapija)<\/span>\n          <\/p>\n          <p>Cilj bolni\u010dkog lije\u010denja medicinskom rehabilitacijom je pobolj\u0161anje zdravstvenog stanja kod odre\u0111enih bolesti i dijagnoza. U Hrvatskoj, osiguranici Hrvatskog zavoda za zdravstveno osiguranje (u daljenjem tekstu: HZZO), u okviru prava iz obveznog zdravstvenog osiguranja, mogu na lije\u010denje i oporavak u specijalne bolnice za lije\u010denje medicinskom rehabilitacijom (toplice) na teret HZZO-a, no prema propisanim uvjetima Pravilnika o uvjetima i na\u010dinu ostvarivanja prava iz obveznog zdravstvenog osiguranja za bolni\u010dko lije\u010denje medicinskom rehabilitacijom i fizikalnom terapijom u ku\u0107i.<\/p>\n          <p>Osigurana osoba Zavoda ostvaruje pravo na bolni\u010dko lije\u010denje medicinskom rehabilitacijom na osnovi bolesti, bolesnih stanja i posljedica ozljeda navedenih u Popisu bolesti, bolesnih stanja i posljedica ozljeda za odobravanje bolni\u010dke medicinske rehabilitacije (Vidi Pravilnik).<\/p>\n          <p>Prijedlog za po\u010detnu medicinsku rehabilitaciju, daje doktor specijalist odgovaraju\u0107e specijalnosti, bolnice za lije\u010denje akutnih bolesti, u kojoj se osigurana osoba lije\u010di. Odobrenje za po\u010detnu bolni\u010dku medicinsku rehabilitaciju, &nbsp;daje ovla\u0161teni doktor Zavoda.<\/p>\n          <p>\n            <span class=\"u-text-palette-3-base\" style=\"font-weight: 700;\">Vrste i trajanje bolni\u010dke medicinske rehabilitacije<\/span>\n          <\/p>\n          <p>Radi provo\u0111enja po\u010detne bolni\u010dke medicinske rehabilitacije, osiguranoj osobi odobrava se boravak u ugovornoj specijalnoj bolnici za medicinsku rehabilitaciju, u pravilu, u trajanju od 21 dan, a ugovorna specijalna bolnica za medicinsku rehabilitaciju obvezna je bolni\u010dku medicinsku rehabilitaciju osiguranoj osobi provoditi svakodnevno tijekom cijelog radnog tjedna.<\/p>\n          <p>Osigurana osoba mo\u017ee samo jedanput u istoj kalendarskoj godini ostvariti pravo na odr\u017eavaju\u0107u bolni\u010dku medicinsku rehabilitaciju zbog iste bolesti.<\/p>\n          <p>Osigurana osoba bolni\u010dku medicinsku rehabilitaciju ostvaruje u pravilu, u&nbsp;najbli\u017eoj specijalnoj bolnici za medicinsku rehabilitaciju prema mjestu njezinog prebivali\u0161ta,&nbsp;odnosno boravka koja sa Zavodom ima ugovorenu i osiguranoj osobi mo\u017ee pru\u017eiti tra\u017eenu zdravstvenu za\u0161titu, kada je takvo lije\u010denje medicinski opravdano.<\/p>\n          <p>Sukladno \u010dlanku 20. Pravilnika, osigurana osoba koja je nezadovoljna mi\u0161ljenjem, nalazom i ocjenom ovla\u0161tenog doktora Zavoda, kojom joj je odobreno ili uskra\u0107eno odobrenje za provo\u0111enje bolni\u010dke medicinske rehabilitacije, na njezin zahtjev podru\u010dni ured Zavoda nadle\u017ean prema mjestu njezinog prebivali\u0161ta, odnosno boravka, odnosno podru\u010dni ured Zavoda prema sjedi\u0161tu ugovorne specijalne bolnice za medicinsku rehabilitaciju izdat \u0107e pisano rje\u0161enje u kojem \u0107e navesti zbog kojih razloga je odobrio ili uskratio odobrenje za provo\u0111enje bolni\u010dke medicinske rehabilitacije. Na spomenuto rje\u0161enje, osigurana osoba ima pravo \u017ealbe sukladno Zakonu o op\u0107em upravnom postupku.<\/p>\n          <p>&nbsp;<\/p>\n          <p>\n            <a class=\"u-active-none u-border-none u-btn u-button-style u-hover-none u-none u-text-palette-1-base\" href=\"https:\/\/hzzo.hr\/wp-content\/uploads\/2014\/04\/03_procisceni.pdf?b52815\" rel=\"noopener noreferrer\" target=\"_blank\">\n              <span class=\"u-text-palette-3-base\">PRAVILNIK<\/span>\n            <\/a>\n          <\/p>\n        <\/div>\n      <\/div>\n    <\/section>\n    \n    \n    \n    \n  \n<\/div>","protected":false},"excerpt":{"rendered":"<p>Bolni\u010dko&nbsp; lije\u010denje medicinskom rehabilitacijom (npr. Thalassoterapija) Cilj bolni\u010dkog lije\u010denja medicinskom rehabilitacijom je pobolj\u0161anje zdravstvenog stanja kod odre\u0111enih bolesti i dijagnoza. U Hrvatskoj, osiguranici Hrvatskog zavoda za zdravstveno osiguranje (u daljenjem tekstu: HZZO), u okviru prava iz obveznog zdravstvenog osiguranja, mogu na lije\u010denje i oporavak u specijalne bolnice za lije\u010denje medicinskom rehabilitacijom (toplice) na teret HZZO-a, [&hellip;]<\/p>\n","protected":false},"author":1,"featured_media":0,"parent":0,"menu_order":42,"comment_status":"closed","ping_status":"closed","template":"","meta":{"footnotes":""},"_links":{"self":[{"href":"https:\/\/kolibrici.hr\/index.php\/wp-json\/wp\/v2\/pages\/380"}],"collection":[{"href":"https:\/\/kolibrici.hr\/index.php\/wp-json\/wp\/v2\/pages"}],"about":[{"href":"https:\/\/kolibrici.hr\/index.php\/wp-json\/wp\/v2\/types\/page"}],"author":[{"embeddable":true,"href":"https:\/\/kolibrici.hr\/index.php\/wp-json\/wp\/v2\/users\/1"}],"replies":[{"embeddable":true,"href":"https:\/\/kolibrici.hr\/index.php\/wp-json\/wp\/v2\/comments?post=380"}],"version-history":[{"count":1,"href":"https:\/\/kolibrici.hr\/index.php\/wp-json\/wp\/v2\/pages\/380\/revisions"}],"predecessor-version":[{"id":517,"href":"https:\/\/kolibrici.hr\/index.php\/wp-json\/wp\/v2\/pages\/380\/revisions\/517"}],"wp:attachment":[{"href":"https:\/\/kolibrici.hr\/index.php\/wp-json\/wp\/v2\/media?parent=380"}],"curies":[{"name":"wp","href":"https:\/\/api.w.org\/{rel}","templated":true}]}}