{"id":390,"date":"2023-12-07T09:04:14","date_gmt":"2023-12-07T09:04:14","guid":{"rendered":"https:\/\/kolibrici.hr\/index.php\/pravo-na-ortopedska-i-druga\/"},"modified":"2023-12-07T09:04:35","modified_gmt":"2023-12-07T09:04:35","slug":"pravo-na-ortopedska-i-druga","status":"publish","type":"page","link":"https:\/\/kolibrici.hr\/index.php\/pravo-na-ortopedska-i-druga\/","title":{"rendered":"Pravo na ortopedska i druga"},"content":{"rendered":"<div class=\"\" style=\"\" >\n  \n    <section class=\"u-clearfix u-section-1\" id=\"sec-d63b\">\n      <div class=\"u-clearfix u-sheet u-sheet-1\"><\/div>\n    <\/section>\n    <section class=\"u-align-left u-clearfix u-section-2\" id=\"sec-357d\">\n      <div class=\"u-clearfix u-sheet u-valign-middle u-sheet-1\">\n        <div class=\"fr-view u-clearfix u-rich-text u-text u-text-1\">\n          <h1 style=\"text-align: left;\">\n            <span class=\"u-text-palette-3-base\">Pravo na ortopedska i druga pomagala<\/span>\n          <\/h1>\n          <p id=\"isPasted\">Pravilnikom se propisuju uvjeti i na\u010din ostvarivanja prava iz osnovnoga zdravstvenog osiguranja na:<\/p>\n          <ul>\n            <li>ortopedska i druga pomagala, o\u010dna pomagala, tiflotehni\u010dka pomagala, slu\u0161na pomagala, surdotehni\u010dka pomagala, govorna pomagala, dodirna pomagala i stomatolo\u0161ka pomagala (u daljnjem tekstu: pomagala)<\/li>\n            <li>popravak pomagala<\/li>\n            <li>rezervne dijelove pomagala<\/li>\n            <li>potro\u0161ni materijal za pomagala.<\/li>\n          <\/ul>\n          <p>&nbsp;<\/p>\n          <p>Pomagalo propisuje izabrani doktor primarne zdravstvene za\u0161tite (op\u0107e\/obiteljske medicine, pedijatrije i stomatologije) a na osnovu prijedloga specijalista. &nbsp;Za neka pomagala nije potrebno odobrenje nadle\u017enog lije\u010dni\u010dkog povjerenstva HZZO-a.<\/p>\n          <p>Ukoliko je za ostvarivanje prava na pomagalo potrebno&nbsp;odobrenje lije\u010dni\u010dkog povjerenstva&nbsp;HZZO-a, izabrani doktor propisuje pomagalo na odgovaraju\u0107oj tiskanici, koju zajedno s medicinskom dokumentacijom i potankim obrazlo\u017eenjem medicinske indikacije za pomagalo, te tehni\u010dkom dokumentacijom osigurana osoba dostavlja na odobrenje nadle\u017enom lije\u010dni\u010dkom povjerenstvu HZZO-a.<\/p>\n          <p>Iznimno,osigurana osoba mo\u017ee, na prijedlog nadle\u017enog doktora, ostvariti pravo na&nbsp;pomagala koja nisu utvr\u0111ena u Popisu pomagala, a koja su se osiguranim osobama odobravala prije stupanja na snagu ovog Pravilnika. Prijedlog, propisuje nadle\u017eni doktor (specijalist ili izabrani doktor) na tiskanici potvrde o pomagalu, te zajedno s medicinskom dokumentacijom i potankim obrazlo\u017eenjem medicinske indikacije za pomagalo, osigurana osoba dostavlja na odobrenje lije\u010dni\u010dkom povjerenstvu za pomagala&nbsp;Direkcije&nbsp;(adresa: Margaretska 8,Zagreb) neposredno ili putem podru\u010dnog ureda Zavoda prema mjestu svog prebivali\u0161ta.<\/p>\n          <p>\n            <span class=\"u-text-palette-3-base\" style=\"font-weight: 700;\">Uvjeti i na\u010din ostvarivanja prava na pomagala<\/span>\n          <\/p>\n          <p>Osigurana osoba &nbsp;ima pravo na pomagalo ako ispunjava uvjet prethodnog obveznog zdravstvenog osiguranja u HZZO-u u trajanju od najmanje 9 mjeseci neprekidno, odnosno 12 mjeseci s prekidima u posljednje dvije godine prije nastupa potrebe za pomagalom, ako me\u0111udr\u017eavnim ugovorom nije druk\u010dije propisano.<\/p>\n          <p>Iznimno, osigurana osoba \u2013&nbsp;dijete do navr\u0161ene 18. godine \u017eivota, osigurana osoba sa smetnjama u du\u0161evnom i tjelesnom razvoju koja je nesposobna za samostalan \u017eivot i rad ne mora ispunjavati uvjet prethodnog osiguranja u Zavodu<\/p>\n          <p>Osiguranoj osobi Zavod osigurava pomagalo odgovaraju\u0107eg standarda i kvalitete u vrijednosti propisanoj u Popisu pomagala.<\/p>\n          <p>Ako osigurana osoba kod ugovornog isporu\u010ditelja nabavi pomagalo ve\u0107e vrijednosti, razliku u cijeni pomagala kao i cijenu popravka tog pomagala snosi osobno<\/p>\n          <p>Rokovi uporabe pomagala odre\u0111uju se prema dobnim skupinama osiguranih osoba kako slijedi:<\/p>\n          <ol start=\"7\" style=\"box-sizing: border-box; margin: 0px 0px 20px 15px; padding: 0px; border: 0px rgb(0, 0, 0); font-style: normal; font-variant-ligatures: normal; font-variant-caps: normal; font-variant-numeric: inherit; font-variant-east-asian: inherit; font-weight: 400; font-stretch: inherit; font-size: 15px; line-height: inherit; font-family: &quot;open sans&quot;, Helvetica, Arial, sans-serif; vertical-align: baseline; list-style: decimal; color: rgb(0, 0, 0); letter-spacing: normal; orphans: 2; text-align: start; text-indent: 0px; text-transform: none; white-space: normal; widows: 2; word-spacing: 0px; -webkit-text-stroke-width: 0px; background-color: rgb(248, 248, 248); text-decoration-thickness: initial; text-decoration-style: initial; text-decoration-color: initial;\">\n            <li style=\"box-sizing: border-box; margin: 0px 0px 0px 1em; padding: 3px 0px; border: 0px rgb(0, 0, 0); font: inherit; vertical-align: baseline;\">\u2013 do navr\u0161ene 7. godine \u017eivota<\/li>\n            <li style=\"box-sizing: border-box; margin: 0px 0px 0px 1em; padding: 3px 0px; border: 0px rgb(0, 0, 0); font: inherit; vertical-align: baseline;\">\u2013 od navr\u0161ene 7. do navr\u0161enih 18 godina \u017eivota<\/li>\n          <\/ol>\n          <p>III. \u2013 iznad 18. godine \u017eivota<\/p>\n          <p>\n            <span>\n              <span class=\"u-text-palette-3-base\">Rokovi<\/span>\n            <\/span>\n          <\/p>\n          <p>Tiskanica potvrde o pomagalu vrijedi 30 dana od dana propisivanja, odnosno 30 dana od dana odobrenja lije\u010dni\u010dkog povjerenstva za pomagala Direkcije Zavoda,&nbsp;lije\u010dni\u010dkog povjerenstva&nbsp;Zavoda ili ovla\u0161tenog radnika Zavoda ovisno o tome tko odobrava pomagalo, te je u tom roku osigurana osoba obvezna naru\u010diti propisano pomagalo kod ugovornog isporu\u010ditelja.<\/p>\n          <p>Ugovorni isporu\u010ditelj obvezan je pomagalo isporu\u010diti odmah, odnosno najkasnije u roku od 30 dana od dana narud\u017ebe, ako ugovorom nije druk\u010dije utvr\u0111eno<\/p>\n          <p>Osiguranoj osobi koja se nalazi na bolni\u010dkom lije\u010denju ili bolni\u010dkoj medicinskoj rehabilitaciji zdravstvena ustanova obvezna je osigurati sva potrebna pomagala i potro\u0161ne materijale u skladu s ugovorenim standardom zdravstvene za\u0161tite iz obveznog zdravstvenog osiguranja.<\/p>\n          <p>Doktor odgovaraju\u0107e specijalnosti u nadle\u017enoj bolni\u010dkoj zdravstvenoj ustanovi obvezan je najmanje 7 dana prije otpusta s bolni\u010dkog lije\u010denja osiguranoj osobi prema medicinskoj indikaciji utvr\u0111enoj ovim Pravilnikom predlo\u017eiti sva potrebna pomagala koja \u0107e koristiti nakon izlaska iz bolni\u010dke zdravstvene ustanove.<\/p>\n          <p>\n            <span class=\"u-text-palette-3-base\">Propisana pomagala obvezno se navode u otpusnom pismu.<\/span>\n          <\/p>\n          <p>Na osnovi ovjerene potvrde o pomagalu (DOZNAKE),osigurana osoba nabavlja takvo pomagalo pri ugovornim ljekarnama odnosno kod ugovornog isporu\u010ditelja pomagala.<\/p>\n          <p>&nbsp;<\/p>\n          <p>\n            <span class=\"u-text-palette-3-base\">Pravilnik o ortopedskim i drugim pomagalima<\/span>\n          <\/p>\n        <\/div>\n      <\/div>\n    <\/section>\n    \n    \n    \n    \n  \n<\/div>","protected":false},"excerpt":{"rendered":"<p>Pravo na ortopedska i druga pomagala Pravilnikom se propisuju uvjeti i na\u010din ostvarivanja prava iz osnovnoga zdravstvenog osiguranja na: ortopedska i druga pomagala, o\u010dna pomagala, tiflotehni\u010dka pomagala, slu\u0161na pomagala, surdotehni\u010dka pomagala, govorna pomagala, dodirna pomagala i stomatolo\u0161ka pomagala (u daljnjem tekstu: pomagala) popravak pomagala rezervne dijelove pomagala potro\u0161ni materijal za pomagala. &nbsp; Pomagalo propisuje izabrani [&hellip;]<\/p>\n","protected":false},"author":1,"featured_media":0,"parent":0,"menu_order":52,"comment_status":"closed","ping_status":"closed","template":"","meta":{"footnotes":""},"_links":{"self":[{"href":"https:\/\/kolibrici.hr\/index.php\/wp-json\/wp\/v2\/pages\/390"}],"collection":[{"href":"https:\/\/kolibrici.hr\/index.php\/wp-json\/wp\/v2\/pages"}],"about":[{"href":"https:\/\/kolibrici.hr\/index.php\/wp-json\/wp\/v2\/types\/page"}],"author":[{"embeddable":true,"href":"https:\/\/kolibrici.hr\/index.php\/wp-json\/wp\/v2\/users\/1"}],"replies":[{"embeddable":true,"href":"https:\/\/kolibrici.hr\/index.php\/wp-json\/wp\/v2\/comments?post=390"}],"version-history":[{"count":1,"href":"https:\/\/kolibrici.hr\/index.php\/wp-json\/wp\/v2\/pages\/390\/revisions"}],"predecessor-version":[{"id":527,"href":"https:\/\/kolibrici.hr\/index.php\/wp-json\/wp\/v2\/pages\/390\/revisions\/527"}],"wp:attachment":[{"href":"https:\/\/kolibrici.hr\/index.php\/wp-json\/wp\/v2\/media?parent=390"}],"curies":[{"name":"wp","href":"https:\/\/api.w.org\/{rel}","templated":true}]}}